{"id":38853,"date":"2025-10-08T14:55:19","date_gmt":"2025-10-08T17:55:19","guid":{"rendered":"https:\/\/escolhelab.com.br\/?post_type=product&#038;p=38853"},"modified":"2025-10-24T16:13:22","modified_gmt":"2025-10-24T19:13:22","slug":"bstao-de-vidro","status":"publish","type":"product","link":"https:\/\/escolhelab.com.br\/en\/bstao-de-vidro\/","title":{"rendered":"Bst\u00e3o de vidro"},"content":{"rendered":"<h2><span style=\"font-family: helvetica, arial, sans-serif;\">Bst\u00e3o de vidro<\/span><\/h2>\n<ul>\n<li><span style=\"font-family: helvetica, arial, sans-serif;\">Fabricado em Vidro Borosilicato 3.3;<br \/>\n<\/span><span style=\"font-family: helvetica, arial, sans-serif;\">O Bast\u00e3o (ou baqueta) de vidro, consiste de um instrumento feito de vidro maci\u00e7o;<br \/>\n<\/span><span style=\"font-family: helvetica, arial, sans-serif;\">Pontas polidas nas chamas;<br \/>\n<\/span><span style=\"font-family: helvetica, arial, sans-serif;\">Outras medidas sob demanda.<br \/>\n<\/span><span style=\"font-family: helvetica, arial, sans-serif;\">Possui aspecto inerte, n\u00e3o exercendo nenhuma interfer\u00eancia no resultado das an\u00e1lises;<br \/>\n<\/span><span style=\"font-family: helvetica, arial, sans-serif;\">Esteriliz\u00e1vel at\u00e9 121\u00b0C;<br \/>\n<\/span><span style=\"font-family: helvetica, arial, sans-serif;\">Acabamento superior.<\/span><\/li>\n<\/ul>","protected":false},"excerpt":{"rendered":"<p><span style=\"font-family: helvetica, arial, sans-serif;\">Fabricado em Vidro Borosilicato 3.3;<br \/>\n<\/span><span style=\"font-family: helvetica, arial, sans-serif;\">O Bast\u00e3o (ou baqueta) de vidro, consiste de um instrumento feito de vidro maci\u00e7o;<br \/>\n<\/span><span style=\"font-family: helvetica, arial, sans-serif;\">Pontas polidas nas chamas;<br \/>\n<\/span><span style=\"font-family: helvetica, arial, sans-serif;\">Outras medidas sob demanda.<br \/>\n<\/span><span style=\"font-family: helvetica, arial, sans-serif;\">Possui aspecto inerte, n\u00e3o exercendo nenhuma interfer\u00eancia no resultado das an\u00e1lises;<br \/>\n<\/span><span style=\"font-family: helvetica, arial, sans-serif;\">Esteriliz\u00e1vel at\u00e9 121\u00b0C;<br \/>\n<\/span><span style=\"font-family: helvetica, arial, sans-serif;\">Acabamento superior.<\/span><\/p>","protected":false},"featured_media":38851,"comment_status":"closed","ping_status":"closed","template":"","meta":{"_acf_changed":false,"iawp_total_views":15},"product_brand":[],"product_cat":[781,606],"product_tag":[],"class_list":{"0":"post-38853","1":"product","2":"type-product","3":"status-publish","4":"has-post-thumbnail","6":"product_cat-bastao","7":"product_cat-quimico","9":"first","10":"instock","11":"shipping-taxable","12":"purchasable","13":"product-type-variable"},"acf":[],"yoast_head":"<!-- This site is optimized with the Yoast SEO Premium plugin v26.2 (Yoast SEO v27.3) - https:\/\/yoast.com\/product\/yoast-seo-premium-wordpress\/ -->\n<title>Bst\u00e3o de vidro<\/title>\n<meta name=\"description\" content=\"Fabricado em vidro borosilicato 3.3, o bast\u00e3o (ou baqueta) de vidro \u00e9 um instrumento de vidro maci\u00e7o com pontas polidas nas chamas. Outras medidas podem\" \/>\n<meta name=\"robots\" content=\"index, follow, max-snippet:-1, max-image-preview:large, max-video-preview:-1\" \/>\n<link rel=\"canonical\" href=\"https:\/\/escolhelab.com.br\/en\/bstao-de-vidro\/\" \/>\n<meta property=\"og:locale\" content=\"en_US\" \/>\n<meta property=\"og:type\" content=\"article\" \/>\n<meta property=\"og:title\" content=\"Bst\u00e3o de vidro\" \/>\n<meta property=\"og:description\" content=\"Fabricado em vidro borosilicato 3.3, o bast\u00e3o (ou baqueta) de vidro \u00e9 um instrumento de vidro maci\u00e7o com pontas polidas nas chamas. Outras medidas podem\" \/>\n<meta property=\"og:url\" content=\"https:\/\/escolhelab.com.br\/en\/bstao-de-vidro\/\" \/>\n<meta property=\"og:site_name\" content=\"Loja de produtos para laboratorio\" \/>\n<meta property=\"article:modified_time\" content=\"2025-10-24T19:13:22+00:00\" \/>\n<meta property=\"og:image\" content=\"https:\/\/escolhelab.com.br\/wp-content\/uploads\/2025\/10\/bastao-de-vidro-escolhelab-com-br.png\" \/>\n\t<meta property=\"og:image:width\" content=\"700\" \/>\n\t<meta property=\"og:image:height\" content=\"800\" \/>\n\t<meta property=\"og:image:type\" content=\"image\/png\" \/>\n<meta name=\"twitter:card\" content=\"summary_large_image\" \/>\n<meta name=\"twitter:label1\" content=\"Est. reading time\" \/>\n\t<meta name=\"twitter:data1\" content=\"1 minute\" \/>\n<script type=\"application\/ld+json\" class=\"yoast-schema-graph\">{\"@context\":\"https:\\\/\\\/schema.org\",\"@graph\":[{\"@type\":\"WebPage\",\"@id\":\"https:\\\/\\\/escolhelab.com.br\\\/bstao-de-vidro\\\/\",\"url\":\"https:\\\/\\\/escolhelab.com.br\\\/bstao-de-vidro\\\/\",\"name\":\"Bst\u00e3o de vidro\",\"isPartOf\":{\"@id\":\"https:\\\/\\\/escolhelab.com.br\\\/#website\"},\"primaryImageOfPage\":{\"@id\":\"https:\\\/\\\/escolhelab.com.br\\\/bstao-de-vidro\\\/#primaryimage\"},\"image\":{\"@id\":\"https:\\\/\\\/escolhelab.com.br\\\/bstao-de-vidro\\\/#primaryimage\"},\"thumbnailUrl\":\"https:\\\/\\\/escolhelab.com.br\\\/wp-content\\\/uploads\\\/2025\\\/10\\\/bastao-de-vidro-escolhelab-com-br.png\",\"datePublished\":\"2025-10-08T17:55:19+00:00\",\"dateModified\":\"2025-10-24T19:13:22+00:00\",\"description\":\"Fabricado em vidro borosilicato 3.3, o bast\u00e3o (ou baqueta) de vidro \u00e9 um instrumento de vidro maci\u00e7o com pontas polidas nas chamas. Outras medidas podem\",\"breadcrumb\":{\"@id\":\"https:\\\/\\\/escolhelab.com.br\\\/bstao-de-vidro\\\/#breadcrumb\"},\"inLanguage\":\"en-US\",\"potentialAction\":[{\"@type\":\"ReadAction\",\"target\":[\"https:\\\/\\\/escolhelab.com.br\\\/bstao-de-vidro\\\/\"]}]},{\"@type\":\"ImageObject\",\"inLanguage\":\"en-US\",\"@id\":\"https:\\\/\\\/escolhelab.com.br\\\/bstao-de-vidro\\\/#primaryimage\",\"url\":\"https:\\\/\\\/escolhelab.com.br\\\/wp-content\\\/uploads\\\/2025\\\/10\\\/bastao-de-vidro-escolhelab-com-br.png\",\"contentUrl\":\"https:\\\/\\\/escolhelab.com.br\\\/wp-content\\\/uploads\\\/2025\\\/10\\\/bastao-de-vidro-escolhelab-com-br.png\",\"width\":700,\"height\":800,\"caption\":\"bastao-de-vidro-escolhelab-com-br\"},{\"@type\":\"BreadcrumbList\",\"@id\":\"https:\\\/\\\/escolhelab.com.br\\\/bstao-de-vidro\\\/#breadcrumb\",\"itemListElement\":[{\"@type\":\"ListItem\",\"position\":1,\"name\":\"In\u00edcio\",\"item\":\"https:\\\/\\\/escolhelab.com.br\\\/\"},{\"@type\":\"ListItem\",\"position\":2,\"name\":\"loja\",\"item\":\"https:\\\/\\\/escolhelab.com.br\\\/loja\\\/\"},{\"@type\":\"ListItem\",\"position\":3,\"name\":\"Bst\u00e3o de vidro\"}]},{\"@type\":\"WebSite\",\"@id\":\"https:\\\/\\\/escolhelab.com.br\\\/#website\",\"url\":\"https:\\\/\\\/escolhelab.com.br\\\/\",\"name\":\"Loja de produtos para laboratorio\",\"description\":\"Produtos para Laborat\u00f3rio,Artigos e outros na loja do quimico\",\"publisher\":{\"@id\":\"https:\\\/\\\/escolhelab.com.br\\\/#organization\"},\"alternateName\":\"escolhelab\",\"potentialAction\":[{\"@type\":\"SearchAction\",\"target\":{\"@type\":\"EntryPoint\",\"urlTemplate\":\"https:\\\/\\\/escolhelab.com.br\\\/?s={search_term_string}\"},\"query-input\":{\"@type\":\"PropertyValueSpecification\",\"valueRequired\":true,\"valueName\":\"search_term_string\"}}],\"inLanguage\":\"en-US\"},{\"@type\":\"Organization\",\"@id\":\"https:\\\/\\\/escolhelab.com.br\\\/#organization\",\"name\":\"loja escolhelab\",\"alternateName\":\"escolhelab\",\"url\":\"https:\\\/\\\/escolhelab.com.br\\\/\",\"logo\":{\"@type\":\"ImageObject\",\"inLanguage\":\"en-US\",\"@id\":\"https:\\\/\\\/escolhelab.com.br\\\/#\\\/schema\\\/logo\\\/image\\\/\",\"url\":\"https:\\\/\\\/escolhelab.com.br\\\/wp-content\\\/uploads\\\/2024\\\/12\\\/icone-e-512-512escolhelab-com-br-2-800x800.png\",\"contentUrl\":\"https:\\\/\\\/escolhelab.com.br\\\/wp-content\\\/uploads\\\/2024\\\/12\\\/icone-e-512-512escolhelab-com-br-2-800x800.png\",\"width\":800,\"height\":800,\"caption\":\"loja escolhelab\"},\"image\":{\"@id\":\"https:\\\/\\\/escolhelab.com.br\\\/#\\\/schema\\\/logo\\\/image\\\/\"}}]}<\/script>\n<!-- \/ Yoast SEO Premium plugin. -->","yoast_head_json":{"title":"Bst\u00e3o de vidro","description":"Fabricado em vidro borosilicato 3.3, o bast\u00e3o (ou baqueta) de vidro \u00e9 um instrumento de vidro maci\u00e7o com pontas polidas nas chamas. Outras medidas podem","robots":{"index":"index","follow":"follow","max-snippet":"max-snippet:-1","max-image-preview":"max-image-preview:large","max-video-preview":"max-video-preview:-1"},"canonical":"https:\/\/escolhelab.com.br\/en\/bstao-de-vidro\/","og_locale":"en_US","og_type":"article","og_title":"Bst\u00e3o de vidro","og_description":"Fabricado em vidro borosilicato 3.3, o bast\u00e3o (ou baqueta) de vidro \u00e9 um instrumento de vidro maci\u00e7o com pontas polidas nas chamas. Outras medidas podem","og_url":"https:\/\/escolhelab.com.br\/en\/bstao-de-vidro\/","og_site_name":"Loja de produtos para laboratorio","article_modified_time":"2025-10-24T19:13:22+00:00","og_image":[{"width":700,"height":800,"url":"https:\/\/escolhelab.com.br\/wp-content\/uploads\/2025\/10\/bastao-de-vidro-escolhelab-com-br.png","type":"image\/png"}],"twitter_card":"summary_large_image","twitter_misc":{"Est. reading time":"1 minute"},"schema":{"@context":"https:\/\/schema.org","@graph":[{"@type":"WebPage","@id":"https:\/\/escolhelab.com.br\/bstao-de-vidro\/","url":"https:\/\/escolhelab.com.br\/bstao-de-vidro\/","name":"Bst\u00e3o de vidro","isPartOf":{"@id":"https:\/\/escolhelab.com.br\/#website"},"primaryImageOfPage":{"@id":"https:\/\/escolhelab.com.br\/bstao-de-vidro\/#primaryimage"},"image":{"@id":"https:\/\/escolhelab.com.br\/bstao-de-vidro\/#primaryimage"},"thumbnailUrl":"https:\/\/escolhelab.com.br\/wp-content\/uploads\/2025\/10\/bastao-de-vidro-escolhelab-com-br.png","datePublished":"2025-10-08T17:55:19+00:00","dateModified":"2025-10-24T19:13:22+00:00","description":"Fabricado em vidro borosilicato 3.3, o bast\u00e3o (ou baqueta) de vidro \u00e9 um instrumento de vidro maci\u00e7o com pontas polidas nas chamas. Outras medidas podem","breadcrumb":{"@id":"https:\/\/escolhelab.com.br\/bstao-de-vidro\/#breadcrumb"},"inLanguage":"en-US","potentialAction":[{"@type":"ReadAction","target":["https:\/\/escolhelab.com.br\/bstao-de-vidro\/"]}]},{"@type":"ImageObject","inLanguage":"en-US","@id":"https:\/\/escolhelab.com.br\/bstao-de-vidro\/#primaryimage","url":"https:\/\/escolhelab.com.br\/wp-content\/uploads\/2025\/10\/bastao-de-vidro-escolhelab-com-br.png","contentUrl":"https:\/\/escolhelab.com.br\/wp-content\/uploads\/2025\/10\/bastao-de-vidro-escolhelab-com-br.png","width":700,"height":800,"caption":"bastao-de-vidro-escolhelab-com-br"},{"@type":"BreadcrumbList","@id":"https:\/\/escolhelab.com.br\/bstao-de-vidro\/#breadcrumb","itemListElement":[{"@type":"ListItem","position":1,"name":"In\u00edcio","item":"https:\/\/escolhelab.com.br\/"},{"@type":"ListItem","position":2,"name":"loja","item":"https:\/\/escolhelab.com.br\/loja\/"},{"@type":"ListItem","position":3,"name":"Bst\u00e3o de vidro"}]},{"@type":"WebSite","@id":"https:\/\/escolhelab.com.br\/#website","url":"https:\/\/escolhelab.com.br\/","name":"Loja de produtos para laboratorio","description":"Produtos para Laborat\u00f3rio,Artigos e outros na loja do quimico","publisher":{"@id":"https:\/\/escolhelab.com.br\/#organization"},"alternateName":"escolhelab","potentialAction":[{"@type":"SearchAction","target":{"@type":"EntryPoint","urlTemplate":"https:\/\/escolhelab.com.br\/?s={search_term_string}"},"query-input":{"@type":"PropertyValueSpecification","valueRequired":true,"valueName":"search_term_string"}}],"inLanguage":"en-US"},{"@type":"Organization","@id":"https:\/\/escolhelab.com.br\/#organization","name":"loja escolhelab","alternateName":"escolhelab","url":"https:\/\/escolhelab.com.br\/","logo":{"@type":"ImageObject","inLanguage":"en-US","@id":"https:\/\/escolhelab.com.br\/#\/schema\/logo\/image\/","url":"https:\/\/escolhelab.com.br\/wp-content\/uploads\/2024\/12\/icone-e-512-512escolhelab-com-br-2-800x800.png","contentUrl":"https:\/\/escolhelab.com.br\/wp-content\/uploads\/2024\/12\/icone-e-512-512escolhelab-com-br-2-800x800.png","width":800,"height":800,"caption":"loja escolhelab"},"image":{"@id":"https:\/\/escolhelab.com.br\/#\/schema\/logo\/image\/"}}]}},"tiered_pricing_type":"fixed","tiered_pricing_fixed_rules":[],"tiered_pricing_product_settings":{"layout":"default","base_unit_name":{"singular":null,"plural":null},"default_variation":null},"tiered_pricing_minimum_quantity":null,"tiered_pricing_roles_data":[],"tiered_pricing_percentage_rules":[],"tiered_pricing_maximum_quantity":null,"tiered_pricing_quantity_step":null,"_links":{"self":[{"href":"https:\/\/escolhelab.com.br\/en\/wp-json\/wp\/v2\/product\/38853","targetHints":{"allow":["GET"]}}],"collection":[{"href":"https:\/\/escolhelab.com.br\/en\/wp-json\/wp\/v2\/product"}],"about":[{"href":"https:\/\/escolhelab.com.br\/en\/wp-json\/wp\/v2\/types\/product"}],"replies":[{"embeddable":true,"href":"https:\/\/escolhelab.com.br\/en\/wp-json\/wp\/v2\/comments?post=38853"}],"version-history":[{"count":0,"href":"https:\/\/escolhelab.com.br\/en\/wp-json\/wp\/v2\/product\/38853\/revisions"}],"wp:featuredmedia":[{"embeddable":true,"href":"https:\/\/escolhelab.com.br\/en\/wp-json\/wp\/v2\/media\/38851"}],"wp:attachment":[{"href":"https:\/\/escolhelab.com.br\/en\/wp-json\/wp\/v2\/media?parent=38853"}],"wp:term":[{"taxonomy":"product_brand","embeddable":true,"href":"https:\/\/escolhelab.com.br\/en\/wp-json\/wp\/v2\/product_brand?post=38853"},{"taxonomy":"product_cat","embeddable":true,"href":"https:\/\/escolhelab.com.br\/en\/wp-json\/wp\/v2\/product_cat?post=38853"},{"taxonomy":"product_tag","embeddable":true,"href":"https:\/\/escolhelab.com.br\/en\/wp-json\/wp\/v2\/product_tag?post=38853"}],"curies":[{"name":"wp","href":"https:\/\/api.w.org\/{rel}","templated":true}]}}