{"id":39505,"date":"2025-10-28T16:42:33","date_gmt":"2025-10-28T19:42:33","guid":{"rendered":"https:\/\/escolhelab.com.br\/?post_type=product&#038;p=39505"},"modified":"2025-11-03T12:02:26","modified_gmt":"2025-11-03T15:02:26","slug":"tubo-de-gardner-2-tracos","status":"publish","type":"product","link":"https:\/\/escolhelab.com.br\/en\/tubo-de-gardner-2-tracos\/","title":{"rendered":"Tubo de Gardner 2 tra\u00e7os"},"content":{"rendered":"<h2 class=\"product_title entry-title wd-entities-title\">Tubo de Gardner 2 tra\u00e7os<\/h2>\n<p><span style=\"font-family: helvetica, arial, sans-serif;\">Tubo de Gardner 2 tra\u00e7os \u00e9 um tipo de viscos\u00edmetro de bolha, tamb\u00e9m descritos como tubos de Gardner-Holdt.<\/span><br \/>\n<span style=\"font-family: helvetica, arial, sans-serif;\">O conjunto de viscos\u00edmetro de bolha s\u00e3o tubos de bolhas para compara\u00e7\u00e3o em um disposto nas faixas de viscosidade para realizar o teste.<\/span><br \/>\n<span style=\"font-family: helvetica, arial, sans-serif;\">Compre junto com seus Tubos de Gardner as<strong><span style=\"font-size: 14pt;\">\u00a0<a href=\"https:\/\/escolhelab.com.br\/en\/rolha-para-tubo-gardner-em-cortica\/\">Rolhas de Corti\u00e7a.<\/a><\/span><\/strong><\/span><\/p>\n<p><span style=\"font-family: helvetica, arial, sans-serif;\"><strong>Fale conosco<\/strong><\/span><\/p>\n<p><span style=\"font-family: helvetica, arial, sans-serif;\">A Loja do Qu\u00edmico te ajuda a montar e equipar seu laborat\u00f3rio!<\/span><\/p>\n<p><span style=\"font-family: helvetica, arial, sans-serif;\">Caso voc\u00ea precise de mais informa\u00e7\u00f5es ou tenha qualquer d\u00favida sobre como adquirir nossos produtos, entre em contato atrav\u00e9s de nosso e-mail :vendas@escolhelab.com.br<\/span><\/p>","protected":false},"excerpt":{"rendered":"<p><span style=\"font-family: helvetica, arial, sans-serif;\">Tubo de Gardner 2 tra\u00e7os \u00e9 um tipo de viscos\u00edmetro de bolha, tamb\u00e9m descritos como tubos de Gardner-Holdt.<\/span><br \/>\n<span style=\"font-family: helvetica, arial, sans-serif;\">O conjunto de viscos\u00edmetro de bolha s\u00e3o tubos de bolhas para compara\u00e7\u00e3o em um disposto nas faixas de viscosidade para realizar o teste.<\/span><\/p>","protected":false},"featured_media":39507,"comment_status":"closed","ping_status":"closed","template":"","meta":{"_acf_changed":false,"iawp_total_views":39},"product_brand":[],"product_cat":[606,800,731],"product_tag":[],"class_list":{"0":"post-39505","1":"product","2":"type-product","3":"status-publish","4":"has-post-thumbnail","6":"product_cat-quimico","7":"product_cat-tubo","8":"product_cat-vidarias","9":"product_shipping_class-produtos-laboratorio-quimico","11":"first","12":"instock","13":"shipping-taxable","14":"purchasable","15":"product-type-simple"},"acf":[],"yoast_head":"<!-- This site is optimized with the Yoast SEO Premium plugin v26.2 (Yoast SEO v27.3) - https:\/\/yoast.com\/product\/yoast-seo-premium-wordpress\/ -->\n<title>Tubo de Gardner 2 tra\u00e7os<\/title>\n<meta name=\"description\" content=\"O Tubo de Gardner 2 tra\u00e7os \u00e9 um tipo de viscos\u00edmetro de bolha, tamb\u00e9m conhecido como tubo de Gardner-Holdt. O conjunto de viscos\u00edmetros de bolha consiste .\" \/>\n<meta name=\"robots\" content=\"index, follow, max-snippet:-1, max-image-preview:large, max-video-preview:-1\" \/>\n<link rel=\"canonical\" href=\"https:\/\/escolhelab.com.br\/en\/tubo-de-gardner-2-tracos\/\" \/>\n<meta property=\"og:locale\" content=\"en_US\" \/>\n<meta property=\"og:type\" content=\"article\" \/>\n<meta property=\"og:title\" content=\"Tubo de Gardner 2 tra\u00e7os\" \/>\n<meta property=\"og:description\" content=\"O Tubo de Gardner 2 tra\u00e7os \u00e9 um tipo de viscos\u00edmetro de bolha, tamb\u00e9m conhecido como tubo de Gardner-Holdt. O conjunto de viscos\u00edmetros de bolha consiste .\" \/>\n<meta property=\"og:url\" content=\"https:\/\/escolhelab.com.br\/en\/tubo-de-gardner-2-tracos\/\" \/>\n<meta property=\"og:site_name\" content=\"Loja de produtos para laboratorio\" \/>\n<meta property=\"article:modified_time\" content=\"2025-11-03T15:02:26+00:00\" \/>\n<meta property=\"og:image\" content=\"https:\/\/escolhelab.com.br\/wp-content\/uploads\/2025\/10\/tubo-de-Gardner-2-tracos-escolhelan-com-br.png\" \/>\n\t<meta property=\"og:image:width\" content=\"700\" \/>\n\t<meta property=\"og:image:height\" content=\"800\" \/>\n\t<meta property=\"og:image:type\" content=\"image\/png\" \/>\n<meta name=\"twitter:card\" content=\"summary_large_image\" \/>\n<meta name=\"twitter:label1\" content=\"Est. reading time\" \/>\n\t<meta name=\"twitter:data1\" content=\"1 minute\" \/>\n<script type=\"application\/ld+json\" class=\"yoast-schema-graph\">{\"@context\":\"https:\\\/\\\/schema.org\",\"@graph\":[{\"@type\":\"WebPage\",\"@id\":\"https:\\\/\\\/escolhelab.com.br\\\/tubo-de-gardner-2-tracos\\\/\",\"url\":\"https:\\\/\\\/escolhelab.com.br\\\/tubo-de-gardner-2-tracos\\\/\",\"name\":\"Tubo de Gardner 2 tra\u00e7os\",\"isPartOf\":{\"@id\":\"https:\\\/\\\/escolhelab.com.br\\\/#website\"},\"primaryImageOfPage\":{\"@id\":\"https:\\\/\\\/escolhelab.com.br\\\/tubo-de-gardner-2-tracos\\\/#primaryimage\"},\"image\":{\"@id\":\"https:\\\/\\\/escolhelab.com.br\\\/tubo-de-gardner-2-tracos\\\/#primaryimage\"},\"thumbnailUrl\":\"https:\\\/\\\/escolhelab.com.br\\\/wp-content\\\/uploads\\\/2025\\\/10\\\/tubo-de-Gardner-2-tracos-escolhelan-com-br.png\",\"datePublished\":\"2025-10-28T19:42:33+00:00\",\"dateModified\":\"2025-11-03T15:02:26+00:00\",\"description\":\"O Tubo de Gardner 2 tra\u00e7os \u00e9 um tipo de viscos\u00edmetro de bolha, tamb\u00e9m conhecido como tubo de Gardner-Holdt. O conjunto de viscos\u00edmetros de bolha consiste .\",\"breadcrumb\":{\"@id\":\"https:\\\/\\\/escolhelab.com.br\\\/tubo-de-gardner-2-tracos\\\/#breadcrumb\"},\"inLanguage\":\"en-US\",\"potentialAction\":[{\"@type\":\"ReadAction\",\"target\":[\"https:\\\/\\\/escolhelab.com.br\\\/tubo-de-gardner-2-tracos\\\/\"]}]},{\"@type\":\"ImageObject\",\"inLanguage\":\"en-US\",\"@id\":\"https:\\\/\\\/escolhelab.com.br\\\/tubo-de-gardner-2-tracos\\\/#primaryimage\",\"url\":\"https:\\\/\\\/escolhelab.com.br\\\/wp-content\\\/uploads\\\/2025\\\/10\\\/tubo-de-Gardner-2-tracos-escolhelan-com-br.png\",\"contentUrl\":\"https:\\\/\\\/escolhelab.com.br\\\/wp-content\\\/uploads\\\/2025\\\/10\\\/tubo-de-Gardner-2-tracos-escolhelan-com-br.png\",\"width\":700,\"height\":800,\"caption\":\"tubo-de-Gardner-2-tra\u00e7os-escolhelan-com-br\"},{\"@type\":\"BreadcrumbList\",\"@id\":\"https:\\\/\\\/escolhelab.com.br\\\/tubo-de-gardner-2-tracos\\\/#breadcrumb\",\"itemListElement\":[{\"@type\":\"ListItem\",\"position\":1,\"name\":\"In\u00edcio\",\"item\":\"https:\\\/\\\/escolhelab.com.br\\\/\"},{\"@type\":\"ListItem\",\"position\":2,\"name\":\"loja\",\"item\":\"https:\\\/\\\/escolhelab.com.br\\\/loja\\\/\"},{\"@type\":\"ListItem\",\"position\":3,\"name\":\"Tubo de Gardner 2 tra\u00e7os\"}]},{\"@type\":\"WebSite\",\"@id\":\"https:\\\/\\\/escolhelab.com.br\\\/#website\",\"url\":\"https:\\\/\\\/escolhelab.com.br\\\/\",\"name\":\"Loja de produtos para laboratorio\",\"description\":\"Produtos para Laborat\u00f3rio,Artigos e outros na loja do quimico\",\"publisher\":{\"@id\":\"https:\\\/\\\/escolhelab.com.br\\\/#organization\"},\"alternateName\":\"escolhelab\",\"potentialAction\":[{\"@type\":\"SearchAction\",\"target\":{\"@type\":\"EntryPoint\",\"urlTemplate\":\"https:\\\/\\\/escolhelab.com.br\\\/?s={search_term_string}\"},\"query-input\":{\"@type\":\"PropertyValueSpecification\",\"valueRequired\":true,\"valueName\":\"search_term_string\"}}],\"inLanguage\":\"en-US\"},{\"@type\":\"Organization\",\"@id\":\"https:\\\/\\\/escolhelab.com.br\\\/#organization\",\"name\":\"loja escolhelab\",\"alternateName\":\"escolhelab\",\"url\":\"https:\\\/\\\/escolhelab.com.br\\\/\",\"logo\":{\"@type\":\"ImageObject\",\"inLanguage\":\"en-US\",\"@id\":\"https:\\\/\\\/escolhelab.com.br\\\/#\\\/schema\\\/logo\\\/image\\\/\",\"url\":\"https:\\\/\\\/escolhelab.com.br\\\/wp-content\\\/uploads\\\/2024\\\/12\\\/icone-e-512-512escolhelab-com-br-2-800x800.png\",\"contentUrl\":\"https:\\\/\\\/escolhelab.com.br\\\/wp-content\\\/uploads\\\/2024\\\/12\\\/icone-e-512-512escolhelab-com-br-2-800x800.png\",\"width\":800,\"height\":800,\"caption\":\"loja escolhelab\"},\"image\":{\"@id\":\"https:\\\/\\\/escolhelab.com.br\\\/#\\\/schema\\\/logo\\\/image\\\/\"}}]}<\/script>\n<!-- \/ Yoast SEO Premium plugin. -->","yoast_head_json":{"title":"Tubo de Gardner 2 tra\u00e7os","description":"O Tubo de Gardner 2 tra\u00e7os \u00e9 um tipo de viscos\u00edmetro de bolha, tamb\u00e9m conhecido como tubo de Gardner-Holdt. O conjunto de viscos\u00edmetros de bolha consiste .","robots":{"index":"index","follow":"follow","max-snippet":"max-snippet:-1","max-image-preview":"max-image-preview:large","max-video-preview":"max-video-preview:-1"},"canonical":"https:\/\/escolhelab.com.br\/en\/tubo-de-gardner-2-tracos\/","og_locale":"en_US","og_type":"article","og_title":"Tubo de Gardner 2 tra\u00e7os","og_description":"O Tubo de Gardner 2 tra\u00e7os \u00e9 um tipo de viscos\u00edmetro de bolha, tamb\u00e9m conhecido como tubo de Gardner-Holdt. O conjunto de viscos\u00edmetros de bolha consiste .","og_url":"https:\/\/escolhelab.com.br\/en\/tubo-de-gardner-2-tracos\/","og_site_name":"Loja de produtos para laboratorio","article_modified_time":"2025-11-03T15:02:26+00:00","og_image":[{"width":700,"height":800,"url":"https:\/\/escolhelab.com.br\/wp-content\/uploads\/2025\/10\/tubo-de-Gardner-2-tracos-escolhelan-com-br.png","type":"image\/png"}],"twitter_card":"summary_large_image","twitter_misc":{"Est. reading time":"1 minute"},"schema":{"@context":"https:\/\/schema.org","@graph":[{"@type":"WebPage","@id":"https:\/\/escolhelab.com.br\/tubo-de-gardner-2-tracos\/","url":"https:\/\/escolhelab.com.br\/tubo-de-gardner-2-tracos\/","name":"Tubo de Gardner 2 tra\u00e7os","isPartOf":{"@id":"https:\/\/escolhelab.com.br\/#website"},"primaryImageOfPage":{"@id":"https:\/\/escolhelab.com.br\/tubo-de-gardner-2-tracos\/#primaryimage"},"image":{"@id":"https:\/\/escolhelab.com.br\/tubo-de-gardner-2-tracos\/#primaryimage"},"thumbnailUrl":"https:\/\/escolhelab.com.br\/wp-content\/uploads\/2025\/10\/tubo-de-Gardner-2-tracos-escolhelan-com-br.png","datePublished":"2025-10-28T19:42:33+00:00","dateModified":"2025-11-03T15:02:26+00:00","description":"O Tubo de Gardner 2 tra\u00e7os \u00e9 um tipo de viscos\u00edmetro de bolha, tamb\u00e9m conhecido como tubo de Gardner-Holdt. O conjunto de viscos\u00edmetros de bolha consiste .","breadcrumb":{"@id":"https:\/\/escolhelab.com.br\/tubo-de-gardner-2-tracos\/#breadcrumb"},"inLanguage":"en-US","potentialAction":[{"@type":"ReadAction","target":["https:\/\/escolhelab.com.br\/tubo-de-gardner-2-tracos\/"]}]},{"@type":"ImageObject","inLanguage":"en-US","@id":"https:\/\/escolhelab.com.br\/tubo-de-gardner-2-tracos\/#primaryimage","url":"https:\/\/escolhelab.com.br\/wp-content\/uploads\/2025\/10\/tubo-de-Gardner-2-tracos-escolhelan-com-br.png","contentUrl":"https:\/\/escolhelab.com.br\/wp-content\/uploads\/2025\/10\/tubo-de-Gardner-2-tracos-escolhelan-com-br.png","width":700,"height":800,"caption":"tubo-de-Gardner-2-tra\u00e7os-escolhelan-com-br"},{"@type":"BreadcrumbList","@id":"https:\/\/escolhelab.com.br\/tubo-de-gardner-2-tracos\/#breadcrumb","itemListElement":[{"@type":"ListItem","position":1,"name":"In\u00edcio","item":"https:\/\/escolhelab.com.br\/"},{"@type":"ListItem","position":2,"name":"loja","item":"https:\/\/escolhelab.com.br\/loja\/"},{"@type":"ListItem","position":3,"name":"Tubo de Gardner 2 tra\u00e7os"}]},{"@type":"WebSite","@id":"https:\/\/escolhelab.com.br\/#website","url":"https:\/\/escolhelab.com.br\/","name":"Loja de produtos para laboratorio","description":"Produtos para Laborat\u00f3rio,Artigos e outros na loja do quimico","publisher":{"@id":"https:\/\/escolhelab.com.br\/#organization"},"alternateName":"escolhelab","potentialAction":[{"@type":"SearchAction","target":{"@type":"EntryPoint","urlTemplate":"https:\/\/escolhelab.com.br\/?s={search_term_string}"},"query-input":{"@type":"PropertyValueSpecification","valueRequired":true,"valueName":"search_term_string"}}],"inLanguage":"en-US"},{"@type":"Organization","@id":"https:\/\/escolhelab.com.br\/#organization","name":"loja escolhelab","alternateName":"escolhelab","url":"https:\/\/escolhelab.com.br\/","logo":{"@type":"ImageObject","inLanguage":"en-US","@id":"https:\/\/escolhelab.com.br\/#\/schema\/logo\/image\/","url":"https:\/\/escolhelab.com.br\/wp-content\/uploads\/2024\/12\/icone-e-512-512escolhelab-com-br-2-800x800.png","contentUrl":"https:\/\/escolhelab.com.br\/wp-content\/uploads\/2024\/12\/icone-e-512-512escolhelab-com-br-2-800x800.png","width":800,"height":800,"caption":"loja escolhelab"},"image":{"@id":"https:\/\/escolhelab.com.br\/#\/schema\/logo\/image\/"}}]}},"tiered_pricing_type":"percentage","tiered_pricing_fixed_rules":[],"tiered_pricing_product_settings":{"layout":"default","base_unit_name":{"singular":null,"plural":null},"default_variation":null},"tiered_pricing_minimum_quantity":null,"tiered_pricing_roles_data":[],"tiered_pricing_percentage_rules":{"4":"3","6":"5","8":"7"},"tiered_pricing_maximum_quantity":null,"tiered_pricing_quantity_step":null,"_links":{"self":[{"href":"https:\/\/escolhelab.com.br\/en\/wp-json\/wp\/v2\/product\/39505","targetHints":{"allow":["GET"]}}],"collection":[{"href":"https:\/\/escolhelab.com.br\/en\/wp-json\/wp\/v2\/product"}],"about":[{"href":"https:\/\/escolhelab.com.br\/en\/wp-json\/wp\/v2\/types\/product"}],"replies":[{"embeddable":true,"href":"https:\/\/escolhelab.com.br\/en\/wp-json\/wp\/v2\/comments?post=39505"}],"version-history":[{"count":0,"href":"https:\/\/escolhelab.com.br\/en\/wp-json\/wp\/v2\/product\/39505\/revisions"}],"wp:featuredmedia":[{"embeddable":true,"href":"https:\/\/escolhelab.com.br\/en\/wp-json\/wp\/v2\/media\/39507"}],"wp:attachment":[{"href":"https:\/\/escolhelab.com.br\/en\/wp-json\/wp\/v2\/media?parent=39505"}],"wp:term":[{"taxonomy":"product_brand","embeddable":true,"href":"https:\/\/escolhelab.com.br\/en\/wp-json\/wp\/v2\/product_brand?post=39505"},{"taxonomy":"product_cat","embeddable":true,"href":"https:\/\/escolhelab.com.br\/en\/wp-json\/wp\/v2\/product_cat?post=39505"},{"taxonomy":"product_tag","embeddable":true,"href":"https:\/\/escolhelab.com.br\/en\/wp-json\/wp\/v2\/product_tag?post=39505"}],"curies":[{"name":"wp","href":"https:\/\/api.w.org\/{rel}","templated":true}]}}