{"id":39975,"date":"2025-11-19T15:04:55","date_gmt":"2025-11-19T18:04:55","guid":{"rendered":"https:\/\/escolhelab.com.br\/?post_type=product&#038;p=39975"},"modified":"2025-11-19T16:30:18","modified_gmt":"2025-11-19T19:30:18","slug":"bailer-amostrador-descartavel","status":"publish","type":"product","link":"https:\/\/escolhelab.com.br\/en\/bailer-amostrador-descartavel\/","title":{"rendered":"Bailer amostrador descart\u00e1vel em PP"},"content":{"rendered":"<h2>Bailer amostrador descart\u00e1vel em PP<\/h2>\n<p><span style=\"font-family: helvetica, arial, sans-serif;\"><strong><img loading=\"lazy\" decoding=\"async\" class=\"wp-image-39980 alignright\" src=\"https:\/\/escolhelab.com.br\/wp-content\/uploads\/2025\/11\/Imagem5-366x300.png\" alt=\"\" width=\"541\" height=\"444\" srcset=\"https:\/\/escolhelab.com.br\/wp-content\/uploads\/2025\/11\/Imagem5-366x300.png 366w, https:\/\/escolhelab.com.br\/wp-content\/uploads\/2025\/11\/Imagem5-975x800.png 975w, https:\/\/escolhelab.com.br\/wp-content\/uploads\/2025\/11\/Imagem5-768x630.png 768w, https:\/\/escolhelab.com.br\/wp-content\/uploads\/2025\/11\/Imagem5-430x353.png 430w, https:\/\/escolhelab.com.br\/wp-content\/uploads\/2025\/11\/Imagem5-700x574.png 700w, https:\/\/escolhelab.com.br\/wp-content\/uploads\/2025\/11\/Imagem5-150x123.png 150w, https:\/\/escolhelab.com.br\/wp-content\/uploads\/2025\/11\/Imagem5.png 1274w\" sizes=\"auto, (max-width: 541px) 100vw, 541px\" \/><span style=\"font-size: 14pt;\">A solu\u00e7\u00e3o simples, eficiente e de baixo custo<\/span><\/strong><span style=\"font-size: 14pt;\"> para amostragem de \u00e1gua subterr\u00e2nea.<\/span><\/span><\/p>\n<p><span style=\"font-family: helvetica, arial, sans-serif; font-size: 14pt;\">Fabricado em <strong>polipropileno de alta qualidade<\/strong>, o Bailer garante resist\u00eancia qu\u00edmica, leveza e transpar\u00eancia para melhor visualiza\u00e7\u00e3o da amostra. O <strong>design com bico de fluxo orbital<\/strong> proporciona <strong>enchimento r\u00e1pido<\/strong> e uniforme, <strong>evitando agita\u00e7\u00e3o<\/strong> e mantendo a integridade da amostra.<br \/>\n<\/span><span style=\"font-size: 14pt;\"><strong><span style=\"font-family: helvetica, arial, sans-serif;\">Caracter\u00edsticas:<\/span><\/strong><\/span><br \/>\n<span style=\"font-size: 14pt;\"><strong><span style=\"font-family: helvetica, arial, sans-serif;\">Material de fabrica\u00e7\u00e3o:<\/span><\/strong><\/span><span style=\"font-family: helvetica, arial, sans-serif; font-size: 18.6667px;\">Polipropileno\u00a0<\/span><br \/>\n<span style=\"font-size: 14pt;\"><span style=\"font-family: helvetica, arial, sans-serif;\"><strong>Di\u00e2metro:<\/strong><\/span><span style=\"font-family: helvetica, arial, sans-serif;\">39 mil\u00edmetros\u00a0\u00a0<br \/>\n<\/span><strong><span style=\"font-family: helvetica, arial, sans-serif;\">Comprimento:<\/span><\/strong><span style=\"font-family: helvetica, arial, sans-serif;\"><strong>9<\/strong>0 cent\u00edmetros<\/span><span style=\"font-family: helvetica, arial, sans-serif;\"><br \/>\n<\/span><strong><span style=\"font-family: helvetica, arial, sans-serif;\">Capacidade:<\/span><\/strong><span style=\"font-family: helvetica, arial, sans-serif;\"><strong>1<\/strong> litro (aprox.)<br \/>\n<\/span><span style=\"font-family: helvetica, arial, sans-serif;\"><strong>Apresenta\u00e7\u00e3o:<\/strong>\u00a0<\/span><\/span><span style=\"font-family: helvetica, arial, sans-serif; font-size: 18.6667px;\">Caixas com\u00a0<\/span><span style=\"font-family: helvetica, arial, sans-serif;\">24 unidades,,,,,<br \/>\n<\/span><span style=\"font-size: 14pt;\"><span style=\"font-family: helvetica, arial, sans-serif;\"><strong>Qualidade:<\/strong>An\u00e1lise de conformidade, certifica\u00e7\u00e3o do composto e an\u00e1lise qu\u00edmica para presen\u00e7a de ftalatos<br \/>\nNota:funcionamenmto<br \/>\n<\/span><\/span><\/p>\n<p><span style=\"font-family: helvetica, arial, sans-serif;\"><br \/>\n<\/span>\u00a0<\/p>","protected":false},"excerpt":{"rendered":"<pre><span style=\"font-family: helvetica, arial, sans-serif;\">A solu\u00e7\u00e3o simples, eficiente e de baixo custo para amostragem de \u00e1gua subterr\u00e2nea.<\/span><\/pre>","protected":false},"featured_media":39977,"comment_status":"closed","ping_status":"closed","template":"","meta":{"_acf_changed":false,"iawp_total_views":43},"product_brand":[],"product_cat":[729,606],"product_tag":[],"class_list":{"0":"post-39975","1":"product","2":"type-product","3":"status-publish","4":"has-post-thumbnail","6":"product_cat-inox-e-ferragens","7":"product_cat-quimico","8":"product_shipping_class-vendas-especiais","10":"first","11":"instock","12":"shipping-taxable","13":"purchasable","14":"product-type-simple"},"acf":[],"yoast_head":"<!-- This site is optimized with the Yoast SEO Premium plugin v26.2 (Yoast SEO v27.4) - https:\/\/yoast.com\/product\/yoast-seo-premium-wordpress\/ -->\n<title>Bailer amostrador descart\u00e1vel em PP<\/title>\n<meta name=\"description\" content=\"% Bailer amostrador descart\u00e1vel em PP A solu\u00e7\u00e3o simples, eficiente e de baixo custo para amostragem de \u00e1gua subterr\u00e2nea.\" \/>\n<meta name=\"robots\" content=\"index, follow, max-snippet:-1, max-image-preview:large, max-video-preview:-1\" \/>\n<link rel=\"canonical\" href=\"https:\/\/escolhelab.com.br\/en\/bailer-amostrador-descartavel\/\" \/>\n<meta property=\"og:locale\" content=\"en_US\" \/>\n<meta property=\"og:type\" content=\"article\" \/>\n<meta property=\"og:title\" content=\"Bailer amostrador descart\u00e1vel em PP\" \/>\n<meta property=\"og:description\" content=\"% Bailer amostrador descart\u00e1vel em PP A solu\u00e7\u00e3o simples, eficiente e de baixo custo para amostragem de \u00e1gua subterr\u00e2nea.\" \/>\n<meta property=\"og:url\" content=\"https:\/\/escolhelab.com.br\/en\/bailer-amostrador-descartavel\/\" \/>\n<meta property=\"og:site_name\" content=\"Loja de produtos para laboratorio\" \/>\n<meta property=\"article:modified_time\" content=\"2025-11-19T19:30:18+00:00\" \/>\n<meta property=\"og:image\" content=\"https:\/\/escolhelab.com.br\/wp-content\/uploads\/2025\/11\/bailer-amostrador-descartavel-escolhelab-com-br.png\" \/>\n\t<meta property=\"og:image:width\" content=\"700\" \/>\n\t<meta property=\"og:image:height\" content=\"800\" \/>\n\t<meta property=\"og:image:type\" content=\"image\/png\" \/>\n<meta name=\"twitter:card\" content=\"summary_large_image\" \/>\n<meta name=\"twitter:label1\" content=\"Est. reading time\" \/>\n\t<meta name=\"twitter:data1\" content=\"1 minute\" \/>\n<script type=\"application\/ld+json\" class=\"yoast-schema-graph\">{\"@context\":\"https:\\\/\\\/schema.org\",\"@graph\":[{\"@type\":\"WebPage\",\"@id\":\"https:\\\/\\\/escolhelab.com.br\\\/bailer-amostrador-descartavel\\\/\",\"url\":\"https:\\\/\\\/escolhelab.com.br\\\/bailer-amostrador-descartavel\\\/\",\"name\":\"Bailer amostrador descart\u00e1vel em PP\",\"isPartOf\":{\"@id\":\"https:\\\/\\\/escolhelab.com.br\\\/#website\"},\"primaryImageOfPage\":{\"@id\":\"https:\\\/\\\/escolhelab.com.br\\\/bailer-amostrador-descartavel\\\/#primaryimage\"},\"image\":{\"@id\":\"https:\\\/\\\/escolhelab.com.br\\\/bailer-amostrador-descartavel\\\/#primaryimage\"},\"thumbnailUrl\":\"https:\\\/\\\/escolhelab.com.br\\\/wp-content\\\/uploads\\\/2025\\\/11\\\/bailer-amostrador-descartavel-escolhelab-com-br.png\",\"datePublished\":\"2025-11-19T18:04:55+00:00\",\"dateModified\":\"2025-11-19T19:30:18+00:00\",\"description\":\"% Bailer amostrador descart\u00e1vel em PP A solu\u00e7\u00e3o simples, eficiente e de baixo custo para amostragem de \u00e1gua subterr\u00e2nea.\",\"breadcrumb\":{\"@id\":\"https:\\\/\\\/escolhelab.com.br\\\/bailer-amostrador-descartavel\\\/#breadcrumb\"},\"inLanguage\":\"en-US\",\"potentialAction\":[{\"@type\":\"ReadAction\",\"target\":[\"https:\\\/\\\/escolhelab.com.br\\\/bailer-amostrador-descartavel\\\/\"]}]},{\"@type\":\"ImageObject\",\"inLanguage\":\"en-US\",\"@id\":\"https:\\\/\\\/escolhelab.com.br\\\/bailer-amostrador-descartavel\\\/#primaryimage\",\"url\":\"https:\\\/\\\/escolhelab.com.br\\\/wp-content\\\/uploads\\\/2025\\\/11\\\/bailer-amostrador-descartavel-escolhelab-com-br.png\",\"contentUrl\":\"https:\\\/\\\/escolhelab.com.br\\\/wp-content\\\/uploads\\\/2025\\\/11\\\/bailer-amostrador-descartavel-escolhelab-com-br.png\",\"width\":700,\"height\":800,\"caption\":\"A solu\u00e7\u00e3o simples, eficiente e de baixo custo para amostragem de \u00e1gua subterr\u00e2nea.\"},{\"@type\":\"BreadcrumbList\",\"@id\":\"https:\\\/\\\/escolhelab.com.br\\\/bailer-amostrador-descartavel\\\/#breadcrumb\",\"itemListElement\":[{\"@type\":\"ListItem\",\"position\":1,\"name\":\"In\u00edcio\",\"item\":\"https:\\\/\\\/escolhelab.com.br\\\/\"},{\"@type\":\"ListItem\",\"position\":2,\"name\":\"loja\",\"item\":\"https:\\\/\\\/escolhelab.com.br\\\/loja\\\/\"},{\"@type\":\"ListItem\",\"position\":3,\"name\":\"Bailer amostrador descart\u00e1vel em PP\"}]},{\"@type\":\"WebSite\",\"@id\":\"https:\\\/\\\/escolhelab.com.br\\\/#website\",\"url\":\"https:\\\/\\\/escolhelab.com.br\\\/\",\"name\":\"Loja de produtos para laboratorio\",\"description\":\"Produtos para Laborat\u00f3rio,Artigos e outros na loja do quimico\",\"publisher\":{\"@id\":\"https:\\\/\\\/escolhelab.com.br\\\/#organization\"},\"alternateName\":\"escolhelab\",\"potentialAction\":[{\"@type\":\"SearchAction\",\"target\":{\"@type\":\"EntryPoint\",\"urlTemplate\":\"https:\\\/\\\/escolhelab.com.br\\\/?s={search_term_string}\"},\"query-input\":{\"@type\":\"PropertyValueSpecification\",\"valueRequired\":true,\"valueName\":\"search_term_string\"}}],\"inLanguage\":\"en-US\"},{\"@type\":\"Organization\",\"@id\":\"https:\\\/\\\/escolhelab.com.br\\\/#organization\",\"name\":\"loja escolhelab\",\"alternateName\":\"escolhelab\",\"url\":\"https:\\\/\\\/escolhelab.com.br\\\/\",\"logo\":{\"@type\":\"ImageObject\",\"inLanguage\":\"en-US\",\"@id\":\"https:\\\/\\\/escolhelab.com.br\\\/#\\\/schema\\\/logo\\\/image\\\/\",\"url\":\"https:\\\/\\\/escolhelab.com.br\\\/wp-content\\\/uploads\\\/2024\\\/12\\\/icone-e-512-512escolhelab-com-br-2-800x800.png\",\"contentUrl\":\"https:\\\/\\\/escolhelab.com.br\\\/wp-content\\\/uploads\\\/2024\\\/12\\\/icone-e-512-512escolhelab-com-br-2-800x800.png\",\"width\":800,\"height\":800,\"caption\":\"loja escolhelab\"},\"image\":{\"@id\":\"https:\\\/\\\/escolhelab.com.br\\\/#\\\/schema\\\/logo\\\/image\\\/\"}}]}<\/script>\n<!-- \/ Yoast SEO Premium plugin. -->","yoast_head_json":{"title":"Bailer amostrador descart\u00e1vel em PP","description":"% Bailer amostrador descart\u00e1vel em PP A solu\u00e7\u00e3o simples, eficiente e de baixo custo para amostragem de \u00e1gua subterr\u00e2nea.","robots":{"index":"index","follow":"follow","max-snippet":"max-snippet:-1","max-image-preview":"max-image-preview:large","max-video-preview":"max-video-preview:-1"},"canonical":"https:\/\/escolhelab.com.br\/en\/bailer-amostrador-descartavel\/","og_locale":"en_US","og_type":"article","og_title":"Bailer amostrador descart\u00e1vel em PP","og_description":"% Bailer amostrador descart\u00e1vel em PP A solu\u00e7\u00e3o simples, eficiente e de baixo custo para amostragem de \u00e1gua subterr\u00e2nea.","og_url":"https:\/\/escolhelab.com.br\/en\/bailer-amostrador-descartavel\/","og_site_name":"Loja de produtos para laboratorio","article_modified_time":"2025-11-19T19:30:18+00:00","og_image":[{"width":700,"height":800,"url":"https:\/\/escolhelab.com.br\/wp-content\/uploads\/2025\/11\/bailer-amostrador-descartavel-escolhelab-com-br.png","type":"image\/png"}],"twitter_card":"summary_large_image","twitter_misc":{"Est. reading time":"1 minute"},"schema":{"@context":"https:\/\/schema.org","@graph":[{"@type":"WebPage","@id":"https:\/\/escolhelab.com.br\/bailer-amostrador-descartavel\/","url":"https:\/\/escolhelab.com.br\/bailer-amostrador-descartavel\/","name":"Bailer amostrador descart\u00e1vel em PP","isPartOf":{"@id":"https:\/\/escolhelab.com.br\/#website"},"primaryImageOfPage":{"@id":"https:\/\/escolhelab.com.br\/bailer-amostrador-descartavel\/#primaryimage"},"image":{"@id":"https:\/\/escolhelab.com.br\/bailer-amostrador-descartavel\/#primaryimage"},"thumbnailUrl":"https:\/\/escolhelab.com.br\/wp-content\/uploads\/2025\/11\/bailer-amostrador-descartavel-escolhelab-com-br.png","datePublished":"2025-11-19T18:04:55+00:00","dateModified":"2025-11-19T19:30:18+00:00","description":"% Bailer amostrador descart\u00e1vel em PP A solu\u00e7\u00e3o simples, eficiente e de baixo custo para amostragem de \u00e1gua subterr\u00e2nea.","breadcrumb":{"@id":"https:\/\/escolhelab.com.br\/bailer-amostrador-descartavel\/#breadcrumb"},"inLanguage":"en-US","potentialAction":[{"@type":"ReadAction","target":["https:\/\/escolhelab.com.br\/bailer-amostrador-descartavel\/"]}]},{"@type":"ImageObject","inLanguage":"en-US","@id":"https:\/\/escolhelab.com.br\/bailer-amostrador-descartavel\/#primaryimage","url":"https:\/\/escolhelab.com.br\/wp-content\/uploads\/2025\/11\/bailer-amostrador-descartavel-escolhelab-com-br.png","contentUrl":"https:\/\/escolhelab.com.br\/wp-content\/uploads\/2025\/11\/bailer-amostrador-descartavel-escolhelab-com-br.png","width":700,"height":800,"caption":"A solu\u00e7\u00e3o simples, eficiente e de baixo custo para amostragem de \u00e1gua subterr\u00e2nea."},{"@type":"BreadcrumbList","@id":"https:\/\/escolhelab.com.br\/bailer-amostrador-descartavel\/#breadcrumb","itemListElement":[{"@type":"ListItem","position":1,"name":"In\u00edcio","item":"https:\/\/escolhelab.com.br\/"},{"@type":"ListItem","position":2,"name":"loja","item":"https:\/\/escolhelab.com.br\/loja\/"},{"@type":"ListItem","position":3,"name":"Bailer amostrador descart\u00e1vel em PP"}]},{"@type":"WebSite","@id":"https:\/\/escolhelab.com.br\/#website","url":"https:\/\/escolhelab.com.br\/","name":"Loja de produtos para laboratorio","description":"Produtos para Laborat\u00f3rio,Artigos e outros na loja do quimico","publisher":{"@id":"https:\/\/escolhelab.com.br\/#organization"},"alternateName":"escolhelab","potentialAction":[{"@type":"SearchAction","target":{"@type":"EntryPoint","urlTemplate":"https:\/\/escolhelab.com.br\/?s={search_term_string}"},"query-input":{"@type":"PropertyValueSpecification","valueRequired":true,"valueName":"search_term_string"}}],"inLanguage":"en-US"},{"@type":"Organization","@id":"https:\/\/escolhelab.com.br\/#organization","name":"loja escolhelab","alternateName":"escolhelab","url":"https:\/\/escolhelab.com.br\/","logo":{"@type":"ImageObject","inLanguage":"en-US","@id":"https:\/\/escolhelab.com.br\/#\/schema\/logo\/image\/","url":"https:\/\/escolhelab.com.br\/wp-content\/uploads\/2024\/12\/icone-e-512-512escolhelab-com-br-2-800x800.png","contentUrl":"https:\/\/escolhelab.com.br\/wp-content\/uploads\/2024\/12\/icone-e-512-512escolhelab-com-br-2-800x800.png","width":800,"height":800,"caption":"loja escolhelab"},"image":{"@id":"https:\/\/escolhelab.com.br\/#\/schema\/logo\/image\/"}}]}},"tiered_pricing_type":"percentage","tiered_pricing_fixed_rules":[],"tiered_pricing_product_settings":{"layout":"default","base_unit_name":{"singular":null,"plural":null},"default_variation":null},"tiered_pricing_minimum_quantity":null,"tiered_pricing_roles_data":[],"tiered_pricing_percentage_rules":{"2":"3","3":"5"},"tiered_pricing_maximum_quantity":null,"tiered_pricing_quantity_step":null,"_links":{"self":[{"href":"https:\/\/escolhelab.com.br\/en\/wp-json\/wp\/v2\/product\/39975","targetHints":{"allow":["GET"]}}],"collection":[{"href":"https:\/\/escolhelab.com.br\/en\/wp-json\/wp\/v2\/product"}],"about":[{"href":"https:\/\/escolhelab.com.br\/en\/wp-json\/wp\/v2\/types\/product"}],"replies":[{"embeddable":true,"href":"https:\/\/escolhelab.com.br\/en\/wp-json\/wp\/v2\/comments?post=39975"}],"version-history":[{"count":0,"href":"https:\/\/escolhelab.com.br\/en\/wp-json\/wp\/v2\/product\/39975\/revisions"}],"wp:featuredmedia":[{"embeddable":true,"href":"https:\/\/escolhelab.com.br\/en\/wp-json\/wp\/v2\/media\/39977"}],"wp:attachment":[{"href":"https:\/\/escolhelab.com.br\/en\/wp-json\/wp\/v2\/media?parent=39975"}],"wp:term":[{"taxonomy":"product_brand","embeddable":true,"href":"https:\/\/escolhelab.com.br\/en\/wp-json\/wp\/v2\/product_brand?post=39975"},{"taxonomy":"product_cat","embeddable":true,"href":"https:\/\/escolhelab.com.br\/en\/wp-json\/wp\/v2\/product_cat?post=39975"},{"taxonomy":"product_tag","embeddable":true,"href":"https:\/\/escolhelab.com.br\/en\/wp-json\/wp\/v2\/product_tag?post=39975"}],"curies":[{"name":"wp","href":"https:\/\/api.w.org\/{rel}","templated":true}]}}