{"id":40045,"date":"2025-11-26T10:31:59","date_gmt":"2025-11-26T13:31:59","guid":{"rendered":"https:\/\/escolhelab.com.br\/?post_type=product&#038;p=40045"},"modified":"2025-11-26T14:44:01","modified_gmt":"2025-11-26T17:44:01","slug":"papel-filtro-qualitativo-80g-quadrado","status":"publish","type":"product","link":"https:\/\/escolhelab.com.br\/en\/papel-filtro-qualitativo-80g-quadrado\/","title":{"rendered":"Papel Filtro Qualitativo 80g Quadrado"},"content":{"rendered":"<h2><span style=\"font-size: 14pt; font-family: helvetica, arial, sans-serif;\">Papel Filtro Qualitativo 80g Quadrado<\/span><\/h2>\n<div class=\"Y3BBE\" data-sfc-cp=\"\" data-hveid=\"CAEIAhAA\" data-complete=\"true\" data-processed=\"true\"><span style=\"font-family: helvetica, arial, sans-serif;\"><strong class=\"Yjhzub\" data-complete=\"true\" data-processed=\"true\"><span class=\"T286Pc\" data-sfc-cp=\"\" data-complete=\"true\" data-processed=\"true\">Papel qualitativo 80g Q uadrado<\/span><\/strong>\u00a0\u00e9, na verdade, um tipo espec\u00edfico de\u00a0<strong class=\"Yjhzub\" data-complete=\"true\" data-processed=\"true\">papel filtro<\/strong>\u00a0utilizado primariamente em\u00a0<strong class=\"Yjhzub\" data-complete=\"true\" data-processed=\"true\">laborat\u00f3rios e ind\u00fastrias<\/strong><span style=\"background-color: #99cc00;\"><mark>\u00a0<mark class=\"HxTRcb\" data-complete=\"true\" data-sae=\"\">para processos de\u00a0<strong class=\"Yjhzub\" data-complete=\"true\">filtra\u00e7\u00e3o e an\u00e1lises qualitativas<\/strong><\/mark>.<\/mark><span class=\"uJ19be notranslate\" data-wiz-uids=\"IuaeLb_j,IuaeLb_k,IuaeLb_l\" data-complete=\"true\" data-processed=\"true\"><span class=\"vKEkVd\" data-animation-atomic=\"\" data-sae=\"\">\u00a0<\/span><\/span><\/span><\/span><\/div>\n<div class=\"Y3BBE\" data-sfc-cp=\"\" data-hveid=\"CAEIAxAA\" data-processed=\"true\" data-complete=\"true\"><span style=\"font-family: helvetica, arial, sans-serif;\">Sua principal fun\u00e7\u00e3o \u00e9 a\u00a0<strong class=\"Yjhzub\" data-complete=\"true\" data-processed=\"true\">separa\u00e7\u00e3o de misturas s\u00f3lido-l\u00edquido<\/strong>, retendo part\u00edculas s\u00f3lidas enquanto permite a passagem do l\u00edquido (filtrado)<\/span><\/div>\n<ul>\n<li><span style=\"font-family: helvetica, arial, sans-serif;\">Embalagem : Pacote com 100fls<\/span><\/li>\n<li><span style=\"font-family: helvetica, arial, sans-serif;\">No formato redondo ou quadrado<\/span><\/li>\n<li><span style=\"font-family: helvetica, arial, sans-serif;\">Refer\u00eancia:\u00a0 FL80-XXX<\/span><\/li>\n<li><span style=\"font-family: helvetica, arial, sans-serif;\">Marca:\u00a0 FilFlex<\/span><\/li>\n<\/ul>\n<table style=\"width: 46.5645%;\" width=\"389\">\n<tbody>\n<tr>\n<td style=\"text-align: center; width: 34.7929%;\" rowspan=\"2\" width=\"160\"><span style=\"font-family: helvetica, arial, sans-serif;\"><strong>Propriedades<\/strong><\/span><\/td>\n<td style=\"text-align: center; width: 34.298%;\" rowspan=\"2\" width=\"123\"><span style=\"font-family: helvetica, arial, sans-serif;\"><strong>Unidade<\/strong><\/span><\/td>\n<td style=\"text-align: center; width: 27.2727%;\" rowspan=\"2\" width=\"107\"><span style=\"font-family: helvetica, arial, sans-serif;\"><strong>Valores Nominais M\u00e9dios<\/strong><\/span><\/td>\n<td style=\"width: 1.2987%;\" width=\"0\">\u00a0<\/td>\n<\/tr>\n<tr>\n<td style=\"width: 1.2987%;\" width=\"0\">\u00a0<\/td>\n<\/tr>\n<tr>\n<td style=\"text-align: center; width: 34.7929%;\" width=\"160\"><span style=\"font-family: helvetica, arial, sans-serif;\">Gramatura<\/span><\/td>\n<td style=\"text-align: center; width: 34.298%;\" width=\"123\"><span style=\"font-family: helvetica, arial, sans-serif;\">g\/m2<\/span><\/td>\n<td style=\"text-align: center; width: 27.2727%;\" width=\"107\"><span style=\"font-family: helvetica, arial, sans-serif;\">80<\/span><\/td>\n<td style=\"width: 1.2987%;\" width=\"0\">\u00a0<\/td>\n<\/tr>\n<tr>\n<td style=\"text-align: center; width: 34.7929%;\" width=\"160\"><span style=\"font-family: helvetica, arial, sans-serif;\">Espessura<\/span><\/td>\n<td style=\"text-align: center; width: 34.298%;\" width=\"123\"><span style=\"font-family: helvetica, arial, sans-serif;\">\u00b5m<\/span><\/td>\n<td style=\"text-align: center; width: 27.2727%;\" width=\"107\"><span style=\"font-family: helvetica, arial, sans-serif;\">~ 210<\/span><\/td>\n<td style=\"width: 1.2987%;\" width=\"0\">\u00a0<\/td>\n<\/tr>\n<tr>\n<td style=\"text-align: center; width: 34.7929%;\" width=\"160\"><span style=\"font-family: helvetica, arial, sans-serif;\">Porosidade<\/span><\/td>\n<td style=\"text-align: center; width: 34.298%;\" width=\"123\"><span style=\"font-family: helvetica, arial, sans-serif;\">\u00b5m<\/span><\/td>\n<td style=\"text-align: center; width: 27.2727%;\" width=\"107\"><span style=\"font-family: helvetica, arial, sans-serif;\">12 a 16<\/span><\/td>\n<td style=\"width: 1.2987%;\" width=\"0\">\u00a0<\/td>\n<\/tr>\n<tr>\n<td style=\"text-align: center; width: 34.7929%;\" width=\"160\"><span style=\"font-family: helvetica, arial, sans-serif;\">Permeabilidade ao Ar<\/span><\/td>\n<td style=\"text-align: center; width: 34.298%;\" width=\"123\"><span style=\"font-family: helvetica, arial, sans-serif;\">l \/ seg m2<\/span><\/td>\n<td style=\"text-align: center; width: 27.2727%;\" width=\"107\"><span style=\"font-family: helvetica, arial, sans-serif;\">15 a 18<\/span><\/td>\n<td style=\"width: 1.2987%;\" width=\"0\">\u00a0<\/td>\n<\/tr>\n<tr>\n<td style=\"width: 34.7929%; text-align: center;\" width=\"160\"><span style=\"font-family: helvetica, arial, sans-serif;\">Umidade<\/span><\/td>\n<td style=\"width: 34.298%; text-align: center;\" width=\"123\"><span style=\"font-family: helvetica, arial, sans-serif;\">%<\/span><\/td>\n<td style=\"width: 27.2727%; text-align: center;\" width=\"107\"><span style=\"font-family: helvetica, arial, sans-serif;\">&lt; 4,00<\/span><\/td>\n<td style=\"width: 1.2987%;\" width=\"0\">\u00a0<\/td>\n<\/tr>\n<\/tbody>\n<\/table>\n<p><span style=\"font-family: helvetica, arial, sans-serif;\"><strong>Caso voc\u00ea precise de mais informa\u00e7\u00f5es ou tenha qualquer d\u00favida sobre<\/strong> <strong>consulte nos\u00a0 atrav\u00e9s email:<br \/>\nvendas@escolhelab.com.br<\/strong><\/span><\/p>\n<p>&nbsp;<\/p>","protected":false},"excerpt":{"rendered":"<p><span style=\"font-family: helvetica, arial, sans-serif;\">Papel Filtro Qualitativo 80g, na embalagem com 100fls, no formato redondo ou quadrado, da marca FilFlex para sua filtra\u00e7\u00e3o em seu laborat\u00f3rio<\/span><\/p>","protected":false},"featured_media":40051,"comment_status":"closed","ping_status":"closed","template":"","meta":{"_acf_changed":false,"iawp_total_views":7},"product_brand":[],"product_cat":[728,606],"product_tag":[],"class_list":{"0":"post-40045","1":"product","2":"type-product","3":"status-publish","4":"has-post-thumbnail","6":"product_cat-filitos-e-biotecnologia","7":"product_cat-quimico","9":"first","10":"instock","11":"shipping-taxable","12":"purchasable","13":"product-type-variable"},"acf":[],"yoast_head":"<!-- This site is optimized with the Yoast SEO Premium plugin v26.2 (Yoast SEO v27.3) - https:\/\/yoast.com\/product\/yoast-seo-premium-wordpress\/ -->\n<title>Papel Filtro Qualitativo 80g Quadrado<\/title>\n<meta name=\"description\" content=\"% Papel Filtro Qualitativo 80g Quadrado\" \/>\n<meta name=\"robots\" content=\"index, follow, max-snippet:-1, max-image-preview:large, max-video-preview:-1\" \/>\n<link rel=\"canonical\" href=\"https:\/\/escolhelab.com.br\/en\/papel-filtro-qualitativo-80g-quadrado\/\" \/>\n<meta property=\"og:locale\" content=\"en_US\" \/>\n<meta property=\"og:type\" content=\"article\" \/>\n<meta property=\"og:title\" content=\"Papel Filtro Qualitativo 80g Quadrado\" \/>\n<meta property=\"og:description\" content=\"% Papel Filtro Qualitativo 80g Quadrado\" \/>\n<meta property=\"og:url\" content=\"https:\/\/escolhelab.com.br\/en\/papel-filtro-qualitativo-80g-quadrado\/\" \/>\n<meta property=\"og:site_name\" content=\"Loja de produtos para laboratorio\" \/>\n<meta property=\"article:modified_time\" content=\"2025-11-26T17:44:01+00:00\" \/>\n<meta property=\"og:image\" content=\"https:\/\/escolhelab.com.br\/wp-content\/uploads\/2025\/11\/papel-filtro-qualitativo-80g-quadardo-escolhelab-com-br.webp\" \/>\n\t<meta property=\"og:image:width\" content=\"700\" \/>\n\t<meta property=\"og:image:height\" content=\"800\" \/>\n\t<meta property=\"og:image:type\" content=\"image\/webp\" \/>\n<meta name=\"twitter:card\" content=\"summary_large_image\" \/>\n<meta name=\"twitter:label1\" content=\"Est. reading time\" \/>\n\t<meta name=\"twitter:data1\" content=\"1 minute\" \/>\n<script type=\"application\/ld+json\" class=\"yoast-schema-graph\">{\"@context\":\"https:\\\/\\\/schema.org\",\"@graph\":[{\"@type\":\"WebPage\",\"@id\":\"https:\\\/\\\/escolhelab.com.br\\\/papel-filtro-qualitativo-80g-quadrado\\\/\",\"url\":\"https:\\\/\\\/escolhelab.com.br\\\/papel-filtro-qualitativo-80g-quadrado\\\/\",\"name\":\"Papel Filtro Qualitativo 80g Quadrado\",\"isPartOf\":{\"@id\":\"https:\\\/\\\/escolhelab.com.br\\\/#website\"},\"primaryImageOfPage\":{\"@id\":\"https:\\\/\\\/escolhelab.com.br\\\/papel-filtro-qualitativo-80g-quadrado\\\/#primaryimage\"},\"image\":{\"@id\":\"https:\\\/\\\/escolhelab.com.br\\\/papel-filtro-qualitativo-80g-quadrado\\\/#primaryimage\"},\"thumbnailUrl\":\"https:\\\/\\\/escolhelab.com.br\\\/wp-content\\\/uploads\\\/2025\\\/11\\\/papel-filtro-qualitativo-80g-quadardo-escolhelab-com-br.webp\",\"datePublished\":\"2025-11-26T13:31:59+00:00\",\"dateModified\":\"2025-11-26T17:44:01+00:00\",\"description\":\"% Papel Filtro Qualitativo 80g Quadrado\",\"breadcrumb\":{\"@id\":\"https:\\\/\\\/escolhelab.com.br\\\/papel-filtro-qualitativo-80g-quadrado\\\/#breadcrumb\"},\"inLanguage\":\"en-US\",\"potentialAction\":[{\"@type\":\"ReadAction\",\"target\":[\"https:\\\/\\\/escolhelab.com.br\\\/papel-filtro-qualitativo-80g-quadrado\\\/\"]}]},{\"@type\":\"ImageObject\",\"inLanguage\":\"en-US\",\"@id\":\"https:\\\/\\\/escolhelab.com.br\\\/papel-filtro-qualitativo-80g-quadrado\\\/#primaryimage\",\"url\":\"https:\\\/\\\/escolhelab.com.br\\\/wp-content\\\/uploads\\\/2025\\\/11\\\/papel-filtro-qualitativo-80g-quadardo-escolhelab-com-br.webp\",\"contentUrl\":\"https:\\\/\\\/escolhelab.com.br\\\/wp-content\\\/uploads\\\/2025\\\/11\\\/papel-filtro-qualitativo-80g-quadardo-escolhelab-com-br.webp\",\"width\":700,\"height\":800,\"caption\":\"papel-filtro-qualitativo-80g-quadardo-escolhelab-com-br\"},{\"@type\":\"BreadcrumbList\",\"@id\":\"https:\\\/\\\/escolhelab.com.br\\\/papel-filtro-qualitativo-80g-quadrado\\\/#breadcrumb\",\"itemListElement\":[{\"@type\":\"ListItem\",\"position\":1,\"name\":\"In\u00edcio\",\"item\":\"https:\\\/\\\/escolhelab.com.br\\\/\"},{\"@type\":\"ListItem\",\"position\":2,\"name\":\"loja\",\"item\":\"https:\\\/\\\/escolhelab.com.br\\\/loja\\\/\"},{\"@type\":\"ListItem\",\"position\":3,\"name\":\"Papel Filtro Qualitativo 80g Quadrado\"}]},{\"@type\":\"WebSite\",\"@id\":\"https:\\\/\\\/escolhelab.com.br\\\/#website\",\"url\":\"https:\\\/\\\/escolhelab.com.br\\\/\",\"name\":\"Loja de produtos para laboratorio\",\"description\":\"Produtos para Laborat\u00f3rio,Artigos e outros na loja do quimico\",\"publisher\":{\"@id\":\"https:\\\/\\\/escolhelab.com.br\\\/#organization\"},\"alternateName\":\"escolhelab\",\"potentialAction\":[{\"@type\":\"SearchAction\",\"target\":{\"@type\":\"EntryPoint\",\"urlTemplate\":\"https:\\\/\\\/escolhelab.com.br\\\/?s={search_term_string}\"},\"query-input\":{\"@type\":\"PropertyValueSpecification\",\"valueRequired\":true,\"valueName\":\"search_term_string\"}}],\"inLanguage\":\"en-US\"},{\"@type\":\"Organization\",\"@id\":\"https:\\\/\\\/escolhelab.com.br\\\/#organization\",\"name\":\"loja escolhelab\",\"alternateName\":\"escolhelab\",\"url\":\"https:\\\/\\\/escolhelab.com.br\\\/\",\"logo\":{\"@type\":\"ImageObject\",\"inLanguage\":\"en-US\",\"@id\":\"https:\\\/\\\/escolhelab.com.br\\\/#\\\/schema\\\/logo\\\/image\\\/\",\"url\":\"https:\\\/\\\/escolhelab.com.br\\\/wp-content\\\/uploads\\\/2024\\\/12\\\/icone-e-512-512escolhelab-com-br-2-800x800.png\",\"contentUrl\":\"https:\\\/\\\/escolhelab.com.br\\\/wp-content\\\/uploads\\\/2024\\\/12\\\/icone-e-512-512escolhelab-com-br-2-800x800.png\",\"width\":800,\"height\":800,\"caption\":\"loja escolhelab\"},\"image\":{\"@id\":\"https:\\\/\\\/escolhelab.com.br\\\/#\\\/schema\\\/logo\\\/image\\\/\"}}]}<\/script>\n<!-- \/ Yoast SEO Premium plugin. -->","yoast_head_json":{"title":"Papel Filtro Qualitativo 80g Quadrado","description":"% Papel Filtro Qualitativo 80g Quadrado","robots":{"index":"index","follow":"follow","max-snippet":"max-snippet:-1","max-image-preview":"max-image-preview:large","max-video-preview":"max-video-preview:-1"},"canonical":"https:\/\/escolhelab.com.br\/en\/papel-filtro-qualitativo-80g-quadrado\/","og_locale":"en_US","og_type":"article","og_title":"Papel Filtro Qualitativo 80g Quadrado","og_description":"% Papel Filtro Qualitativo 80g Quadrado","og_url":"https:\/\/escolhelab.com.br\/en\/papel-filtro-qualitativo-80g-quadrado\/","og_site_name":"Loja de produtos para laboratorio","article_modified_time":"2025-11-26T17:44:01+00:00","og_image":[{"width":700,"height":800,"url":"https:\/\/escolhelab.com.br\/wp-content\/uploads\/2025\/11\/papel-filtro-qualitativo-80g-quadardo-escolhelab-com-br.webp","type":"image\/webp"}],"twitter_card":"summary_large_image","twitter_misc":{"Est. reading time":"1 minute"},"schema":{"@context":"https:\/\/schema.org","@graph":[{"@type":"WebPage","@id":"https:\/\/escolhelab.com.br\/papel-filtro-qualitativo-80g-quadrado\/","url":"https:\/\/escolhelab.com.br\/papel-filtro-qualitativo-80g-quadrado\/","name":"Papel Filtro Qualitativo 80g Quadrado","isPartOf":{"@id":"https:\/\/escolhelab.com.br\/#website"},"primaryImageOfPage":{"@id":"https:\/\/escolhelab.com.br\/papel-filtro-qualitativo-80g-quadrado\/#primaryimage"},"image":{"@id":"https:\/\/escolhelab.com.br\/papel-filtro-qualitativo-80g-quadrado\/#primaryimage"},"thumbnailUrl":"https:\/\/escolhelab.com.br\/wp-content\/uploads\/2025\/11\/papel-filtro-qualitativo-80g-quadardo-escolhelab-com-br.webp","datePublished":"2025-11-26T13:31:59+00:00","dateModified":"2025-11-26T17:44:01+00:00","description":"% Papel Filtro Qualitativo 80g Quadrado","breadcrumb":{"@id":"https:\/\/escolhelab.com.br\/papel-filtro-qualitativo-80g-quadrado\/#breadcrumb"},"inLanguage":"en-US","potentialAction":[{"@type":"ReadAction","target":["https:\/\/escolhelab.com.br\/papel-filtro-qualitativo-80g-quadrado\/"]}]},{"@type":"ImageObject","inLanguage":"en-US","@id":"https:\/\/escolhelab.com.br\/papel-filtro-qualitativo-80g-quadrado\/#primaryimage","url":"https:\/\/escolhelab.com.br\/wp-content\/uploads\/2025\/11\/papel-filtro-qualitativo-80g-quadardo-escolhelab-com-br.webp","contentUrl":"https:\/\/escolhelab.com.br\/wp-content\/uploads\/2025\/11\/papel-filtro-qualitativo-80g-quadardo-escolhelab-com-br.webp","width":700,"height":800,"caption":"papel-filtro-qualitativo-80g-quadardo-escolhelab-com-br"},{"@type":"BreadcrumbList","@id":"https:\/\/escolhelab.com.br\/papel-filtro-qualitativo-80g-quadrado\/#breadcrumb","itemListElement":[{"@type":"ListItem","position":1,"name":"In\u00edcio","item":"https:\/\/escolhelab.com.br\/"},{"@type":"ListItem","position":2,"name":"loja","item":"https:\/\/escolhelab.com.br\/loja\/"},{"@type":"ListItem","position":3,"name":"Papel Filtro Qualitativo 80g Quadrado"}]},{"@type":"WebSite","@id":"https:\/\/escolhelab.com.br\/#website","url":"https:\/\/escolhelab.com.br\/","name":"Loja de produtos para laboratorio","description":"Produtos para Laborat\u00f3rio,Artigos e outros na loja do quimico","publisher":{"@id":"https:\/\/escolhelab.com.br\/#organization"},"alternateName":"escolhelab","potentialAction":[{"@type":"SearchAction","target":{"@type":"EntryPoint","urlTemplate":"https:\/\/escolhelab.com.br\/?s={search_term_string}"},"query-input":{"@type":"PropertyValueSpecification","valueRequired":true,"valueName":"search_term_string"}}],"inLanguage":"en-US"},{"@type":"Organization","@id":"https:\/\/escolhelab.com.br\/#organization","name":"loja escolhelab","alternateName":"escolhelab","url":"https:\/\/escolhelab.com.br\/","logo":{"@type":"ImageObject","inLanguage":"en-US","@id":"https:\/\/escolhelab.com.br\/#\/schema\/logo\/image\/","url":"https:\/\/escolhelab.com.br\/wp-content\/uploads\/2024\/12\/icone-e-512-512escolhelab-com-br-2-800x800.png","contentUrl":"https:\/\/escolhelab.com.br\/wp-content\/uploads\/2024\/12\/icone-e-512-512escolhelab-com-br-2-800x800.png","width":800,"height":800,"caption":"loja escolhelab"},"image":{"@id":"https:\/\/escolhelab.com.br\/#\/schema\/logo\/image\/"}}]}},"tiered_pricing_type":"fixed","tiered_pricing_fixed_rules":[],"tiered_pricing_product_settings":{"layout":"default","base_unit_name":{"singular":null,"plural":null},"default_variation":null},"tiered_pricing_minimum_quantity":null,"tiered_pricing_roles_data":[],"tiered_pricing_percentage_rules":[],"tiered_pricing_maximum_quantity":null,"tiered_pricing_quantity_step":null,"_links":{"self":[{"href":"https:\/\/escolhelab.com.br\/en\/wp-json\/wp\/v2\/product\/40045","targetHints":{"allow":["GET"]}}],"collection":[{"href":"https:\/\/escolhelab.com.br\/en\/wp-json\/wp\/v2\/product"}],"about":[{"href":"https:\/\/escolhelab.com.br\/en\/wp-json\/wp\/v2\/types\/product"}],"replies":[{"embeddable":true,"href":"https:\/\/escolhelab.com.br\/en\/wp-json\/wp\/v2\/comments?post=40045"}],"version-history":[{"count":0,"href":"https:\/\/escolhelab.com.br\/en\/wp-json\/wp\/v2\/product\/40045\/revisions"}],"wp:featuredmedia":[{"embeddable":true,"href":"https:\/\/escolhelab.com.br\/en\/wp-json\/wp\/v2\/media\/40051"}],"wp:attachment":[{"href":"https:\/\/escolhelab.com.br\/en\/wp-json\/wp\/v2\/media?parent=40045"}],"wp:term":[{"taxonomy":"product_brand","embeddable":true,"href":"https:\/\/escolhelab.com.br\/en\/wp-json\/wp\/v2\/product_brand?post=40045"},{"taxonomy":"product_cat","embeddable":true,"href":"https:\/\/escolhelab.com.br\/en\/wp-json\/wp\/v2\/product_cat?post=40045"},{"taxonomy":"product_tag","embeddable":true,"href":"https:\/\/escolhelab.com.br\/en\/wp-json\/wp\/v2\/product_tag?post=40045"}],"curies":[{"name":"wp","href":"https:\/\/api.w.org\/{rel}","templated":true}]}}