{"id":40124,"date":"2025-12-15T09:48:44","date_gmt":"2025-12-15T12:48:44","guid":{"rendered":"https:\/\/escolhelab.com.br\/?post_type=product&#038;p=40124"},"modified":"2025-12-15T10:34:08","modified_gmt":"2025-12-15T13:34:08","slug":"pinca-para-tubo-de-ensaio","status":"publish","type":"product","link":"https:\/\/escolhelab.com.br\/en\/pinca-para-tubo-de-ensaio\/","title":{"rendered":"Pin\u00e7a para Tubo de Ensaio"},"content":{"rendered":"<h2 class=\"product_title entry-title wd-entities-title\">Pin\u00e7a para Tubo de Ensaio<\/h2>\n<p><span style=\"font-family: helvetica, arial, sans-serif;\">Pin\u00e7a para Tubo de Ensaio em arame de A\u00e7o Inox 3mm x 18cm<\/span><\/p>\n<p>&nbsp;<\/p>\n<p><span style=\"font-family: helvetica, arial, sans-serif;\"><strong>Outras capacidades e medidas consulte nos\u00a0 atrav\u00e9s email:<\/strong><\/span><\/p>\n<p><span style=\"font-family: helvetica, arial, sans-serif;\"><b>vendas@escolhelab.com.br<\/b><\/span><\/p>","protected":false},"excerpt":{"rendered":"<p>Pin\u00e7a para Tubo de Ensaio em arame de A\u00e7o Inox 3mm x 18cm<\/p>\n<p><strong>Outras capacidades e medidas consulte nos\u00a0 atrav\u00e9s email<\/strong><\/p>\n<p>&nbsp;<\/p>","protected":false},"featured_media":40127,"comment_status":"closed","ping_status":"closed","template":"","meta":{"_acf_changed":false,"iawp_total_views":5},"product_brand":[],"product_cat":[725,729,606],"product_tag":[],"class_list":{"0":"post-40124","1":"product","2":"type-product","3":"status-publish","4":"has-post-thumbnail","6":"product_cat-acessorios-e-consumiveis","7":"product_cat-inox-e-ferragens","8":"product_cat-quimico","9":"product_shipping_class-produtos-laboratorio-quimico","11":"first","12":"instock","13":"shipping-taxable","14":"purchasable","15":"product-type-simple"},"acf":[],"yoast_head":"<!-- This site is optimized with the Yoast SEO Premium plugin v26.2 (Yoast SEO v27.3) - https:\/\/yoast.com\/product\/yoast-seo-premium-wordpress\/ -->\n<title>Pin\u00e7a para Tubo de Ensaio<\/title>\n<meta name=\"description\" content=\"% Pin\u00e7a para Tubo de EnsaioPin\u00e7a para tubo de ensaio em arame de a\u00e7o inoxid\u00e1vel, 3 mm de espessura e 18 cm de comprimento.\" \/>\n<meta name=\"robots\" content=\"index, follow, max-snippet:-1, max-image-preview:large, max-video-preview:-1\" \/>\n<link rel=\"canonical\" href=\"https:\/\/escolhelab.com.br\/en\/pinca-para-tubo-de-ensaio\/\" \/>\n<meta property=\"og:locale\" content=\"en_US\" \/>\n<meta property=\"og:type\" content=\"article\" \/>\n<meta property=\"og:title\" content=\"Pin\u00e7a para Tubo de Ensaio\" \/>\n<meta property=\"og:description\" content=\"% Pin\u00e7a para Tubo de EnsaioPin\u00e7a para tubo de ensaio em arame de a\u00e7o inoxid\u00e1vel, 3 mm de espessura e 18 cm de comprimento.\" \/>\n<meta property=\"og:url\" content=\"https:\/\/escolhelab.com.br\/en\/pinca-para-tubo-de-ensaio\/\" \/>\n<meta property=\"og:site_name\" content=\"Loja de produtos para laboratorio\" \/>\n<meta property=\"article:modified_time\" content=\"2025-12-15T13:34:08+00:00\" \/>\n<meta property=\"og:image\" content=\"https:\/\/escolhelab.com.br\/wp-content\/uploads\/2025\/12\/pinca-para-tubo-ensaio-de-metal-escolhelab-com-br.webp\" \/>\n\t<meta property=\"og:image:width\" content=\"700\" \/>\n\t<meta property=\"og:image:height\" content=\"800\" \/>\n\t<meta property=\"og:image:type\" content=\"image\/webp\" \/>\n<meta name=\"twitter:card\" content=\"summary_large_image\" \/>\n<meta name=\"twitter:label1\" content=\"Est. reading time\" \/>\n\t<meta name=\"twitter:data1\" content=\"1 minute\" \/>\n<script type=\"application\/ld+json\" class=\"yoast-schema-graph\">{\"@context\":\"https:\\\/\\\/schema.org\",\"@graph\":[{\"@type\":\"WebPage\",\"@id\":\"https:\\\/\\\/escolhelab.com.br\\\/pinca-para-tubo-de-ensaio\\\/\",\"url\":\"https:\\\/\\\/escolhelab.com.br\\\/pinca-para-tubo-de-ensaio\\\/\",\"name\":\"Pin\u00e7a para Tubo de Ensaio\",\"isPartOf\":{\"@id\":\"https:\\\/\\\/escolhelab.com.br\\\/#website\"},\"primaryImageOfPage\":{\"@id\":\"https:\\\/\\\/escolhelab.com.br\\\/pinca-para-tubo-de-ensaio\\\/#primaryimage\"},\"image\":{\"@id\":\"https:\\\/\\\/escolhelab.com.br\\\/pinca-para-tubo-de-ensaio\\\/#primaryimage\"},\"thumbnailUrl\":\"https:\\\/\\\/escolhelab.com.br\\\/wp-content\\\/uploads\\\/2025\\\/12\\\/pinca-para-tubo-ensaio-de-metal-escolhelab-com-br.webp\",\"datePublished\":\"2025-12-15T12:48:44+00:00\",\"dateModified\":\"2025-12-15T13:34:08+00:00\",\"description\":\"% Pin\u00e7a para Tubo de EnsaioPin\u00e7a para tubo de ensaio em arame de a\u00e7o inoxid\u00e1vel, 3 mm de espessura e 18 cm de comprimento.\",\"breadcrumb\":{\"@id\":\"https:\\\/\\\/escolhelab.com.br\\\/pinca-para-tubo-de-ensaio\\\/#breadcrumb\"},\"inLanguage\":\"en-US\",\"potentialAction\":[{\"@type\":\"ReadAction\",\"target\":[\"https:\\\/\\\/escolhelab.com.br\\\/pinca-para-tubo-de-ensaio\\\/\"]}]},{\"@type\":\"ImageObject\",\"inLanguage\":\"en-US\",\"@id\":\"https:\\\/\\\/escolhelab.com.br\\\/pinca-para-tubo-de-ensaio\\\/#primaryimage\",\"url\":\"https:\\\/\\\/escolhelab.com.br\\\/wp-content\\\/uploads\\\/2025\\\/12\\\/pinca-para-tubo-ensaio-de-metal-escolhelab-com-br.webp\",\"contentUrl\":\"https:\\\/\\\/escolhelab.com.br\\\/wp-content\\\/uploads\\\/2025\\\/12\\\/pinca-para-tubo-ensaio-de-metal-escolhelab-com-br.webp\",\"width\":700,\"height\":800},{\"@type\":\"BreadcrumbList\",\"@id\":\"https:\\\/\\\/escolhelab.com.br\\\/pinca-para-tubo-de-ensaio\\\/#breadcrumb\",\"itemListElement\":[{\"@type\":\"ListItem\",\"position\":1,\"name\":\"In\u00edcio\",\"item\":\"https:\\\/\\\/escolhelab.com.br\\\/\"},{\"@type\":\"ListItem\",\"position\":2,\"name\":\"loja\",\"item\":\"https:\\\/\\\/escolhelab.com.br\\\/loja\\\/\"},{\"@type\":\"ListItem\",\"position\":3,\"name\":\"Pin\u00e7a para Tubo de Ensaio\"}]},{\"@type\":\"WebSite\",\"@id\":\"https:\\\/\\\/escolhelab.com.br\\\/#website\",\"url\":\"https:\\\/\\\/escolhelab.com.br\\\/\",\"name\":\"Loja de produtos para laboratorio\",\"description\":\"Produtos para Laborat\u00f3rio,Artigos e outros na loja do quimico\",\"publisher\":{\"@id\":\"https:\\\/\\\/escolhelab.com.br\\\/#organization\"},\"alternateName\":\"escolhelab\",\"potentialAction\":[{\"@type\":\"SearchAction\",\"target\":{\"@type\":\"EntryPoint\",\"urlTemplate\":\"https:\\\/\\\/escolhelab.com.br\\\/?s={search_term_string}\"},\"query-input\":{\"@type\":\"PropertyValueSpecification\",\"valueRequired\":true,\"valueName\":\"search_term_string\"}}],\"inLanguage\":\"en-US\"},{\"@type\":\"Organization\",\"@id\":\"https:\\\/\\\/escolhelab.com.br\\\/#organization\",\"name\":\"loja escolhelab\",\"alternateName\":\"escolhelab\",\"url\":\"https:\\\/\\\/escolhelab.com.br\\\/\",\"logo\":{\"@type\":\"ImageObject\",\"inLanguage\":\"en-US\",\"@id\":\"https:\\\/\\\/escolhelab.com.br\\\/#\\\/schema\\\/logo\\\/image\\\/\",\"url\":\"https:\\\/\\\/escolhelab.com.br\\\/wp-content\\\/uploads\\\/2024\\\/12\\\/icone-e-512-512escolhelab-com-br-2-800x800.png\",\"contentUrl\":\"https:\\\/\\\/escolhelab.com.br\\\/wp-content\\\/uploads\\\/2024\\\/12\\\/icone-e-512-512escolhelab-com-br-2-800x800.png\",\"width\":800,\"height\":800,\"caption\":\"loja escolhelab\"},\"image\":{\"@id\":\"https:\\\/\\\/escolhelab.com.br\\\/#\\\/schema\\\/logo\\\/image\\\/\"}}]}<\/script>\n<!-- \/ Yoast SEO Premium plugin. -->","yoast_head_json":{"title":"Pin\u00e7a para Tubo de Ensaio","description":"% Pin\u00e7a para Tubo de EnsaioPin\u00e7a para tubo de ensaio em arame de a\u00e7o inoxid\u00e1vel, 3 mm de espessura e 18 cm de comprimento.","robots":{"index":"index","follow":"follow","max-snippet":"max-snippet:-1","max-image-preview":"max-image-preview:large","max-video-preview":"max-video-preview:-1"},"canonical":"https:\/\/escolhelab.com.br\/en\/pinca-para-tubo-de-ensaio\/","og_locale":"en_US","og_type":"article","og_title":"Pin\u00e7a para Tubo de Ensaio","og_description":"% Pin\u00e7a para Tubo de EnsaioPin\u00e7a para tubo de ensaio em arame de a\u00e7o inoxid\u00e1vel, 3 mm de espessura e 18 cm de comprimento.","og_url":"https:\/\/escolhelab.com.br\/en\/pinca-para-tubo-de-ensaio\/","og_site_name":"Loja de produtos para laboratorio","article_modified_time":"2025-12-15T13:34:08+00:00","og_image":[{"width":700,"height":800,"url":"https:\/\/escolhelab.com.br\/wp-content\/uploads\/2025\/12\/pinca-para-tubo-ensaio-de-metal-escolhelab-com-br.webp","type":"image\/webp"}],"twitter_card":"summary_large_image","twitter_misc":{"Est. reading time":"1 minute"},"schema":{"@context":"https:\/\/schema.org","@graph":[{"@type":"WebPage","@id":"https:\/\/escolhelab.com.br\/pinca-para-tubo-de-ensaio\/","url":"https:\/\/escolhelab.com.br\/pinca-para-tubo-de-ensaio\/","name":"Pin\u00e7a para Tubo de Ensaio","isPartOf":{"@id":"https:\/\/escolhelab.com.br\/#website"},"primaryImageOfPage":{"@id":"https:\/\/escolhelab.com.br\/pinca-para-tubo-de-ensaio\/#primaryimage"},"image":{"@id":"https:\/\/escolhelab.com.br\/pinca-para-tubo-de-ensaio\/#primaryimage"},"thumbnailUrl":"https:\/\/escolhelab.com.br\/wp-content\/uploads\/2025\/12\/pinca-para-tubo-ensaio-de-metal-escolhelab-com-br.webp","datePublished":"2025-12-15T12:48:44+00:00","dateModified":"2025-12-15T13:34:08+00:00","description":"% Pin\u00e7a para Tubo de EnsaioPin\u00e7a para tubo de ensaio em arame de a\u00e7o inoxid\u00e1vel, 3 mm de espessura e 18 cm de comprimento.","breadcrumb":{"@id":"https:\/\/escolhelab.com.br\/pinca-para-tubo-de-ensaio\/#breadcrumb"},"inLanguage":"en-US","potentialAction":[{"@type":"ReadAction","target":["https:\/\/escolhelab.com.br\/pinca-para-tubo-de-ensaio\/"]}]},{"@type":"ImageObject","inLanguage":"en-US","@id":"https:\/\/escolhelab.com.br\/pinca-para-tubo-de-ensaio\/#primaryimage","url":"https:\/\/escolhelab.com.br\/wp-content\/uploads\/2025\/12\/pinca-para-tubo-ensaio-de-metal-escolhelab-com-br.webp","contentUrl":"https:\/\/escolhelab.com.br\/wp-content\/uploads\/2025\/12\/pinca-para-tubo-ensaio-de-metal-escolhelab-com-br.webp","width":700,"height":800},{"@type":"BreadcrumbList","@id":"https:\/\/escolhelab.com.br\/pinca-para-tubo-de-ensaio\/#breadcrumb","itemListElement":[{"@type":"ListItem","position":1,"name":"In\u00edcio","item":"https:\/\/escolhelab.com.br\/"},{"@type":"ListItem","position":2,"name":"loja","item":"https:\/\/escolhelab.com.br\/loja\/"},{"@type":"ListItem","position":3,"name":"Pin\u00e7a para Tubo de Ensaio"}]},{"@type":"WebSite","@id":"https:\/\/escolhelab.com.br\/#website","url":"https:\/\/escolhelab.com.br\/","name":"Loja de produtos para laboratorio","description":"Produtos para Laborat\u00f3rio,Artigos e outros na loja do quimico","publisher":{"@id":"https:\/\/escolhelab.com.br\/#organization"},"alternateName":"escolhelab","potentialAction":[{"@type":"SearchAction","target":{"@type":"EntryPoint","urlTemplate":"https:\/\/escolhelab.com.br\/?s={search_term_string}"},"query-input":{"@type":"PropertyValueSpecification","valueRequired":true,"valueName":"search_term_string"}}],"inLanguage":"en-US"},{"@type":"Organization","@id":"https:\/\/escolhelab.com.br\/#organization","name":"loja escolhelab","alternateName":"escolhelab","url":"https:\/\/escolhelab.com.br\/","logo":{"@type":"ImageObject","inLanguage":"en-US","@id":"https:\/\/escolhelab.com.br\/#\/schema\/logo\/image\/","url":"https:\/\/escolhelab.com.br\/wp-content\/uploads\/2024\/12\/icone-e-512-512escolhelab-com-br-2-800x800.png","contentUrl":"https:\/\/escolhelab.com.br\/wp-content\/uploads\/2024\/12\/icone-e-512-512escolhelab-com-br-2-800x800.png","width":800,"height":800,"caption":"loja escolhelab"},"image":{"@id":"https:\/\/escolhelab.com.br\/#\/schema\/logo\/image\/"}}]}},"tiered_pricing_type":"percentage","tiered_pricing_fixed_rules":[],"tiered_pricing_product_settings":{"layout":"default","base_unit_name":{"singular":null,"plural":null},"default_variation":null},"tiered_pricing_minimum_quantity":null,"tiered_pricing_roles_data":[],"tiered_pricing_percentage_rules":{"3":"3","6":"4","9":"5"},"tiered_pricing_maximum_quantity":null,"tiered_pricing_quantity_step":null,"_links":{"self":[{"href":"https:\/\/escolhelab.com.br\/en\/wp-json\/wp\/v2\/product\/40124","targetHints":{"allow":["GET"]}}],"collection":[{"href":"https:\/\/escolhelab.com.br\/en\/wp-json\/wp\/v2\/product"}],"about":[{"href":"https:\/\/escolhelab.com.br\/en\/wp-json\/wp\/v2\/types\/product"}],"replies":[{"embeddable":true,"href":"https:\/\/escolhelab.com.br\/en\/wp-json\/wp\/v2\/comments?post=40124"}],"version-history":[{"count":0,"href":"https:\/\/escolhelab.com.br\/en\/wp-json\/wp\/v2\/product\/40124\/revisions"}],"wp:featuredmedia":[{"embeddable":true,"href":"https:\/\/escolhelab.com.br\/en\/wp-json\/wp\/v2\/media\/40127"}],"wp:attachment":[{"href":"https:\/\/escolhelab.com.br\/en\/wp-json\/wp\/v2\/media?parent=40124"}],"wp:term":[{"taxonomy":"product_brand","embeddable":true,"href":"https:\/\/escolhelab.com.br\/en\/wp-json\/wp\/v2\/product_brand?post=40124"},{"taxonomy":"product_cat","embeddable":true,"href":"https:\/\/escolhelab.com.br\/en\/wp-json\/wp\/v2\/product_cat?post=40124"},{"taxonomy":"product_tag","embeddable":true,"href":"https:\/\/escolhelab.com.br\/en\/wp-json\/wp\/v2\/product_tag?post=40124"}],"curies":[{"name":"wp","href":"https:\/\/api.w.org\/{rel}","templated":true}]}}