{"id":42844,"date":"2026-02-03T17:22:23","date_gmt":"2026-02-03T20:22:23","guid":{"rendered":"https:\/\/escolhelab.com.br\/?post_type=product&#038;p=42844"},"modified":"2026-02-09T23:50:36","modified_gmt":"2026-02-10T02:50:36","slug":"cone-de-imhoff-capacidade-1000ml-em-san-copia","status":"publish","type":"product","link":"https:\/\/escolhelab.com.br\/en\/cone-de-imhoff-capacidade-1000ml-em-san-copia\/","title":{"rendered":"Cone de Imhoff capacidade 1000ml em SAN (c\u00f3pia)"},"content":{"rendered":"<h2><span style=\"font-family: helvetica, arial, sans-serif;\">Cone de Imhoff capacidade 1000ml em SAN<br \/>\n<\/span><\/h2>\n<p><span style=\"font-family: helvetica, arial, sans-serif;\">Cone Imhoff 1L Graduado 1-1000mL com Tampa Inferior Rosca para Drenagem. Pl\u00e1stico SAN Gradua\u00e7\u00e3o Alto Relevo. Di\u00e2metro Boca 80mm Interno &#8211;<\/span><\/p>\n<p><span style=\"font-family: helvetica, arial, sans-serif;\">Pl\u00e1stico SAN Transparente, Alta Claridade, Copol\u00edmero de contato com Alimentos Aceit\u00e1vel;<\/span><br \/>\n<span style=\"font-family: helvetica, arial, sans-serif;\">Tampa Rosca em PP;<\/span><br \/>\n<span style=\"font-family: helvetica, arial, sans-serif;\">Fabrica\u00e7\u00e3o conforme DIN 12672;<\/span><br \/>\n<span style=\"font-family: helvetica, arial, sans-serif;\">Excelente Resist\u00eancia Qu\u00edmica, Dimensional e T\u00e9rmica (at\u00e9 85\u00b0C);<\/span><br \/>\n<span style=\"font-family: helvetica, arial, sans-serif;\">Boa Estabilidade Dimensional e de Fluxo;<\/span><br \/>\n<span style=\"font-family: helvetica, arial, sans-serif;\">Gradua\u00e7\u00e3o: 0-2mL: 0,1mL e 2-10mL: 0,5mL e 10-40mL: 1mL e 40-100mL: 2mL e 100-1000: 50mL.<\/span><\/p>\n<p><span style=\"font-family: helvetica, arial, sans-serif;\">IMPORTANTE:<\/span><\/p>\n<p><span style=\"font-family: helvetica, arial, sans-serif;\">Diferen\u00e7as entre Pl\u00e1stico SAN e Acr\u00edlico:<\/span><\/p>\n<p><span style=\"font-family: helvetica, arial, sans-serif;\">A principal diferen\u00e7a de resist\u00eancia entre o acr\u00edlico e o pl\u00e1stico SAN \u00e9 que o SAN \u00e9 mais resistente a impactos e a produtos qu\u00edmicos, enquanto o acr\u00edlico \u00e9 mais resistente a arranh\u00f5es e a raios UV.<\/span><\/p>\n<p><span style=\"font-family: helvetica, arial, sans-serif;\">Pl\u00e1stico SAN (Estireno Acrilonitrila)<\/span><br \/>\n<span style=\"font-family: helvetica, arial, sans-serif;\">O SAN, um copol\u00edmero de estireno e acrilonitrila, destaca-se por:<\/span><br \/>\n<span style=\"font-family: helvetica, arial, sans-serif;\">* Resist\u00eancia a impactos: \u00c9 consideravelmente mais resistente a impactos e quebras do que o acr\u00edlico. \u00c9 uma op\u00e7\u00e3o mais robusta para utens\u00edlios e componentes que podem sofrer quedas.<\/span><br \/>\n<span style=\"font-family: helvetica, arial, sans-serif;\">* Resist\u00eancia qu\u00edmica: Possui melhor resist\u00eancia qu\u00edmica que o acr\u00edlico, suportando uma variedade maior de subst\u00e2ncias.<\/span><br \/>\n<span style=\"font-family: helvetica, arial, sans-serif;\">* Transpar\u00eancia: Apresenta boa transpar\u00eancia, mas geralmente \u00e9 um pouco inferior \u00e0 do acr\u00edlico, podendo ter uma leve colora\u00e7\u00e3o.<\/span><br \/>\n<span style=\"font-family: helvetica, arial, sans-serif;\">* Resist\u00eancia a arranh\u00f5es: \u00c9 mais suscet\u00edvel a riscos e arranh\u00f5es superficiais do que o acr\u00edlico.<\/span><br \/>\n<span style=\"font-family: helvetica, arial, sans-serif;\">* Resist\u00eancia a raios UV: N\u00e3o possui a mesma resist\u00eancia a raios UV que o acr\u00edlico, a menos que aditivos de prote\u00e7\u00e3o sejam adicionado.<\/span><\/p>\n<p><span style=\"font-family: helvetica, arial, sans-serif;\">Acr\u00edlico (PMMA)<\/span><br \/>\n<span style=\"font-family: helvetica, arial, sans-serif;\">O acr\u00edlico, ou polimetilmetacrilato (PMMA), tem as seguintes caracter\u00edsticas:<\/span><br \/>\n<span style=\"font-family: helvetica, arial, sans-serif;\">* Resist\u00eancia a arranh\u00f5es: \u00c9 menos propenso a riscos superficiais do que o SAN ou o poliestireno.<\/span><br \/>\n<span style=\"font-family: helvetica, arial, sans-serif;\">* Transpar\u00eancia: Possui uma transpar\u00eancia e brilho superiores, muitas vezes comparada \u00e0 do vidro, sem o tom azulado ou amarelado de outros pl\u00e1sticos.<\/span><br \/>\n<span style=\"font-family: helvetica, arial, sans-serif;\">* Resist\u00eancia a raios UV: \u00c9 naturalmente resistente aos raios ultravioleta, o que o torna ideal para aplica\u00e7\u00f5es externas, pois n\u00e3o amarela ou perde a transpar\u00eancia com o tempo.<\/span><br \/>\n<span style=\"font-family: helvetica, arial, sans-serif;\">* Resist\u00eancia a impactos: Embora seja mais resistente do que o vidro, \u00e9 mais r\u00edgido e pode lascar ou quebrar com mais facilidade sob impactos fortes do que o SAN.<\/span><br \/>\n<span style=\"font-family: helvetica, arial, sans-serif;\">* Resist\u00eancia qu\u00edmica: \u00c9 mais sens\u00edvel a produtos qu\u00edmicos, e a limpeza com subst\u00e2ncias abrasivas ou solventes como \u00e1lcool, t\u00edner ou am\u00f4nia pode danific\u00e1-lo.<\/span><\/p>\n<h2><span style=\"font-family: helvetica, arial, sans-serif;\">\u00a0<\/span><\/h2>","protected":false},"excerpt":{"rendered":"<p><span style=\"font-family: helvetica, arial, sans-serif;\">Cone Imhoff 1L Graduado 1-1000mL com Tampa Inferior Rosca para Drenagem. Pl\u00e1stico SAN Gradua\u00e7\u00e3o Alto Relevo. Di\u00e2metro Boca 80mm Interno &#8211;<\/span><\/p>","protected":false},"featured_media":42841,"comment_status":"open","ping_status":"closed","template":"","meta":{"_acf_changed":false,"iawp_total_views":11},"product_brand":[],"product_cat":[730,606],"product_tag":[],"class_list":{"0":"post-42844","1":"product","2":"type-product","3":"status-publish","4":"has-post-thumbnail","6":"product_cat-plastico-e-borrachas","7":"product_cat-quimico","8":"product_shipping_class-produtos-laboratorio-quimico","10":"first","11":"instock","12":"sale","13":"shipping-taxable","14":"purchasable","15":"product-type-simple"},"acf":[],"yoast_head":"<!-- This site is optimized with the Yoast SEO Premium plugin v26.2 (Yoast SEO v27.3) - https:\/\/yoast.com\/product\/yoast-seo-premium-wordpress\/ -->\n<title>Cone de Imhoff capacidade 1000ml em SAN (c\u00f3pia)<\/title>\n<meta name=\"description\" content=\"Cone Imhoff 1L Graduado 1-1000mL com Tampa Inferior Rosca para Drenagem. Pl\u00e1stico SAN Gradua\u00e7\u00e3o Alto Relevo. Di\u00e2metro Boca 80mm Interno -\" \/>\n<meta name=\"robots\" content=\"index, follow, max-snippet:-1, max-image-preview:large, max-video-preview:-1\" \/>\n<link rel=\"canonical\" href=\"https:\/\/escolhelab.com.br\/en\/cone-de-imhoff-capacidade-1000ml-em-san-copia\/\" \/>\n<meta property=\"og:locale\" content=\"en_US\" \/>\n<meta property=\"og:type\" content=\"article\" \/>\n<meta property=\"og:title\" content=\"Cone de Imhoff capacidade 1000ml em SAN (c\u00f3pia)\" \/>\n<meta property=\"og:description\" content=\"Cone Imhoff 1L Graduado 1-1000mL com Tampa Inferior Rosca para Drenagem. Pl\u00e1stico SAN Gradua\u00e7\u00e3o Alto Relevo. Di\u00e2metro Boca 80mm Interno -\" \/>\n<meta property=\"og:url\" content=\"https:\/\/escolhelab.com.br\/en\/cone-de-imhoff-capacidade-1000ml-em-san-copia\/\" \/>\n<meta property=\"og:site_name\" content=\"Loja de produtos para laboratorio\" \/>\n<meta property=\"article:modified_time\" content=\"2026-02-10T02:50:36+00:00\" \/>\n<meta property=\"og:image\" content=\"https:\/\/escolhelab.com.br\/wp-content\/uploads\/2026\/02\/Cone-de-Imhoff-escolhelab-com-br-1.png\" \/>\n\t<meta property=\"og:image:width\" content=\"700\" \/>\n\t<meta property=\"og:image:height\" content=\"800\" \/>\n\t<meta property=\"og:image:type\" content=\"image\/png\" \/>\n<meta name=\"twitter:card\" content=\"summary_large_image\" \/>\n<meta name=\"twitter:label1\" content=\"Est. reading time\" \/>\n\t<meta name=\"twitter:data1\" content=\"3 minutes\" \/>\n<script type=\"application\/ld+json\" class=\"yoast-schema-graph\">{\"@context\":\"https:\\\/\\\/schema.org\",\"@graph\":[{\"@type\":\"WebPage\",\"@id\":\"https:\\\/\\\/escolhelab.com.br\\\/cone-de-imhoff-capacidade-1000ml-em-san-copia\\\/\",\"url\":\"https:\\\/\\\/escolhelab.com.br\\\/cone-de-imhoff-capacidade-1000ml-em-san-copia\\\/\",\"name\":\"Cone de Imhoff capacidade 1000ml em SAN (c\u00f3pia)\",\"isPartOf\":{\"@id\":\"https:\\\/\\\/escolhelab.com.br\\\/#website\"},\"primaryImageOfPage\":{\"@id\":\"https:\\\/\\\/escolhelab.com.br\\\/cone-de-imhoff-capacidade-1000ml-em-san-copia\\\/#primaryimage\"},\"image\":{\"@id\":\"https:\\\/\\\/escolhelab.com.br\\\/cone-de-imhoff-capacidade-1000ml-em-san-copia\\\/#primaryimage\"},\"thumbnailUrl\":\"https:\\\/\\\/escolhelab.com.br\\\/wp-content\\\/uploads\\\/2026\\\/02\\\/Cone-de-Imhoff-escolhelab-com-br-1.png\",\"datePublished\":\"2026-02-03T20:22:23+00:00\",\"dateModified\":\"2026-02-10T02:50:36+00:00\",\"description\":\"Cone Imhoff 1L Graduado 1-1000mL com Tampa Inferior Rosca para Drenagem. Pl\u00e1stico SAN Gradua\u00e7\u00e3o Alto Relevo. Di\u00e2metro Boca 80mm Interno -\",\"breadcrumb\":{\"@id\":\"https:\\\/\\\/escolhelab.com.br\\\/cone-de-imhoff-capacidade-1000ml-em-san-copia\\\/#breadcrumb\"},\"inLanguage\":\"en-US\",\"potentialAction\":[{\"@type\":\"ReadAction\",\"target\":[\"https:\\\/\\\/escolhelab.com.br\\\/cone-de-imhoff-capacidade-1000ml-em-san-copia\\\/\"]}]},{\"@type\":\"ImageObject\",\"inLanguage\":\"en-US\",\"@id\":\"https:\\\/\\\/escolhelab.com.br\\\/cone-de-imhoff-capacidade-1000ml-em-san-copia\\\/#primaryimage\",\"url\":\"https:\\\/\\\/escolhelab.com.br\\\/wp-content\\\/uploads\\\/2026\\\/02\\\/Cone-de-Imhoff-escolhelab-com-br-1.png\",\"contentUrl\":\"https:\\\/\\\/escolhelab.com.br\\\/wp-content\\\/uploads\\\/2026\\\/02\\\/Cone-de-Imhoff-escolhelab-com-br-1.png\",\"width\":700,\"height\":800},{\"@type\":\"BreadcrumbList\",\"@id\":\"https:\\\/\\\/escolhelab.com.br\\\/cone-de-imhoff-capacidade-1000ml-em-san-copia\\\/#breadcrumb\",\"itemListElement\":[{\"@type\":\"ListItem\",\"position\":1,\"name\":\"In\u00edcio\",\"item\":\"https:\\\/\\\/escolhelab.com.br\\\/\"},{\"@type\":\"ListItem\",\"position\":2,\"name\":\"loja\",\"item\":\"https:\\\/\\\/escolhelab.com.br\\\/loja\\\/\"},{\"@type\":\"ListItem\",\"position\":3,\"name\":\"Cone de Imhoff capacidade 1000ml em SAN (c\u00f3pia)\"}]},{\"@type\":\"WebSite\",\"@id\":\"https:\\\/\\\/escolhelab.com.br\\\/#website\",\"url\":\"https:\\\/\\\/escolhelab.com.br\\\/\",\"name\":\"Loja de produtos para laboratorio\",\"description\":\"Produtos para Laborat\u00f3rio,Artigos e outros na loja do quimico\",\"publisher\":{\"@id\":\"https:\\\/\\\/escolhelab.com.br\\\/#organization\"},\"alternateName\":\"escolhelab\",\"potentialAction\":[{\"@type\":\"SearchAction\",\"target\":{\"@type\":\"EntryPoint\",\"urlTemplate\":\"https:\\\/\\\/escolhelab.com.br\\\/?s={search_term_string}\"},\"query-input\":{\"@type\":\"PropertyValueSpecification\",\"valueRequired\":true,\"valueName\":\"search_term_string\"}}],\"inLanguage\":\"en-US\"},{\"@type\":\"Organization\",\"@id\":\"https:\\\/\\\/escolhelab.com.br\\\/#organization\",\"name\":\"loja escolhelab\",\"alternateName\":\"escolhelab\",\"url\":\"https:\\\/\\\/escolhelab.com.br\\\/\",\"logo\":{\"@type\":\"ImageObject\",\"inLanguage\":\"en-US\",\"@id\":\"https:\\\/\\\/escolhelab.com.br\\\/#\\\/schema\\\/logo\\\/image\\\/\",\"url\":\"https:\\\/\\\/escolhelab.com.br\\\/wp-content\\\/uploads\\\/2024\\\/12\\\/icone-e-512-512escolhelab-com-br-2-800x800.png\",\"contentUrl\":\"https:\\\/\\\/escolhelab.com.br\\\/wp-content\\\/uploads\\\/2024\\\/12\\\/icone-e-512-512escolhelab-com-br-2-800x800.png\",\"width\":800,\"height\":800,\"caption\":\"loja escolhelab\"},\"image\":{\"@id\":\"https:\\\/\\\/escolhelab.com.br\\\/#\\\/schema\\\/logo\\\/image\\\/\"}}]}<\/script>\n<!-- \/ Yoast SEO Premium plugin. -->","yoast_head_json":{"title":"Cone de Imhoff capacidade 1000ml em SAN (c\u00f3pia)","description":"Cone Imhoff 1L Graduado 1-1000mL com Tampa Inferior Rosca para Drenagem. Pl\u00e1stico SAN Gradua\u00e7\u00e3o Alto Relevo. Di\u00e2metro Boca 80mm Interno -","robots":{"index":"index","follow":"follow","max-snippet":"max-snippet:-1","max-image-preview":"max-image-preview:large","max-video-preview":"max-video-preview:-1"},"canonical":"https:\/\/escolhelab.com.br\/en\/cone-de-imhoff-capacidade-1000ml-em-san-copia\/","og_locale":"en_US","og_type":"article","og_title":"Cone de Imhoff capacidade 1000ml em SAN (c\u00f3pia)","og_description":"Cone Imhoff 1L Graduado 1-1000mL com Tampa Inferior Rosca para Drenagem. Pl\u00e1stico SAN Gradua\u00e7\u00e3o Alto Relevo. Di\u00e2metro Boca 80mm Interno -","og_url":"https:\/\/escolhelab.com.br\/en\/cone-de-imhoff-capacidade-1000ml-em-san-copia\/","og_site_name":"Loja de produtos para laboratorio","article_modified_time":"2026-02-10T02:50:36+00:00","og_image":[{"width":700,"height":800,"url":"https:\/\/escolhelab.com.br\/wp-content\/uploads\/2026\/02\/Cone-de-Imhoff-escolhelab-com-br-1.png","type":"image\/png"}],"twitter_card":"summary_large_image","twitter_misc":{"Est. reading time":"3 minutes"},"schema":{"@context":"https:\/\/schema.org","@graph":[{"@type":"WebPage","@id":"https:\/\/escolhelab.com.br\/cone-de-imhoff-capacidade-1000ml-em-san-copia\/","url":"https:\/\/escolhelab.com.br\/cone-de-imhoff-capacidade-1000ml-em-san-copia\/","name":"Cone de Imhoff capacidade 1000ml em SAN (c\u00f3pia)","isPartOf":{"@id":"https:\/\/escolhelab.com.br\/#website"},"primaryImageOfPage":{"@id":"https:\/\/escolhelab.com.br\/cone-de-imhoff-capacidade-1000ml-em-san-copia\/#primaryimage"},"image":{"@id":"https:\/\/escolhelab.com.br\/cone-de-imhoff-capacidade-1000ml-em-san-copia\/#primaryimage"},"thumbnailUrl":"https:\/\/escolhelab.com.br\/wp-content\/uploads\/2026\/02\/Cone-de-Imhoff-escolhelab-com-br-1.png","datePublished":"2026-02-03T20:22:23+00:00","dateModified":"2026-02-10T02:50:36+00:00","description":"Cone Imhoff 1L Graduado 1-1000mL com Tampa Inferior Rosca para Drenagem. Pl\u00e1stico SAN Gradua\u00e7\u00e3o Alto Relevo. Di\u00e2metro Boca 80mm Interno -","breadcrumb":{"@id":"https:\/\/escolhelab.com.br\/cone-de-imhoff-capacidade-1000ml-em-san-copia\/#breadcrumb"},"inLanguage":"en-US","potentialAction":[{"@type":"ReadAction","target":["https:\/\/escolhelab.com.br\/cone-de-imhoff-capacidade-1000ml-em-san-copia\/"]}]},{"@type":"ImageObject","inLanguage":"en-US","@id":"https:\/\/escolhelab.com.br\/cone-de-imhoff-capacidade-1000ml-em-san-copia\/#primaryimage","url":"https:\/\/escolhelab.com.br\/wp-content\/uploads\/2026\/02\/Cone-de-Imhoff-escolhelab-com-br-1.png","contentUrl":"https:\/\/escolhelab.com.br\/wp-content\/uploads\/2026\/02\/Cone-de-Imhoff-escolhelab-com-br-1.png","width":700,"height":800},{"@type":"BreadcrumbList","@id":"https:\/\/escolhelab.com.br\/cone-de-imhoff-capacidade-1000ml-em-san-copia\/#breadcrumb","itemListElement":[{"@type":"ListItem","position":1,"name":"In\u00edcio","item":"https:\/\/escolhelab.com.br\/"},{"@type":"ListItem","position":2,"name":"loja","item":"https:\/\/escolhelab.com.br\/loja\/"},{"@type":"ListItem","position":3,"name":"Cone de Imhoff capacidade 1000ml em SAN (c\u00f3pia)"}]},{"@type":"WebSite","@id":"https:\/\/escolhelab.com.br\/#website","url":"https:\/\/escolhelab.com.br\/","name":"Loja de produtos para laboratorio","description":"Produtos para Laborat\u00f3rio,Artigos e outros na loja do quimico","publisher":{"@id":"https:\/\/escolhelab.com.br\/#organization"},"alternateName":"escolhelab","potentialAction":[{"@type":"SearchAction","target":{"@type":"EntryPoint","urlTemplate":"https:\/\/escolhelab.com.br\/?s={search_term_string}"},"query-input":{"@type":"PropertyValueSpecification","valueRequired":true,"valueName":"search_term_string"}}],"inLanguage":"en-US"},{"@type":"Organization","@id":"https:\/\/escolhelab.com.br\/#organization","name":"loja escolhelab","alternateName":"escolhelab","url":"https:\/\/escolhelab.com.br\/","logo":{"@type":"ImageObject","inLanguage":"en-US","@id":"https:\/\/escolhelab.com.br\/#\/schema\/logo\/image\/","url":"https:\/\/escolhelab.com.br\/wp-content\/uploads\/2024\/12\/icone-e-512-512escolhelab-com-br-2-800x800.png","contentUrl":"https:\/\/escolhelab.com.br\/wp-content\/uploads\/2024\/12\/icone-e-512-512escolhelab-com-br-2-800x800.png","width":800,"height":800,"caption":"loja escolhelab"},"image":{"@id":"https:\/\/escolhelab.com.br\/#\/schema\/logo\/image\/"}}]}},"tiered_pricing_type":"percentage","tiered_pricing_fixed_rules":[],"tiered_pricing_product_settings":{"layout":"default","base_unit_name":{"singular":null,"plural":null},"default_variation":null},"tiered_pricing_minimum_quantity":null,"tiered_pricing_roles_data":[],"tiered_pricing_percentage_rules":{"2":"4"},"tiered_pricing_maximum_quantity":null,"tiered_pricing_quantity_step":null,"_links":{"self":[{"href":"https:\/\/escolhelab.com.br\/en\/wp-json\/wp\/v2\/product\/42844","targetHints":{"allow":["GET"]}}],"collection":[{"href":"https:\/\/escolhelab.com.br\/en\/wp-json\/wp\/v2\/product"}],"about":[{"href":"https:\/\/escolhelab.com.br\/en\/wp-json\/wp\/v2\/types\/product"}],"replies":[{"embeddable":true,"href":"https:\/\/escolhelab.com.br\/en\/wp-json\/wp\/v2\/comments?post=42844"}],"version-history":[{"count":0,"href":"https:\/\/escolhelab.com.br\/en\/wp-json\/wp\/v2\/product\/42844\/revisions"}],"wp:featuredmedia":[{"embeddable":true,"href":"https:\/\/escolhelab.com.br\/en\/wp-json\/wp\/v2\/media\/42841"}],"wp:attachment":[{"href":"https:\/\/escolhelab.com.br\/en\/wp-json\/wp\/v2\/media?parent=42844"}],"wp:term":[{"taxonomy":"product_brand","embeddable":true,"href":"https:\/\/escolhelab.com.br\/en\/wp-json\/wp\/v2\/product_brand?post=42844"},{"taxonomy":"product_cat","embeddable":true,"href":"https:\/\/escolhelab.com.br\/en\/wp-json\/wp\/v2\/product_cat?post=42844"},{"taxonomy":"product_tag","embeddable":true,"href":"https:\/\/escolhelab.com.br\/en\/wp-json\/wp\/v2\/product_tag?post=42844"}],"curies":[{"name":"wp","href":"https:\/\/api.w.org\/{rel}","templated":true}]}}