{"id":42875,"date":"2026-02-04T18:38:01","date_gmt":"2026-02-04T21:38:01","guid":{"rendered":"https:\/\/escolhelab.com.br\/?post_type=product&#038;p=42875"},"modified":"2026-02-19T08:53:31","modified_gmt":"2026-02-19T11:53:31","slug":"suporte-para-cone-de-imhoff","status":"publish","type":"product","link":"https:\/\/escolhelab.com.br\/en\/suporte-para-cone-de-imhoff\/","title":{"rendered":"Suporte para Cone de Imhoff"},"content":{"rendered":"<h2><span style=\"font-family: helvetica, arial, sans-serif;\">Suporte para Cone de Imhoff<\/span><\/h2>\n<p>Desenvolvido para garantir estabilidade, seguran\u00e7a e organiza\u00e7\u00e3o durante as an\u00e1lises laboratoriais, o Suporte em Polipropileno para Cones Imhoff \u00e9 <span style=\"font-family: helvetica, arial, sans-serif;\">fabricado em polipropileno de alta qualidade, material reconhecido pela excelente resist\u00eancia qu\u00edmica, durabilidade e f\u00e1cil higieniza\u00e7\u00e3o.<\/span><\/p>\n<p><span style=\"font-family: helvetica, arial, sans-serif; font-size: 12pt;\"><strong>Diferenciais do produto:<\/strong><br \/>\n<\/span><span style=\"font-family: helvetica, arial, sans-serif;\">Fabricado em polipropileno de alta resist\u00eancia<\/span><br \/>\n<span style=\"font-family: helvetica, arial, sans-serif;\">Excelente estabilidade para os cones Imhoff<\/span><br \/>\n<span style=\"font-family: helvetica, arial, sans-serif;\">Resistente a reagentes e de f\u00e1cil limpeza<\/span><br \/>\n<span style=\"font-family: helvetica, arial, sans-serif;\">Estrutura robusta, ideal para uso cont\u00ednuo em laborat\u00f3rio<\/p>\n<p><\/span><span style=\"font-family: helvetica, arial, sans-serif; font-size: 14pt;\"><strong>Modelos dispon\u00edveis:<\/strong><br \/>\n<\/span><span style=\"font-family: helvetica, arial, sans-serif;\">Suporte para 2 Cones Imhoff \u2013 Ref. 2900-2<\/span><br \/>\n<span style=\"font-family: helvetica, arial, sans-serif;\">Suporte para 3 Cones Imhoff \u2013 Ref. 2900-3<\/span><\/p>","protected":false},"excerpt":{"rendered":"<p><span style=\"font-family: helvetica, arial, sans-serif;\">Desenvolvido para garantir estabilidade, seguran\u00e7a e organiza\u00e7\u00e3o durante as an\u00e1lises laboratoriais, o Suporte em Polipropileno para Cones Imhoff<\/span><br \/>\n<span style=\"font-family: helvetica, arial, sans-serif;\"><span style=\"font-size: 14pt;\"><strong>Modelos dispon\u00edveis:<\/strong><br \/>\n<\/span>Suporte para 2 Cones Imhoff \u2013 Ref. 2900-2<\/span><br \/>\n<span style=\"font-family: helvetica, arial, sans-serif;\">Suporte para 3 Cones Imhoff \u2013 Ref. 2900-3<\/span><\/p>","protected":false},"featured_media":42876,"comment_status":"closed","ping_status":"closed","template":"","meta":{"_acf_changed":false,"iawp_total_views":6},"product_brand":[],"product_cat":[730,606],"product_tag":[],"class_list":{"0":"post-42875","1":"product","2":"type-product","3":"status-publish","4":"has-post-thumbnail","6":"product_cat-plastico-e-borrachas","7":"product_cat-quimico","9":"first","10":"instock","11":"shipping-taxable","12":"purchasable","13":"product-type-variable"},"acf":[],"yoast_head":"<!-- This site is optimized with the Yoast SEO Premium plugin v26.2 (Yoast SEO v27.3) - https:\/\/yoast.com\/product\/yoast-seo-premium-wordpress\/ -->\n<title>Suporte para Cone de Imhoff<\/title>\n<meta name=\"description\" content=\"Desenvolvido para garantir estabilidade, seguran\u00e7a e organiza\u00e7\u00e3o durante as an\u00e1lises laboratoriais, o Suporte em Polipropileno para Cones Imhoff\" \/>\n<meta name=\"robots\" content=\"index, follow, max-snippet:-1, max-image-preview:large, max-video-preview:-1\" \/>\n<link rel=\"canonical\" href=\"https:\/\/escolhelab.com.br\/en\/suporte-para-cone-de-imhoff\/\" \/>\n<meta property=\"og:locale\" content=\"en_US\" \/>\n<meta property=\"og:type\" content=\"article\" \/>\n<meta property=\"og:title\" content=\"Suporte para Cone de Imhoff\" \/>\n<meta property=\"og:description\" content=\"Desenvolvido para garantir estabilidade, seguran\u00e7a e organiza\u00e7\u00e3o durante as an\u00e1lises laboratoriais, o Suporte em Polipropileno para Cones Imhoff\" \/>\n<meta property=\"og:url\" content=\"https:\/\/escolhelab.com.br\/en\/suporte-para-cone-de-imhoff\/\" \/>\n<meta property=\"og:site_name\" content=\"Loja de produtos para laboratorio\" \/>\n<meta property=\"article:modified_time\" content=\"2026-02-19T11:53:31+00:00\" \/>\n<meta property=\"og:image\" content=\"https:\/\/escolhelab.com.br\/wp-content\/uploads\/2026\/02\/Suporte-Para-Cone-Imhoffm-PP-escolhelab-com-br-1.png\" \/>\n\t<meta property=\"og:image:width\" content=\"700\" \/>\n\t<meta property=\"og:image:height\" content=\"800\" \/>\n\t<meta property=\"og:image:type\" content=\"image\/png\" \/>\n<meta name=\"twitter:card\" content=\"summary_large_image\" \/>\n<meta name=\"twitter:label1\" content=\"Est. reading time\" \/>\n\t<meta name=\"twitter:data1\" content=\"1 minute\" \/>\n<script type=\"application\/ld+json\" class=\"yoast-schema-graph\">{\"@context\":\"https:\\\/\\\/schema.org\",\"@graph\":[{\"@type\":\"WebPage\",\"@id\":\"https:\\\/\\\/escolhelab.com.br\\\/suporte-para-cone-de-imhoff\\\/\",\"url\":\"https:\\\/\\\/escolhelab.com.br\\\/suporte-para-cone-de-imhoff\\\/\",\"name\":\"Suporte para Cone de Imhoff\",\"isPartOf\":{\"@id\":\"https:\\\/\\\/escolhelab.com.br\\\/#website\"},\"primaryImageOfPage\":{\"@id\":\"https:\\\/\\\/escolhelab.com.br\\\/suporte-para-cone-de-imhoff\\\/#primaryimage\"},\"image\":{\"@id\":\"https:\\\/\\\/escolhelab.com.br\\\/suporte-para-cone-de-imhoff\\\/#primaryimage\"},\"thumbnailUrl\":\"https:\\\/\\\/escolhelab.com.br\\\/wp-content\\\/uploads\\\/2026\\\/02\\\/Suporte-Para-Cone-Imhoffm-PP-escolhelab-com-br-1.png\",\"datePublished\":\"2026-02-04T21:38:01+00:00\",\"dateModified\":\"2026-02-19T11:53:31+00:00\",\"description\":\"Desenvolvido para garantir estabilidade, seguran\u00e7a e organiza\u00e7\u00e3o durante as an\u00e1lises laboratoriais, o Suporte em Polipropileno para Cones Imhoff\",\"breadcrumb\":{\"@id\":\"https:\\\/\\\/escolhelab.com.br\\\/suporte-para-cone-de-imhoff\\\/#breadcrumb\"},\"inLanguage\":\"en-US\",\"potentialAction\":[{\"@type\":\"ReadAction\",\"target\":[\"https:\\\/\\\/escolhelab.com.br\\\/suporte-para-cone-de-imhoff\\\/\"]}]},{\"@type\":\"ImageObject\",\"inLanguage\":\"en-US\",\"@id\":\"https:\\\/\\\/escolhelab.com.br\\\/suporte-para-cone-de-imhoff\\\/#primaryimage\",\"url\":\"https:\\\/\\\/escolhelab.com.br\\\/wp-content\\\/uploads\\\/2026\\\/02\\\/Suporte-Para-Cone-Imhoffm-PP-escolhelab-com-br-1.png\",\"contentUrl\":\"https:\\\/\\\/escolhelab.com.br\\\/wp-content\\\/uploads\\\/2026\\\/02\\\/Suporte-Para-Cone-Imhoffm-PP-escolhelab-com-br-1.png\",\"width\":700,\"height\":800},{\"@type\":\"BreadcrumbList\",\"@id\":\"https:\\\/\\\/escolhelab.com.br\\\/suporte-para-cone-de-imhoff\\\/#breadcrumb\",\"itemListElement\":[{\"@type\":\"ListItem\",\"position\":1,\"name\":\"In\u00edcio\",\"item\":\"https:\\\/\\\/escolhelab.com.br\\\/\"},{\"@type\":\"ListItem\",\"position\":2,\"name\":\"loja\",\"item\":\"https:\\\/\\\/escolhelab.com.br\\\/loja\\\/\"},{\"@type\":\"ListItem\",\"position\":3,\"name\":\"Suporte para Cone de Imhoff\"}]},{\"@type\":\"WebSite\",\"@id\":\"https:\\\/\\\/escolhelab.com.br\\\/#website\",\"url\":\"https:\\\/\\\/escolhelab.com.br\\\/\",\"name\":\"Loja de produtos para laboratorio\",\"description\":\"Produtos para Laborat\u00f3rio,Artigos e outros na loja do quimico\",\"publisher\":{\"@id\":\"https:\\\/\\\/escolhelab.com.br\\\/#organization\"},\"alternateName\":\"escolhelab\",\"potentialAction\":[{\"@type\":\"SearchAction\",\"target\":{\"@type\":\"EntryPoint\",\"urlTemplate\":\"https:\\\/\\\/escolhelab.com.br\\\/?s={search_term_string}\"},\"query-input\":{\"@type\":\"PropertyValueSpecification\",\"valueRequired\":true,\"valueName\":\"search_term_string\"}}],\"inLanguage\":\"en-US\"},{\"@type\":\"Organization\",\"@id\":\"https:\\\/\\\/escolhelab.com.br\\\/#organization\",\"name\":\"loja escolhelab\",\"alternateName\":\"escolhelab\",\"url\":\"https:\\\/\\\/escolhelab.com.br\\\/\",\"logo\":{\"@type\":\"ImageObject\",\"inLanguage\":\"en-US\",\"@id\":\"https:\\\/\\\/escolhelab.com.br\\\/#\\\/schema\\\/logo\\\/image\\\/\",\"url\":\"https:\\\/\\\/escolhelab.com.br\\\/wp-content\\\/uploads\\\/2024\\\/12\\\/icone-e-512-512escolhelab-com-br-2-800x800.png\",\"contentUrl\":\"https:\\\/\\\/escolhelab.com.br\\\/wp-content\\\/uploads\\\/2024\\\/12\\\/icone-e-512-512escolhelab-com-br-2-800x800.png\",\"width\":800,\"height\":800,\"caption\":\"loja escolhelab\"},\"image\":{\"@id\":\"https:\\\/\\\/escolhelab.com.br\\\/#\\\/schema\\\/logo\\\/image\\\/\"}}]}<\/script>\n<!-- \/ Yoast SEO Premium plugin. -->","yoast_head_json":{"title":"Suporte para Cone de Imhoff","description":"Desenvolvido para garantir estabilidade, seguran\u00e7a e organiza\u00e7\u00e3o durante as an\u00e1lises laboratoriais, o Suporte em Polipropileno para Cones Imhoff","robots":{"index":"index","follow":"follow","max-snippet":"max-snippet:-1","max-image-preview":"max-image-preview:large","max-video-preview":"max-video-preview:-1"},"canonical":"https:\/\/escolhelab.com.br\/en\/suporte-para-cone-de-imhoff\/","og_locale":"en_US","og_type":"article","og_title":"Suporte para Cone de Imhoff","og_description":"Desenvolvido para garantir estabilidade, seguran\u00e7a e organiza\u00e7\u00e3o durante as an\u00e1lises laboratoriais, o Suporte em Polipropileno para Cones Imhoff","og_url":"https:\/\/escolhelab.com.br\/en\/suporte-para-cone-de-imhoff\/","og_site_name":"Loja de produtos para laboratorio","article_modified_time":"2026-02-19T11:53:31+00:00","og_image":[{"width":700,"height":800,"url":"https:\/\/escolhelab.com.br\/wp-content\/uploads\/2026\/02\/Suporte-Para-Cone-Imhoffm-PP-escolhelab-com-br-1.png","type":"image\/png"}],"twitter_card":"summary_large_image","twitter_misc":{"Est. reading time":"1 minute"},"schema":{"@context":"https:\/\/schema.org","@graph":[{"@type":"WebPage","@id":"https:\/\/escolhelab.com.br\/suporte-para-cone-de-imhoff\/","url":"https:\/\/escolhelab.com.br\/suporte-para-cone-de-imhoff\/","name":"Suporte para Cone de Imhoff","isPartOf":{"@id":"https:\/\/escolhelab.com.br\/#website"},"primaryImageOfPage":{"@id":"https:\/\/escolhelab.com.br\/suporte-para-cone-de-imhoff\/#primaryimage"},"image":{"@id":"https:\/\/escolhelab.com.br\/suporte-para-cone-de-imhoff\/#primaryimage"},"thumbnailUrl":"https:\/\/escolhelab.com.br\/wp-content\/uploads\/2026\/02\/Suporte-Para-Cone-Imhoffm-PP-escolhelab-com-br-1.png","datePublished":"2026-02-04T21:38:01+00:00","dateModified":"2026-02-19T11:53:31+00:00","description":"Desenvolvido para garantir estabilidade, seguran\u00e7a e organiza\u00e7\u00e3o durante as an\u00e1lises laboratoriais, o Suporte em Polipropileno para Cones Imhoff","breadcrumb":{"@id":"https:\/\/escolhelab.com.br\/suporte-para-cone-de-imhoff\/#breadcrumb"},"inLanguage":"en-US","potentialAction":[{"@type":"ReadAction","target":["https:\/\/escolhelab.com.br\/suporte-para-cone-de-imhoff\/"]}]},{"@type":"ImageObject","inLanguage":"en-US","@id":"https:\/\/escolhelab.com.br\/suporte-para-cone-de-imhoff\/#primaryimage","url":"https:\/\/escolhelab.com.br\/wp-content\/uploads\/2026\/02\/Suporte-Para-Cone-Imhoffm-PP-escolhelab-com-br-1.png","contentUrl":"https:\/\/escolhelab.com.br\/wp-content\/uploads\/2026\/02\/Suporte-Para-Cone-Imhoffm-PP-escolhelab-com-br-1.png","width":700,"height":800},{"@type":"BreadcrumbList","@id":"https:\/\/escolhelab.com.br\/suporte-para-cone-de-imhoff\/#breadcrumb","itemListElement":[{"@type":"ListItem","position":1,"name":"In\u00edcio","item":"https:\/\/escolhelab.com.br\/"},{"@type":"ListItem","position":2,"name":"loja","item":"https:\/\/escolhelab.com.br\/loja\/"},{"@type":"ListItem","position":3,"name":"Suporte para Cone de Imhoff"}]},{"@type":"WebSite","@id":"https:\/\/escolhelab.com.br\/#website","url":"https:\/\/escolhelab.com.br\/","name":"Loja de produtos para laboratorio","description":"Produtos para Laborat\u00f3rio,Artigos e outros na loja do quimico","publisher":{"@id":"https:\/\/escolhelab.com.br\/#organization"},"alternateName":"escolhelab","potentialAction":[{"@type":"SearchAction","target":{"@type":"EntryPoint","urlTemplate":"https:\/\/escolhelab.com.br\/?s={search_term_string}"},"query-input":{"@type":"PropertyValueSpecification","valueRequired":true,"valueName":"search_term_string"}}],"inLanguage":"en-US"},{"@type":"Organization","@id":"https:\/\/escolhelab.com.br\/#organization","name":"loja escolhelab","alternateName":"escolhelab","url":"https:\/\/escolhelab.com.br\/","logo":{"@type":"ImageObject","inLanguage":"en-US","@id":"https:\/\/escolhelab.com.br\/#\/schema\/logo\/image\/","url":"https:\/\/escolhelab.com.br\/wp-content\/uploads\/2024\/12\/icone-e-512-512escolhelab-com-br-2-800x800.png","contentUrl":"https:\/\/escolhelab.com.br\/wp-content\/uploads\/2024\/12\/icone-e-512-512escolhelab-com-br-2-800x800.png","width":800,"height":800,"caption":"loja escolhelab"},"image":{"@id":"https:\/\/escolhelab.com.br\/#\/schema\/logo\/image\/"}}]}},"tiered_pricing_type":"fixed","tiered_pricing_fixed_rules":[],"tiered_pricing_product_settings":{"layout":"default","base_unit_name":{"singular":null,"plural":null},"default_variation":null},"tiered_pricing_minimum_quantity":null,"tiered_pricing_roles_data":[],"tiered_pricing_percentage_rules":[],"tiered_pricing_maximum_quantity":null,"tiered_pricing_quantity_step":null,"_links":{"self":[{"href":"https:\/\/escolhelab.com.br\/en\/wp-json\/wp\/v2\/product\/42875","targetHints":{"allow":["GET"]}}],"collection":[{"href":"https:\/\/escolhelab.com.br\/en\/wp-json\/wp\/v2\/product"}],"about":[{"href":"https:\/\/escolhelab.com.br\/en\/wp-json\/wp\/v2\/types\/product"}],"replies":[{"embeddable":true,"href":"https:\/\/escolhelab.com.br\/en\/wp-json\/wp\/v2\/comments?post=42875"}],"version-history":[{"count":0,"href":"https:\/\/escolhelab.com.br\/en\/wp-json\/wp\/v2\/product\/42875\/revisions"}],"wp:featuredmedia":[{"embeddable":true,"href":"https:\/\/escolhelab.com.br\/en\/wp-json\/wp\/v2\/media\/42876"}],"wp:attachment":[{"href":"https:\/\/escolhelab.com.br\/en\/wp-json\/wp\/v2\/media?parent=42875"}],"wp:term":[{"taxonomy":"product_brand","embeddable":true,"href":"https:\/\/escolhelab.com.br\/en\/wp-json\/wp\/v2\/product_brand?post=42875"},{"taxonomy":"product_cat","embeddable":true,"href":"https:\/\/escolhelab.com.br\/en\/wp-json\/wp\/v2\/product_cat?post=42875"},{"taxonomy":"product_tag","embeddable":true,"href":"https:\/\/escolhelab.com.br\/en\/wp-json\/wp\/v2\/product_tag?post=42875"}],"curies":[{"name":"wp","href":"https:\/\/api.w.org\/{rel}","templated":true}]}}