{"id":43532,"date":"2026-04-08T12:15:54","date_gmt":"2026-04-08T15:15:54","guid":{"rendered":"https:\/\/escolhelab.com.br\/?post_type=product&#038;p=43532"},"modified":"2026-04-08T15:03:00","modified_gmt":"2026-04-08T18:03:00","slug":"acidimetro-de-dornic","status":"publish","type":"product","link":"https:\/\/escolhelab.com.br\/en\/acidimetro-de-dornic\/","title":{"rendered":"Ac\u00eddimetro de Dornic"},"content":{"rendered":"<h2>Ac\u00eddimetro de Dornic<\/h2>\n<p>O\u00a0<strong>acid\u00edmetro de Dornic<\/strong> \u00e9 um equipamento de medi\u00e7\u00e3o utilizado para determinar a acidez do leite e seus derivados, como queijos e iogurtes. Ele \u00e9 amplamente utilizado por ind\u00fastrias de latic\u00ednios, fazendas e laborat\u00f3rios para monitorar a qualidade dos produtos l\u00e1cteos.\u00a0<br \/>\nO acid\u00edmetro de Dornic funciona medindo a quantidade de hidr\u00f3xido de s\u00f3dio necess\u00e1ria para neutralizar uma amostra de leite. A medida \u00e9 expressa em graus Dornic (\u00b0D), que representam a quantidade de \u00e1cido l\u00e1tico presente no leite.\u00a0\u00a0Esse equipamento \u00e9 essencial para garantir a qualidade dos produtos l\u00e1cteos, pois a acidez correta \u00e9 crucial para a seguran\u00e7a alimentar e o sabor dos produtos. Al\u00e9m disso, o acid\u00edmetro de Dornic \u00e9 f\u00e1cil de usar e apresenta resultados precisos e confi\u00e1veis.<br \/>\nSe voc\u00ea est\u00e1 procurando um equipamento para monitorar a acidez do leite em sua fazenda, ind\u00fastria ou laborat\u00f3rio, o acid\u00edmetro de Dornic \u00e9 uma excelente escolha. Ele \u00e9 dur\u00e1vel, f\u00e1cil de usar e oferece resultados precisos e confi\u00e1veis. N\u00e3o deixe de adquirir o seu e garantir a qualidade dos seus produtos l\u00e1cteos!\u00a0\u00a0<\/p>\n<h3>\u00a0<\/h3>","protected":false},"excerpt":{"rendered":"<p>\u00e9 um equipamento de medi\u00e7\u00e3o utilizado para determinar a acidez do leite e seus derivados, como queijos e iogurtes. Ele \u00e9 amplamente utilizado por ind\u00fastrias de latic\u00ednios, fazendas e laborat\u00f3rios para monitorar a qualidade dos produtos l\u00e1cteos.<\/p>","protected":false},"featured_media":43534,"comment_status":"closed","ping_status":"closed","template":"","meta":{"_acf_changed":false,"iawp_total_views":5},"product_brand":[],"product_cat":[730,606],"product_tag":[],"class_list":{"0":"post-43532","1":"product","2":"type-product","3":"status-publish","4":"has-post-thumbnail","6":"product_cat-plastico-e-borrachas","7":"product_cat-quimico","9":"first","10":"instock","11":"shipping-taxable","12":"purchasable","13":"product-type-variable"},"acf":[],"yoast_head":"<!-- This site is optimized with the Yoast SEO Premium plugin v26.2 (Yoast SEO v27.3) - https:\/\/yoast.com\/product\/yoast-seo-premium-wordpress\/ -->\n<title>Ac\u00eddimetro de Dornic<\/title>\n<meta name=\"description\" content=\"\u00e9 um equipamento de medi\u00e7\u00e3o utilizado para determinar a acidez do leite e seus derivados, como queijos e iogurtes. Ele \u00e9 amplamente utilizado por ind\u00fastrial\" \/>\n<meta name=\"robots\" content=\"index, follow, max-snippet:-1, max-image-preview:large, max-video-preview:-1\" \/>\n<link rel=\"canonical\" href=\"https:\/\/escolhelab.com.br\/en\/acidimetro-de-dornic\/\" \/>\n<meta property=\"og:locale\" content=\"en_US\" \/>\n<meta property=\"og:type\" content=\"article\" \/>\n<meta property=\"og:title\" content=\"Ac\u00eddimetro de Dornic\" \/>\n<meta property=\"og:description\" content=\"\u00e9 um equipamento de medi\u00e7\u00e3o utilizado para determinar a acidez do leite e seus derivados, como queijos e iogurtes. Ele \u00e9 amplamente utilizado por ind\u00fastrial\" \/>\n<meta property=\"og:url\" content=\"https:\/\/escolhelab.com.br\/en\/acidimetro-de-dornic\/\" \/>\n<meta property=\"og:site_name\" content=\"Loja de produtos para laboratorio\" \/>\n<meta property=\"article:modified_time\" content=\"2026-04-08T18:03:00+00:00\" \/>\n<meta property=\"og:image\" content=\"https:\/\/escolhelab.com.br\/wp-content\/uploads\/2026\/04\/Acidimetro-de-Dornic-escolhelab-com-br.png\" \/>\n\t<meta property=\"og:image:width\" content=\"700\" \/>\n\t<meta property=\"og:image:height\" content=\"800\" \/>\n\t<meta property=\"og:image:type\" content=\"image\/png\" \/>\n<meta name=\"twitter:card\" content=\"summary_large_image\" \/>\n<meta name=\"twitter:label1\" content=\"Est. reading time\" \/>\n\t<meta name=\"twitter:data1\" content=\"2 minutes\" \/>\n<script type=\"application\/ld+json\" class=\"yoast-schema-graph\">{\"@context\":\"https:\\\/\\\/schema.org\",\"@graph\":[{\"@type\":\"WebPage\",\"@id\":\"https:\\\/\\\/escolhelab.com.br\\\/acidimetro-de-dornic\\\/\",\"url\":\"https:\\\/\\\/escolhelab.com.br\\\/acidimetro-de-dornic\\\/\",\"name\":\"Ac\u00eddimetro de Dornic\",\"isPartOf\":{\"@id\":\"https:\\\/\\\/escolhelab.com.br\\\/#website\"},\"primaryImageOfPage\":{\"@id\":\"https:\\\/\\\/escolhelab.com.br\\\/acidimetro-de-dornic\\\/#primaryimage\"},\"image\":{\"@id\":\"https:\\\/\\\/escolhelab.com.br\\\/acidimetro-de-dornic\\\/#primaryimage\"},\"thumbnailUrl\":\"https:\\\/\\\/escolhelab.com.br\\\/wp-content\\\/uploads\\\/2026\\\/04\\\/Acidimetro-de-Dornic-escolhelab-com-br.png\",\"datePublished\":\"2026-04-08T15:15:54+00:00\",\"dateModified\":\"2026-04-08T18:03:00+00:00\",\"description\":\"\u00e9 um equipamento de medi\u00e7\u00e3o utilizado para determinar a acidez do leite e seus derivados, como queijos e iogurtes. Ele \u00e9 amplamente utilizado por ind\u00fastrial\",\"breadcrumb\":{\"@id\":\"https:\\\/\\\/escolhelab.com.br\\\/acidimetro-de-dornic\\\/#breadcrumb\"},\"inLanguage\":\"en-US\",\"potentialAction\":[{\"@type\":\"ReadAction\",\"target\":[\"https:\\\/\\\/escolhelab.com.br\\\/acidimetro-de-dornic\\\/\"]}]},{\"@type\":\"ImageObject\",\"inLanguage\":\"en-US\",\"@id\":\"https:\\\/\\\/escolhelab.com.br\\\/acidimetro-de-dornic\\\/#primaryimage\",\"url\":\"https:\\\/\\\/escolhelab.com.br\\\/wp-content\\\/uploads\\\/2026\\\/04\\\/Acidimetro-de-Dornic-escolhelab-com-br.png\",\"contentUrl\":\"https:\\\/\\\/escolhelab.com.br\\\/wp-content\\\/uploads\\\/2026\\\/04\\\/Acidimetro-de-Dornic-escolhelab-com-br.png\",\"width\":700,\"height\":800},{\"@type\":\"BreadcrumbList\",\"@id\":\"https:\\\/\\\/escolhelab.com.br\\\/acidimetro-de-dornic\\\/#breadcrumb\",\"itemListElement\":[{\"@type\":\"ListItem\",\"position\":1,\"name\":\"In\u00edcio\",\"item\":\"https:\\\/\\\/escolhelab.com.br\\\/\"},{\"@type\":\"ListItem\",\"position\":2,\"name\":\"loja\",\"item\":\"https:\\\/\\\/escolhelab.com.br\\\/loja\\\/\"},{\"@type\":\"ListItem\",\"position\":3,\"name\":\"Ac\u00eddimetro de Dornic\"}]},{\"@type\":\"WebSite\",\"@id\":\"https:\\\/\\\/escolhelab.com.br\\\/#website\",\"url\":\"https:\\\/\\\/escolhelab.com.br\\\/\",\"name\":\"Loja de produtos para laboratorio\",\"description\":\"Produtos para Laborat\u00f3rio,Artigos e outros na loja do quimico\",\"publisher\":{\"@id\":\"https:\\\/\\\/escolhelab.com.br\\\/#organization\"},\"alternateName\":\"escolhelab\",\"potentialAction\":[{\"@type\":\"SearchAction\",\"target\":{\"@type\":\"EntryPoint\",\"urlTemplate\":\"https:\\\/\\\/escolhelab.com.br\\\/?s={search_term_string}\"},\"query-input\":{\"@type\":\"PropertyValueSpecification\",\"valueRequired\":true,\"valueName\":\"search_term_string\"}}],\"inLanguage\":\"en-US\"},{\"@type\":\"Organization\",\"@id\":\"https:\\\/\\\/escolhelab.com.br\\\/#organization\",\"name\":\"loja escolhelab\",\"alternateName\":\"escolhelab\",\"url\":\"https:\\\/\\\/escolhelab.com.br\\\/\",\"logo\":{\"@type\":\"ImageObject\",\"inLanguage\":\"en-US\",\"@id\":\"https:\\\/\\\/escolhelab.com.br\\\/#\\\/schema\\\/logo\\\/image\\\/\",\"url\":\"https:\\\/\\\/escolhelab.com.br\\\/wp-content\\\/uploads\\\/2024\\\/12\\\/icone-e-512-512escolhelab-com-br-2-800x800.png\",\"contentUrl\":\"https:\\\/\\\/escolhelab.com.br\\\/wp-content\\\/uploads\\\/2024\\\/12\\\/icone-e-512-512escolhelab-com-br-2-800x800.png\",\"width\":800,\"height\":800,\"caption\":\"loja escolhelab\"},\"image\":{\"@id\":\"https:\\\/\\\/escolhelab.com.br\\\/#\\\/schema\\\/logo\\\/image\\\/\"}}]}<\/script>\n<!-- \/ Yoast SEO Premium plugin. -->","yoast_head_json":{"title":"Ac\u00eddimetro de Dornic","description":"\u00e9 um equipamento de medi\u00e7\u00e3o utilizado para determinar a acidez do leite e seus derivados, como queijos e iogurtes. Ele \u00e9 amplamente utilizado por ind\u00fastrial","robots":{"index":"index","follow":"follow","max-snippet":"max-snippet:-1","max-image-preview":"max-image-preview:large","max-video-preview":"max-video-preview:-1"},"canonical":"https:\/\/escolhelab.com.br\/en\/acidimetro-de-dornic\/","og_locale":"en_US","og_type":"article","og_title":"Ac\u00eddimetro de Dornic","og_description":"\u00e9 um equipamento de medi\u00e7\u00e3o utilizado para determinar a acidez do leite e seus derivados, como queijos e iogurtes. Ele \u00e9 amplamente utilizado por ind\u00fastrial","og_url":"https:\/\/escolhelab.com.br\/en\/acidimetro-de-dornic\/","og_site_name":"Loja de produtos para laboratorio","article_modified_time":"2026-04-08T18:03:00+00:00","og_image":[{"width":700,"height":800,"url":"https:\/\/escolhelab.com.br\/wp-content\/uploads\/2026\/04\/Acidimetro-de-Dornic-escolhelab-com-br.png","type":"image\/png"}],"twitter_card":"summary_large_image","twitter_misc":{"Est. reading time":"2 minutes"},"schema":{"@context":"https:\/\/schema.org","@graph":[{"@type":"WebPage","@id":"https:\/\/escolhelab.com.br\/acidimetro-de-dornic\/","url":"https:\/\/escolhelab.com.br\/acidimetro-de-dornic\/","name":"Ac\u00eddimetro de Dornic","isPartOf":{"@id":"https:\/\/escolhelab.com.br\/#website"},"primaryImageOfPage":{"@id":"https:\/\/escolhelab.com.br\/acidimetro-de-dornic\/#primaryimage"},"image":{"@id":"https:\/\/escolhelab.com.br\/acidimetro-de-dornic\/#primaryimage"},"thumbnailUrl":"https:\/\/escolhelab.com.br\/wp-content\/uploads\/2026\/04\/Acidimetro-de-Dornic-escolhelab-com-br.png","datePublished":"2026-04-08T15:15:54+00:00","dateModified":"2026-04-08T18:03:00+00:00","description":"\u00e9 um equipamento de medi\u00e7\u00e3o utilizado para determinar a acidez do leite e seus derivados, como queijos e iogurtes. Ele \u00e9 amplamente utilizado por ind\u00fastrial","breadcrumb":{"@id":"https:\/\/escolhelab.com.br\/acidimetro-de-dornic\/#breadcrumb"},"inLanguage":"en-US","potentialAction":[{"@type":"ReadAction","target":["https:\/\/escolhelab.com.br\/acidimetro-de-dornic\/"]}]},{"@type":"ImageObject","inLanguage":"en-US","@id":"https:\/\/escolhelab.com.br\/acidimetro-de-dornic\/#primaryimage","url":"https:\/\/escolhelab.com.br\/wp-content\/uploads\/2026\/04\/Acidimetro-de-Dornic-escolhelab-com-br.png","contentUrl":"https:\/\/escolhelab.com.br\/wp-content\/uploads\/2026\/04\/Acidimetro-de-Dornic-escolhelab-com-br.png","width":700,"height":800},{"@type":"BreadcrumbList","@id":"https:\/\/escolhelab.com.br\/acidimetro-de-dornic\/#breadcrumb","itemListElement":[{"@type":"ListItem","position":1,"name":"In\u00edcio","item":"https:\/\/escolhelab.com.br\/"},{"@type":"ListItem","position":2,"name":"loja","item":"https:\/\/escolhelab.com.br\/loja\/"},{"@type":"ListItem","position":3,"name":"Ac\u00eddimetro de Dornic"}]},{"@type":"WebSite","@id":"https:\/\/escolhelab.com.br\/#website","url":"https:\/\/escolhelab.com.br\/","name":"Loja de produtos para laboratorio","description":"Produtos para Laborat\u00f3rio,Artigos e outros na loja do quimico","publisher":{"@id":"https:\/\/escolhelab.com.br\/#organization"},"alternateName":"escolhelab","potentialAction":[{"@type":"SearchAction","target":{"@type":"EntryPoint","urlTemplate":"https:\/\/escolhelab.com.br\/?s={search_term_string}"},"query-input":{"@type":"PropertyValueSpecification","valueRequired":true,"valueName":"search_term_string"}}],"inLanguage":"en-US"},{"@type":"Organization","@id":"https:\/\/escolhelab.com.br\/#organization","name":"loja escolhelab","alternateName":"escolhelab","url":"https:\/\/escolhelab.com.br\/","logo":{"@type":"ImageObject","inLanguage":"en-US","@id":"https:\/\/escolhelab.com.br\/#\/schema\/logo\/image\/","url":"https:\/\/escolhelab.com.br\/wp-content\/uploads\/2024\/12\/icone-e-512-512escolhelab-com-br-2-800x800.png","contentUrl":"https:\/\/escolhelab.com.br\/wp-content\/uploads\/2024\/12\/icone-e-512-512escolhelab-com-br-2-800x800.png","width":800,"height":800,"caption":"loja escolhelab"},"image":{"@id":"https:\/\/escolhelab.com.br\/#\/schema\/logo\/image\/"}}]}},"tiered_pricing_type":"fixed","tiered_pricing_fixed_rules":[],"tiered_pricing_product_settings":{"layout":"default","base_unit_name":{"singular":null,"plural":null},"default_variation":null},"tiered_pricing_minimum_quantity":null,"tiered_pricing_roles_data":[],"tiered_pricing_percentage_rules":[],"tiered_pricing_maximum_quantity":null,"tiered_pricing_quantity_step":null,"_links":{"self":[{"href":"https:\/\/escolhelab.com.br\/en\/wp-json\/wp\/v2\/product\/43532","targetHints":{"allow":["GET"]}}],"collection":[{"href":"https:\/\/escolhelab.com.br\/en\/wp-json\/wp\/v2\/product"}],"about":[{"href":"https:\/\/escolhelab.com.br\/en\/wp-json\/wp\/v2\/types\/product"}],"replies":[{"embeddable":true,"href":"https:\/\/escolhelab.com.br\/en\/wp-json\/wp\/v2\/comments?post=43532"}],"version-history":[{"count":0,"href":"https:\/\/escolhelab.com.br\/en\/wp-json\/wp\/v2\/product\/43532\/revisions"}],"wp:featuredmedia":[{"embeddable":true,"href":"https:\/\/escolhelab.com.br\/en\/wp-json\/wp\/v2\/media\/43534"}],"wp:attachment":[{"href":"https:\/\/escolhelab.com.br\/en\/wp-json\/wp\/v2\/media?parent=43532"}],"wp:term":[{"taxonomy":"product_brand","embeddable":true,"href":"https:\/\/escolhelab.com.br\/en\/wp-json\/wp\/v2\/product_brand?post=43532"},{"taxonomy":"product_cat","embeddable":true,"href":"https:\/\/escolhelab.com.br\/en\/wp-json\/wp\/v2\/product_cat?post=43532"},{"taxonomy":"product_tag","embeddable":true,"href":"https:\/\/escolhelab.com.br\/en\/wp-json\/wp\/v2\/product_tag?post=43532"}],"curies":[{"name":"wp","href":"https:\/\/api.w.org\/{rel}","templated":true}]}}