{"id":43553,"date":"2026-04-08T16:29:32","date_gmt":"2026-04-08T19:29:32","guid":{"rendered":"https:\/\/escolhelab.com.br\/?post_type=product&#038;p=43553"},"modified":"2026-04-08T17:01:59","modified_gmt":"2026-04-08T20:01:59","slug":"balao-autoclavavel-com-tampa","status":"publish","type":"product","link":"https:\/\/escolhelab.com.br\/en\/balao-autoclavavel-com-tampa\/","title":{"rendered":"Bal\u00e3o autocl\u00e1vavel com tampa"},"content":{"rendered":"<h2>Bal\u00e3o autocl\u00e1vavel com tampa<\/h2>\n<p>Em polipropileno (PP)\u00a0Nalgon \u00e9 indicado para medi\u00e7\u00f5es volum\u00e9tricas precisas no dia a dia do laborat\u00f3rio. Com\u00a0toler\u00e2ncia de volume equivalente ao vidro\u00a0e alta resist\u00eancia a impactos, entrega precis\u00e3o, durabilidade e seguran\u00e7a em rotinas de preparo de solu\u00e7\u00f5es.<\/p>\n<h2>Destaques e benef\u00edcios<\/h2>\n<ul>\n<li>Precis\u00e3o de classe laboratorial\u00a0\u2014 calibrado individualmente em\u00a0CTC\/TD a 20\u00a0\u00b0C \u00b1 2\u00a0\u00b0C.<\/li>\n<li>Menisco marcado permanentemente\u00a0\u2014 leitura r\u00e1pida e reprodut\u00edvel.<\/li>\n<li>Material PP\u00a0\u2014 leve, resistente a quebras e a diversos reagentes.<\/li>\n<li>Autoclav\u00e1vel\u00a0\u2014\u00a0<em>121\u00a0\u00b0C, 15\u00a0psig (\u22481\u00a0bar), por 10\u00a0min<\/em>\u00a0em autoclave devidamente regulada.<\/li>\n<\/ul>\n<h2>\u00a0<\/h2>","protected":false},"excerpt":{"rendered":"<p>O\u00a0bal\u00e3o volum\u00e9trico em polipropileno (PP)\u00a0Nalgon \u00e9 indicado para medi\u00e7\u00f5es volum\u00e9tricas precisas no dia a dia do laborat\u00f3rio. Com\u00a0toler\u00e2ncia de volume equivalente ao vidro\u00a0e alta resist\u00eancia a impactos, entrega precis\u00e3o, durabilidade e seguran\u00e7a em rotinas de preparo de solu\u00e7\u00f5es.<\/p>\n<h2>\u00a0<\/h2>","protected":false},"featured_media":43554,"comment_status":"closed","ping_status":"closed","template":"","meta":{"_acf_changed":false,"iawp_total_views":1},"product_brand":[],"product_cat":[730,606],"product_tag":[],"class_list":{"0":"post-43553","1":"product","2":"type-product","3":"status-publish","4":"has-post-thumbnail","6":"product_cat-plastico-e-borrachas","7":"product_cat-quimico","9":"first","10":"instock","11":"shipping-taxable","12":"purchasable","13":"product-type-variable"},"acf":[],"yoast_head":"<!-- This site is optimized with the Yoast SEO Premium plugin v26.2 (Yoast SEO v27.3) - https:\/\/yoast.com\/product\/yoast-seo-premium-wordpress\/ -->\n<title>Bal\u00e3o autocl\u00e1vavel com tampa<\/title>\n<meta name=\"description\" content=\"O\u00a0bal\u00e3o volum\u00e9trico em polipropileno (PP)\u00a0Nalgon \u00e9 indicado para medi\u00e7\u00f5es volum\u00e9tricas precisas no dia a dia do laborat\u00f3rio. Com\u00a0toler\u00e2ncia de volume\" \/>\n<meta name=\"robots\" content=\"index, follow, max-snippet:-1, max-image-preview:large, max-video-preview:-1\" \/>\n<link rel=\"canonical\" href=\"https:\/\/escolhelab.com.br\/en\/balao-autoclavavel-com-tampa\/\" \/>\n<meta property=\"og:locale\" content=\"en_US\" \/>\n<meta property=\"og:type\" content=\"article\" \/>\n<meta property=\"og:title\" content=\"Bal\u00e3o autocl\u00e1vavel com tampa\" \/>\n<meta property=\"og:description\" content=\"O\u00a0bal\u00e3o volum\u00e9trico em polipropileno (PP)\u00a0Nalgon \u00e9 indicado para medi\u00e7\u00f5es volum\u00e9tricas precisas no dia a dia do laborat\u00f3rio. Com\u00a0toler\u00e2ncia de volume\" \/>\n<meta property=\"og:url\" content=\"https:\/\/escolhelab.com.br\/en\/balao-autoclavavel-com-tampa\/\" \/>\n<meta property=\"og:site_name\" content=\"Loja de produtos para laboratorio\" \/>\n<meta property=\"article:modified_time\" content=\"2026-04-08T20:01:59+00:00\" \/>\n<meta property=\"og:image\" content=\"https:\/\/escolhelab.com.br\/wp-content\/uploads\/2026\/04\/Nbalao-volumetrico-autoclavavel-escolhelab-com-br.png\" \/>\n\t<meta property=\"og:image:width\" content=\"700\" \/>\n\t<meta property=\"og:image:height\" content=\"800\" \/>\n\t<meta property=\"og:image:type\" content=\"image\/png\" \/>\n<meta name=\"twitter:card\" content=\"summary_large_image\" \/>\n<meta name=\"twitter:label1\" content=\"Est. reading time\" \/>\n\t<meta name=\"twitter:data1\" content=\"1 minute\" \/>\n<script type=\"application\/ld+json\" class=\"yoast-schema-graph\">{\"@context\":\"https:\\\/\\\/schema.org\",\"@graph\":[{\"@type\":\"WebPage\",\"@id\":\"https:\\\/\\\/escolhelab.com.br\\\/balao-autoclavavel-com-tampa\\\/\",\"url\":\"https:\\\/\\\/escolhelab.com.br\\\/balao-autoclavavel-com-tampa\\\/\",\"name\":\"Bal\u00e3o autocl\u00e1vavel com tampa\",\"isPartOf\":{\"@id\":\"https:\\\/\\\/escolhelab.com.br\\\/#website\"},\"primaryImageOfPage\":{\"@id\":\"https:\\\/\\\/escolhelab.com.br\\\/balao-autoclavavel-com-tampa\\\/#primaryimage\"},\"image\":{\"@id\":\"https:\\\/\\\/escolhelab.com.br\\\/balao-autoclavavel-com-tampa\\\/#primaryimage\"},\"thumbnailUrl\":\"https:\\\/\\\/escolhelab.com.br\\\/wp-content\\\/uploads\\\/2026\\\/04\\\/Nbalao-volumetrico-autoclavavel-escolhelab-com-br.png\",\"datePublished\":\"2026-04-08T19:29:32+00:00\",\"dateModified\":\"2026-04-08T20:01:59+00:00\",\"description\":\"O\u00a0bal\u00e3o volum\u00e9trico em polipropileno (PP)\u00a0Nalgon \u00e9 indicado para medi\u00e7\u00f5es volum\u00e9tricas precisas no dia a dia do laborat\u00f3rio. Com\u00a0toler\u00e2ncia de volume\",\"breadcrumb\":{\"@id\":\"https:\\\/\\\/escolhelab.com.br\\\/balao-autoclavavel-com-tampa\\\/#breadcrumb\"},\"inLanguage\":\"en-US\",\"potentialAction\":[{\"@type\":\"ReadAction\",\"target\":[\"https:\\\/\\\/escolhelab.com.br\\\/balao-autoclavavel-com-tampa\\\/\"]}]},{\"@type\":\"ImageObject\",\"inLanguage\":\"en-US\",\"@id\":\"https:\\\/\\\/escolhelab.com.br\\\/balao-autoclavavel-com-tampa\\\/#primaryimage\",\"url\":\"https:\\\/\\\/escolhelab.com.br\\\/wp-content\\\/uploads\\\/2026\\\/04\\\/Nbalao-volumetrico-autoclavavel-escolhelab-com-br.png\",\"contentUrl\":\"https:\\\/\\\/escolhelab.com.br\\\/wp-content\\\/uploads\\\/2026\\\/04\\\/Nbalao-volumetrico-autoclavavel-escolhelab-com-br.png\",\"width\":700,\"height\":800},{\"@type\":\"BreadcrumbList\",\"@id\":\"https:\\\/\\\/escolhelab.com.br\\\/balao-autoclavavel-com-tampa\\\/#breadcrumb\",\"itemListElement\":[{\"@type\":\"ListItem\",\"position\":1,\"name\":\"In\u00edcio\",\"item\":\"https:\\\/\\\/escolhelab.com.br\\\/\"},{\"@type\":\"ListItem\",\"position\":2,\"name\":\"loja\",\"item\":\"https:\\\/\\\/escolhelab.com.br\\\/loja\\\/\"},{\"@type\":\"ListItem\",\"position\":3,\"name\":\"Bal\u00e3o autocl\u00e1vavel com tampa\"}]},{\"@type\":\"WebSite\",\"@id\":\"https:\\\/\\\/escolhelab.com.br\\\/#website\",\"url\":\"https:\\\/\\\/escolhelab.com.br\\\/\",\"name\":\"Loja de produtos para laboratorio\",\"description\":\"Produtos para Laborat\u00f3rio,Artigos e outros na loja do quimico\",\"publisher\":{\"@id\":\"https:\\\/\\\/escolhelab.com.br\\\/#organization\"},\"alternateName\":\"escolhelab\",\"potentialAction\":[{\"@type\":\"SearchAction\",\"target\":{\"@type\":\"EntryPoint\",\"urlTemplate\":\"https:\\\/\\\/escolhelab.com.br\\\/?s={search_term_string}\"},\"query-input\":{\"@type\":\"PropertyValueSpecification\",\"valueRequired\":true,\"valueName\":\"search_term_string\"}}],\"inLanguage\":\"en-US\"},{\"@type\":\"Organization\",\"@id\":\"https:\\\/\\\/escolhelab.com.br\\\/#organization\",\"name\":\"loja escolhelab\",\"alternateName\":\"escolhelab\",\"url\":\"https:\\\/\\\/escolhelab.com.br\\\/\",\"logo\":{\"@type\":\"ImageObject\",\"inLanguage\":\"en-US\",\"@id\":\"https:\\\/\\\/escolhelab.com.br\\\/#\\\/schema\\\/logo\\\/image\\\/\",\"url\":\"https:\\\/\\\/escolhelab.com.br\\\/wp-content\\\/uploads\\\/2024\\\/12\\\/icone-e-512-512escolhelab-com-br-2-800x800.png\",\"contentUrl\":\"https:\\\/\\\/escolhelab.com.br\\\/wp-content\\\/uploads\\\/2024\\\/12\\\/icone-e-512-512escolhelab-com-br-2-800x800.png\",\"width\":800,\"height\":800,\"caption\":\"loja escolhelab\"},\"image\":{\"@id\":\"https:\\\/\\\/escolhelab.com.br\\\/#\\\/schema\\\/logo\\\/image\\\/\"}}]}<\/script>\n<!-- \/ Yoast SEO Premium plugin. -->","yoast_head_json":{"title":"Bal\u00e3o autocl\u00e1vavel com tampa","description":"O\u00a0bal\u00e3o volum\u00e9trico em polipropileno (PP)\u00a0Nalgon \u00e9 indicado para medi\u00e7\u00f5es volum\u00e9tricas precisas no dia a dia do laborat\u00f3rio. Com\u00a0toler\u00e2ncia de volume","robots":{"index":"index","follow":"follow","max-snippet":"max-snippet:-1","max-image-preview":"max-image-preview:large","max-video-preview":"max-video-preview:-1"},"canonical":"https:\/\/escolhelab.com.br\/en\/balao-autoclavavel-com-tampa\/","og_locale":"en_US","og_type":"article","og_title":"Bal\u00e3o autocl\u00e1vavel com tampa","og_description":"O\u00a0bal\u00e3o volum\u00e9trico em polipropileno (PP)\u00a0Nalgon \u00e9 indicado para medi\u00e7\u00f5es volum\u00e9tricas precisas no dia a dia do laborat\u00f3rio. Com\u00a0toler\u00e2ncia de volume","og_url":"https:\/\/escolhelab.com.br\/en\/balao-autoclavavel-com-tampa\/","og_site_name":"Loja de produtos para laboratorio","article_modified_time":"2026-04-08T20:01:59+00:00","og_image":[{"width":700,"height":800,"url":"https:\/\/escolhelab.com.br\/wp-content\/uploads\/2026\/04\/Nbalao-volumetrico-autoclavavel-escolhelab-com-br.png","type":"image\/png"}],"twitter_card":"summary_large_image","twitter_misc":{"Est. reading time":"1 minute"},"schema":{"@context":"https:\/\/schema.org","@graph":[{"@type":"WebPage","@id":"https:\/\/escolhelab.com.br\/balao-autoclavavel-com-tampa\/","url":"https:\/\/escolhelab.com.br\/balao-autoclavavel-com-tampa\/","name":"Bal\u00e3o autocl\u00e1vavel com tampa","isPartOf":{"@id":"https:\/\/escolhelab.com.br\/#website"},"primaryImageOfPage":{"@id":"https:\/\/escolhelab.com.br\/balao-autoclavavel-com-tampa\/#primaryimage"},"image":{"@id":"https:\/\/escolhelab.com.br\/balao-autoclavavel-com-tampa\/#primaryimage"},"thumbnailUrl":"https:\/\/escolhelab.com.br\/wp-content\/uploads\/2026\/04\/Nbalao-volumetrico-autoclavavel-escolhelab-com-br.png","datePublished":"2026-04-08T19:29:32+00:00","dateModified":"2026-04-08T20:01:59+00:00","description":"O\u00a0bal\u00e3o volum\u00e9trico em polipropileno (PP)\u00a0Nalgon \u00e9 indicado para medi\u00e7\u00f5es volum\u00e9tricas precisas no dia a dia do laborat\u00f3rio. Com\u00a0toler\u00e2ncia de volume","breadcrumb":{"@id":"https:\/\/escolhelab.com.br\/balao-autoclavavel-com-tampa\/#breadcrumb"},"inLanguage":"en-US","potentialAction":[{"@type":"ReadAction","target":["https:\/\/escolhelab.com.br\/balao-autoclavavel-com-tampa\/"]}]},{"@type":"ImageObject","inLanguage":"en-US","@id":"https:\/\/escolhelab.com.br\/balao-autoclavavel-com-tampa\/#primaryimage","url":"https:\/\/escolhelab.com.br\/wp-content\/uploads\/2026\/04\/Nbalao-volumetrico-autoclavavel-escolhelab-com-br.png","contentUrl":"https:\/\/escolhelab.com.br\/wp-content\/uploads\/2026\/04\/Nbalao-volumetrico-autoclavavel-escolhelab-com-br.png","width":700,"height":800},{"@type":"BreadcrumbList","@id":"https:\/\/escolhelab.com.br\/balao-autoclavavel-com-tampa\/#breadcrumb","itemListElement":[{"@type":"ListItem","position":1,"name":"In\u00edcio","item":"https:\/\/escolhelab.com.br\/"},{"@type":"ListItem","position":2,"name":"loja","item":"https:\/\/escolhelab.com.br\/loja\/"},{"@type":"ListItem","position":3,"name":"Bal\u00e3o autocl\u00e1vavel com tampa"}]},{"@type":"WebSite","@id":"https:\/\/escolhelab.com.br\/#website","url":"https:\/\/escolhelab.com.br\/","name":"Loja de produtos para laboratorio","description":"Produtos para Laborat\u00f3rio,Artigos e outros na loja do quimico","publisher":{"@id":"https:\/\/escolhelab.com.br\/#organization"},"alternateName":"escolhelab","potentialAction":[{"@type":"SearchAction","target":{"@type":"EntryPoint","urlTemplate":"https:\/\/escolhelab.com.br\/?s={search_term_string}"},"query-input":{"@type":"PropertyValueSpecification","valueRequired":true,"valueName":"search_term_string"}}],"inLanguage":"en-US"},{"@type":"Organization","@id":"https:\/\/escolhelab.com.br\/#organization","name":"loja escolhelab","alternateName":"escolhelab","url":"https:\/\/escolhelab.com.br\/","logo":{"@type":"ImageObject","inLanguage":"en-US","@id":"https:\/\/escolhelab.com.br\/#\/schema\/logo\/image\/","url":"https:\/\/escolhelab.com.br\/wp-content\/uploads\/2024\/12\/icone-e-512-512escolhelab-com-br-2-800x800.png","contentUrl":"https:\/\/escolhelab.com.br\/wp-content\/uploads\/2024\/12\/icone-e-512-512escolhelab-com-br-2-800x800.png","width":800,"height":800,"caption":"loja escolhelab"},"image":{"@id":"https:\/\/escolhelab.com.br\/#\/schema\/logo\/image\/"}}]}},"tiered_pricing_type":"fixed","tiered_pricing_fixed_rules":[],"tiered_pricing_product_settings":{"layout":"default","base_unit_name":{"singular":null,"plural":null},"default_variation":null},"tiered_pricing_minimum_quantity":null,"tiered_pricing_roles_data":[],"tiered_pricing_percentage_rules":[],"tiered_pricing_maximum_quantity":null,"tiered_pricing_quantity_step":null,"_links":{"self":[{"href":"https:\/\/escolhelab.com.br\/en\/wp-json\/wp\/v2\/product\/43553","targetHints":{"allow":["GET"]}}],"collection":[{"href":"https:\/\/escolhelab.com.br\/en\/wp-json\/wp\/v2\/product"}],"about":[{"href":"https:\/\/escolhelab.com.br\/en\/wp-json\/wp\/v2\/types\/product"}],"replies":[{"embeddable":true,"href":"https:\/\/escolhelab.com.br\/en\/wp-json\/wp\/v2\/comments?post=43553"}],"version-history":[{"count":0,"href":"https:\/\/escolhelab.com.br\/en\/wp-json\/wp\/v2\/product\/43553\/revisions"}],"wp:featuredmedia":[{"embeddable":true,"href":"https:\/\/escolhelab.com.br\/en\/wp-json\/wp\/v2\/media\/43554"}],"wp:attachment":[{"href":"https:\/\/escolhelab.com.br\/en\/wp-json\/wp\/v2\/media?parent=43553"}],"wp:term":[{"taxonomy":"product_brand","embeddable":true,"href":"https:\/\/escolhelab.com.br\/en\/wp-json\/wp\/v2\/product_brand?post=43553"},{"taxonomy":"product_cat","embeddable":true,"href":"https:\/\/escolhelab.com.br\/en\/wp-json\/wp\/v2\/product_cat?post=43553"},{"taxonomy":"product_tag","embeddable":true,"href":"https:\/\/escolhelab.com.br\/en\/wp-json\/wp\/v2\/product_tag?post=43553"}],"curies":[{"name":"wp","href":"https:\/\/api.w.org\/{rel}","templated":true}]}}