{"id":43572,"date":"2026-04-09T09:16:10","date_gmt":"2026-04-09T12:16:10","guid":{"rendered":"https:\/\/escolhelab.com.br\/?post_type=product&#038;p=43572"},"modified":"2026-04-09T09:22:55","modified_gmt":"2026-04-09T12:22:55","slug":"berco-para-pistilo","status":"publish","type":"product","link":"https:\/\/escolhelab.com.br\/en\/berco-para-pistilo\/","title":{"rendered":"Ber\u00e7o para pistilo"},"content":{"rendered":"<h2>Ber\u00e7o para pistilo<\/h2>\n<p><img loading=\"lazy\" decoding=\"async\" class=\"wp-image-43573 alignleft\" src=\"https:\/\/escolhelab.com.br\/wp-content\/uploads\/2026\/04\/berco-para-pistlo-escolhelab-com-ba-263x300.png\" alt=\"\" width=\"60\" height=\"68\" srcset=\"https:\/\/escolhelab.com.br\/wp-content\/uploads\/2026\/04\/berco-para-pistlo-escolhelab-com-ba-263x300.png 263w, https:\/\/escolhelab.com.br\/wp-content\/uploads\/2026\/04\/berco-para-pistlo-escolhelab-com-ba-430x491.png 430w, https:\/\/escolhelab.com.br\/wp-content\/uploads\/2026\/04\/berco-para-pistlo-escolhelab-com-ba-150x171.png 150w, https:\/\/escolhelab.com.br\/wp-content\/uploads\/2026\/04\/berco-para-pistlo-escolhelab-com-ba.png 700w\" sizes=\"auto, (max-width: 60px) 100vw, 60px\" \/><\/p>\n<p data-end=\"602\" data-start=\"263\">O\u00a0Ber\u00e7o de Porcelana para Pistilo (capacidade para 3 pistilos)\u00a0\u00e9 utilizado para apoiar, organizar e proteger pistilos durante procedimentos laboratoriais. Fabricado em porcelana, oferece elevada resist\u00eancia qu\u00edmica e t\u00e9rmica, evitando o contato direto dos pistilos com a bancada e reduzindo riscos de contamina\u00e7\u00e3o ou danos ao material.<\/p>","protected":false},"excerpt":{"rendered":"<p data-end=\"602\" data-start=\"263\">O\u00a0Ber\u00e7o de Porcelana para Pistilo (capacidade para 3 pistilos)\u00a0\u00e9 utilizado para apoiar, organizar e proteger pistilos durante procedimentos laboratoriais. Fabricado em porcelana, oferece elevada resist\u00eancia qu\u00edmica e t\u00e9rmica, evitando o contato direto dos pistilos com a bancada e reduzindo riscos de contamina\u00e7\u00e3o ou danos ao material.<\/p>","protected":false},"featured_media":43573,"comment_status":"closed","ping_status":"closed","template":"","meta":{"_acf_changed":false,"iawp_total_views":0},"product_brand":[],"product_cat":[732,606],"product_tag":[],"class_list":{"0":"post-43572","1":"product","2":"type-product","3":"status-publish","4":"has-post-thumbnail","6":"product_cat-porcelanas","7":"product_cat-quimico","9":"first","10":"instock","11":"sale","12":"shipping-taxable","13":"purchasable","14":"product-type-simple"},"acf":[],"yoast_head":"<!-- This site is optimized with the Yoast SEO Premium plugin v26.2 (Yoast SEO v27.3) - https:\/\/yoast.com\/product\/yoast-seo-premium-wordpress\/ -->\n<title>Ber\u00e7o para pistilo<\/title>\n<meta name=\"description\" content=\"O Ber\u00e7o de Porcelana para Pistilo (capacidade para 3 pistilos) \u00e9 utilizado para apoiar, organizar e proteger pistilos durante procedimentos laboratoriais...\" \/>\n<meta name=\"robots\" content=\"index, follow, max-snippet:-1, max-image-preview:large, max-video-preview:-1\" \/>\n<link rel=\"canonical\" href=\"https:\/\/escolhelab.com.br\/en\/berco-para-pistilo\/\" \/>\n<meta property=\"og:locale\" content=\"en_US\" \/>\n<meta property=\"og:type\" content=\"article\" \/>\n<meta property=\"og:title\" content=\"Ber\u00e7o para pistilo\" \/>\n<meta property=\"og:description\" content=\"O Ber\u00e7o de Porcelana para Pistilo (capacidade para 3 pistilos) \u00e9 utilizado para apoiar, organizar e proteger pistilos durante procedimentos laboratoriais...\" \/>\n<meta property=\"og:url\" content=\"https:\/\/escolhelab.com.br\/en\/berco-para-pistilo\/\" \/>\n<meta property=\"og:site_name\" content=\"Loja de produtos para laboratorio\" \/>\n<meta property=\"article:modified_time\" content=\"2026-04-09T12:22:55+00:00\" \/>\n<meta property=\"og:image\" content=\"https:\/\/escolhelab.com.br\/wp-content\/uploads\/2026\/04\/berco-para-pistlo-escolhelab-com-ba.png\" \/>\n\t<meta property=\"og:image:width\" content=\"700\" \/>\n\t<meta property=\"og:image:height\" content=\"800\" \/>\n\t<meta property=\"og:image:type\" content=\"image\/png\" \/>\n<meta name=\"twitter:card\" content=\"summary_large_image\" \/>\n<meta name=\"twitter:label1\" content=\"Est. reading time\" \/>\n\t<meta name=\"twitter:data1\" content=\"1 minute\" \/>\n<script type=\"application\/ld+json\" class=\"yoast-schema-graph\">{\"@context\":\"https:\\\/\\\/schema.org\",\"@graph\":[{\"@type\":\"WebPage\",\"@id\":\"https:\\\/\\\/escolhelab.com.br\\\/berco-para-pistilo\\\/\",\"url\":\"https:\\\/\\\/escolhelab.com.br\\\/berco-para-pistilo\\\/\",\"name\":\"Ber\u00e7o para pistilo\",\"isPartOf\":{\"@id\":\"https:\\\/\\\/escolhelab.com.br\\\/#website\"},\"primaryImageOfPage\":{\"@id\":\"https:\\\/\\\/escolhelab.com.br\\\/berco-para-pistilo\\\/#primaryimage\"},\"image\":{\"@id\":\"https:\\\/\\\/escolhelab.com.br\\\/berco-para-pistilo\\\/#primaryimage\"},\"thumbnailUrl\":\"https:\\\/\\\/escolhelab.com.br\\\/wp-content\\\/uploads\\\/2026\\\/04\\\/berco-para-pistlo-escolhelab-com-ba.png\",\"datePublished\":\"2026-04-09T12:16:10+00:00\",\"dateModified\":\"2026-04-09T12:22:55+00:00\",\"description\":\"O Ber\u00e7o de Porcelana para Pistilo (capacidade para 3 pistilos) \u00e9 utilizado para apoiar, organizar e proteger pistilos durante procedimentos laboratoriais...\",\"breadcrumb\":{\"@id\":\"https:\\\/\\\/escolhelab.com.br\\\/berco-para-pistilo\\\/#breadcrumb\"},\"inLanguage\":\"en-US\",\"potentialAction\":[{\"@type\":\"ReadAction\",\"target\":[\"https:\\\/\\\/escolhelab.com.br\\\/berco-para-pistilo\\\/\"]}]},{\"@type\":\"ImageObject\",\"inLanguage\":\"en-US\",\"@id\":\"https:\\\/\\\/escolhelab.com.br\\\/berco-para-pistilo\\\/#primaryimage\",\"url\":\"https:\\\/\\\/escolhelab.com.br\\\/wp-content\\\/uploads\\\/2026\\\/04\\\/berco-para-pistlo-escolhelab-com-ba.png\",\"contentUrl\":\"https:\\\/\\\/escolhelab.com.br\\\/wp-content\\\/uploads\\\/2026\\\/04\\\/berco-para-pistlo-escolhelab-com-ba.png\",\"width\":700,\"height\":800},{\"@type\":\"BreadcrumbList\",\"@id\":\"https:\\\/\\\/escolhelab.com.br\\\/berco-para-pistilo\\\/#breadcrumb\",\"itemListElement\":[{\"@type\":\"ListItem\",\"position\":1,\"name\":\"In\u00edcio\",\"item\":\"https:\\\/\\\/escolhelab.com.br\\\/\"},{\"@type\":\"ListItem\",\"position\":2,\"name\":\"loja\",\"item\":\"https:\\\/\\\/escolhelab.com.br\\\/loja\\\/\"},{\"@type\":\"ListItem\",\"position\":3,\"name\":\"Ber\u00e7o para pistilo\"}]},{\"@type\":\"WebSite\",\"@id\":\"https:\\\/\\\/escolhelab.com.br\\\/#website\",\"url\":\"https:\\\/\\\/escolhelab.com.br\\\/\",\"name\":\"Loja de produtos para laboratorio\",\"description\":\"Produtos para Laborat\u00f3rio,Artigos e outros na loja do quimico\",\"publisher\":{\"@id\":\"https:\\\/\\\/escolhelab.com.br\\\/#organization\"},\"alternateName\":\"escolhelab\",\"potentialAction\":[{\"@type\":\"SearchAction\",\"target\":{\"@type\":\"EntryPoint\",\"urlTemplate\":\"https:\\\/\\\/escolhelab.com.br\\\/?s={search_term_string}\"},\"query-input\":{\"@type\":\"PropertyValueSpecification\",\"valueRequired\":true,\"valueName\":\"search_term_string\"}}],\"inLanguage\":\"en-US\"},{\"@type\":\"Organization\",\"@id\":\"https:\\\/\\\/escolhelab.com.br\\\/#organization\",\"name\":\"loja escolhelab\",\"alternateName\":\"escolhelab\",\"url\":\"https:\\\/\\\/escolhelab.com.br\\\/\",\"logo\":{\"@type\":\"ImageObject\",\"inLanguage\":\"en-US\",\"@id\":\"https:\\\/\\\/escolhelab.com.br\\\/#\\\/schema\\\/logo\\\/image\\\/\",\"url\":\"https:\\\/\\\/escolhelab.com.br\\\/wp-content\\\/uploads\\\/2024\\\/12\\\/icone-e-512-512escolhelab-com-br-2-800x800.png\",\"contentUrl\":\"https:\\\/\\\/escolhelab.com.br\\\/wp-content\\\/uploads\\\/2024\\\/12\\\/icone-e-512-512escolhelab-com-br-2-800x800.png\",\"width\":800,\"height\":800,\"caption\":\"loja escolhelab\"},\"image\":{\"@id\":\"https:\\\/\\\/escolhelab.com.br\\\/#\\\/schema\\\/logo\\\/image\\\/\"}}]}<\/script>\n<!-- \/ Yoast SEO Premium plugin. -->","yoast_head_json":{"title":"Ber\u00e7o para pistilo","description":"O Ber\u00e7o de Porcelana para Pistilo (capacidade para 3 pistilos) \u00e9 utilizado para apoiar, organizar e proteger pistilos durante procedimentos laboratoriais...","robots":{"index":"index","follow":"follow","max-snippet":"max-snippet:-1","max-image-preview":"max-image-preview:large","max-video-preview":"max-video-preview:-1"},"canonical":"https:\/\/escolhelab.com.br\/en\/berco-para-pistilo\/","og_locale":"en_US","og_type":"article","og_title":"Ber\u00e7o para pistilo","og_description":"O Ber\u00e7o de Porcelana para Pistilo (capacidade para 3 pistilos) \u00e9 utilizado para apoiar, organizar e proteger pistilos durante procedimentos laboratoriais...","og_url":"https:\/\/escolhelab.com.br\/en\/berco-para-pistilo\/","og_site_name":"Loja de produtos para laboratorio","article_modified_time":"2026-04-09T12:22:55+00:00","og_image":[{"width":700,"height":800,"url":"https:\/\/escolhelab.com.br\/wp-content\/uploads\/2026\/04\/berco-para-pistlo-escolhelab-com-ba.png","type":"image\/png"}],"twitter_card":"summary_large_image","twitter_misc":{"Est. reading time":"1 minute"},"schema":{"@context":"https:\/\/schema.org","@graph":[{"@type":"WebPage","@id":"https:\/\/escolhelab.com.br\/berco-para-pistilo\/","url":"https:\/\/escolhelab.com.br\/berco-para-pistilo\/","name":"Ber\u00e7o para pistilo","isPartOf":{"@id":"https:\/\/escolhelab.com.br\/#website"},"primaryImageOfPage":{"@id":"https:\/\/escolhelab.com.br\/berco-para-pistilo\/#primaryimage"},"image":{"@id":"https:\/\/escolhelab.com.br\/berco-para-pistilo\/#primaryimage"},"thumbnailUrl":"https:\/\/escolhelab.com.br\/wp-content\/uploads\/2026\/04\/berco-para-pistlo-escolhelab-com-ba.png","datePublished":"2026-04-09T12:16:10+00:00","dateModified":"2026-04-09T12:22:55+00:00","description":"O Ber\u00e7o de Porcelana para Pistilo (capacidade para 3 pistilos) \u00e9 utilizado para apoiar, organizar e proteger pistilos durante procedimentos laboratoriais...","breadcrumb":{"@id":"https:\/\/escolhelab.com.br\/berco-para-pistilo\/#breadcrumb"},"inLanguage":"en-US","potentialAction":[{"@type":"ReadAction","target":["https:\/\/escolhelab.com.br\/berco-para-pistilo\/"]}]},{"@type":"ImageObject","inLanguage":"en-US","@id":"https:\/\/escolhelab.com.br\/berco-para-pistilo\/#primaryimage","url":"https:\/\/escolhelab.com.br\/wp-content\/uploads\/2026\/04\/berco-para-pistlo-escolhelab-com-ba.png","contentUrl":"https:\/\/escolhelab.com.br\/wp-content\/uploads\/2026\/04\/berco-para-pistlo-escolhelab-com-ba.png","width":700,"height":800},{"@type":"BreadcrumbList","@id":"https:\/\/escolhelab.com.br\/berco-para-pistilo\/#breadcrumb","itemListElement":[{"@type":"ListItem","position":1,"name":"In\u00edcio","item":"https:\/\/escolhelab.com.br\/"},{"@type":"ListItem","position":2,"name":"loja","item":"https:\/\/escolhelab.com.br\/loja\/"},{"@type":"ListItem","position":3,"name":"Ber\u00e7o para pistilo"}]},{"@type":"WebSite","@id":"https:\/\/escolhelab.com.br\/#website","url":"https:\/\/escolhelab.com.br\/","name":"Loja de produtos para laboratorio","description":"Produtos para Laborat\u00f3rio,Artigos e outros na loja do quimico","publisher":{"@id":"https:\/\/escolhelab.com.br\/#organization"},"alternateName":"escolhelab","potentialAction":[{"@type":"SearchAction","target":{"@type":"EntryPoint","urlTemplate":"https:\/\/escolhelab.com.br\/?s={search_term_string}"},"query-input":{"@type":"PropertyValueSpecification","valueRequired":true,"valueName":"search_term_string"}}],"inLanguage":"en-US"},{"@type":"Organization","@id":"https:\/\/escolhelab.com.br\/#organization","name":"loja escolhelab","alternateName":"escolhelab","url":"https:\/\/escolhelab.com.br\/","logo":{"@type":"ImageObject","inLanguage":"en-US","@id":"https:\/\/escolhelab.com.br\/#\/schema\/logo\/image\/","url":"https:\/\/escolhelab.com.br\/wp-content\/uploads\/2024\/12\/icone-e-512-512escolhelab-com-br-2-800x800.png","contentUrl":"https:\/\/escolhelab.com.br\/wp-content\/uploads\/2024\/12\/icone-e-512-512escolhelab-com-br-2-800x800.png","width":800,"height":800,"caption":"loja escolhelab"},"image":{"@id":"https:\/\/escolhelab.com.br\/#\/schema\/logo\/image\/"}}]}},"tiered_pricing_type":"percentage","tiered_pricing_fixed_rules":[],"tiered_pricing_product_settings":{"layout":"default","base_unit_name":{"singular":null,"plural":null},"default_variation":null},"tiered_pricing_minimum_quantity":null,"tiered_pricing_roles_data":[],"tiered_pricing_percentage_rules":{"2":"2","3":"3","4":"4"},"tiered_pricing_maximum_quantity":null,"tiered_pricing_quantity_step":null,"_links":{"self":[{"href":"https:\/\/escolhelab.com.br\/en\/wp-json\/wp\/v2\/product\/43572","targetHints":{"allow":["GET"]}}],"collection":[{"href":"https:\/\/escolhelab.com.br\/en\/wp-json\/wp\/v2\/product"}],"about":[{"href":"https:\/\/escolhelab.com.br\/en\/wp-json\/wp\/v2\/types\/product"}],"replies":[{"embeddable":true,"href":"https:\/\/escolhelab.com.br\/en\/wp-json\/wp\/v2\/comments?post=43572"}],"version-history":[{"count":0,"href":"https:\/\/escolhelab.com.br\/en\/wp-json\/wp\/v2\/product\/43572\/revisions"}],"wp:featuredmedia":[{"embeddable":true,"href":"https:\/\/escolhelab.com.br\/en\/wp-json\/wp\/v2\/media\/43573"}],"wp:attachment":[{"href":"https:\/\/escolhelab.com.br\/en\/wp-json\/wp\/v2\/media?parent=43572"}],"wp:term":[{"taxonomy":"product_brand","embeddable":true,"href":"https:\/\/escolhelab.com.br\/en\/wp-json\/wp\/v2\/product_brand?post=43572"},{"taxonomy":"product_cat","embeddable":true,"href":"https:\/\/escolhelab.com.br\/en\/wp-json\/wp\/v2\/product_cat?post=43572"},{"taxonomy":"product_tag","embeddable":true,"href":"https:\/\/escolhelab.com.br\/en\/wp-json\/wp\/v2\/product_tag?post=43572"}],"curies":[{"name":"wp","href":"https:\/\/api.w.org\/{rel}","templated":true}]}}