{"id":43584,"date":"2026-04-09T09:58:18","date_gmt":"2026-04-09T12:58:18","guid":{"rendered":"https:\/\/escolhelab.com.br\/?post_type=product&#038;p=43584"},"modified":"2026-04-09T10:09:08","modified_gmt":"2026-04-09T13:09:08","slug":"base-antivibratoria-de-granito-35-x-45-cm","status":"publish","type":"product","link":"https:\/\/escolhelab.com.br\/en\/base-antivibratoria-de-granito-35-x-45-cm\/","title":{"rendered":"Base Antivibrat\u00f3ria de Granito &#8211; 35 x 45 cm"},"content":{"rendered":"<div class=\"pageProduct-gallery\" data-gallery=\"product\" data-thumbnail=\"https:\/\/images.tcdn.com.br\/files\/1354434\/themes\/37\/img\/thumbnail.png?b46d8caf1f04ddeb052f5cf760759627\" data-width=\"300\" data-height=\"300\">\n<div class=\"gallery-thumbs swiper swiper-initialized swiper-horizontal swiper-pointer-events swiper-free-mode swiper-watch-progress swiper-backface-hidden swiper-thumbs\" data-slides=\"gallery-thumbs\" data-qtd=\"1\">\n<h1 class=\"pageProduct-name\">Base Antivibrat\u00f3ria de Granito &#8211; 35 x 45 cm<\/h1>\n<p>A\u00a0Base Antivibrat\u00f3ria de Granito Nalgon\u00a0\u00e9 desenvolvida para oferecer\u00a0estabilidade e absor\u00e7\u00e3o de vibra\u00e7\u00f5es em equipamentos laboratoriais sens\u00edveis. Fabricada em\u00a0granito polido de alta densidade, proporciona uma superf\u00edcie lisa, plana e extremamente resistente, garantindo precis\u00e3o e seguran\u00e7a durante an\u00e1lises e medi\u00e7\u00f5es.<\/p>\n<p>Aplica\u00e7\u00e3o:<br \/>\nIndicada para uso em\u00a0balan\u00e7as anal\u00edticas, microbalan\u00e7as, espectrofot\u00f4metros, dens\u00edmetros\u00a0e outros instrumentos que exigem isolamento de vibra\u00e7\u00f5es externas, evitando interfer\u00eancias nos resultados.<\/p>\n<h2 id=\"swiper-wrapper-5ec4f6726b9ec8fa\" class=\"swiper-wrapper\" data-gallery=\"box-thumbs\" aria-live=\"polite\"><span style=\"color: #1b1919; font-size: 28px;\">\u00a0<\/span><\/h2>\n<\/div>\n<\/div>","protected":false},"excerpt":{"rendered":"<p>Ddesenvolvida para oferecer estabilidade e absor\u00e7\u00e3o de vibra\u00e7\u00f5es em equipamentos laboratoriais sens\u00edveis. Fabricada em granito polido de alta densidade, proporciona uma superf\u00edcie lisa, plana e extremamente resistente, garantindo precis\u00e3o e seguran\u00e7a durante an\u00e1lises e medi\u00e7\u00f5es.<\/p>","protected":false},"featured_media":43586,"comment_status":"closed","ping_status":"closed","template":"","meta":{"_acf_changed":false,"iawp_total_views":1},"product_brand":[],"product_cat":[725,732,606],"product_tag":[],"class_list":{"0":"post-43584","1":"product","2":"type-product","3":"status-publish","4":"has-post-thumbnail","6":"product_cat-acessorios-e-consumiveis","7":"product_cat-porcelanas","8":"product_cat-quimico","10":"first","11":"instock","12":"sale","13":"shipping-taxable","14":"purchasable","15":"product-type-simple"},"acf":[],"yoast_head":"<!-- This site is optimized with the Yoast SEO Premium plugin v26.2 (Yoast SEO v27.3) - https:\/\/yoast.com\/product\/yoast-seo-premium-wordpress\/ -->\n<title>Base Antivibrat\u00f3ria de Granito - 35 x 45 cm<\/title>\n<meta name=\"description\" content=\"Ddesenvolvida para oferecer estabilidade e absor\u00e7\u00e3o de vibra\u00e7\u00f5es em equipamentos laboratoriais sens\u00edveis. Fabricada em granito polido de alta densidade....\" \/>\n<meta name=\"robots\" content=\"index, follow, max-snippet:-1, max-image-preview:large, max-video-preview:-1\" \/>\n<link rel=\"canonical\" href=\"https:\/\/escolhelab.com.br\/en\/base-antivibratoria-de-granito-35-x-45-cm\/\" \/>\n<meta property=\"og:locale\" content=\"en_US\" \/>\n<meta property=\"og:type\" content=\"article\" \/>\n<meta property=\"og:title\" content=\"Base Antivibrat\u00f3ria de Granito - 35 x 45 cm\" \/>\n<meta property=\"og:description\" content=\"Ddesenvolvida para oferecer estabilidade e absor\u00e7\u00e3o de vibra\u00e7\u00f5es em equipamentos laboratoriais sens\u00edveis. Fabricada em granito polido de alta densidade....\" \/>\n<meta property=\"og:url\" content=\"https:\/\/escolhelab.com.br\/en\/base-antivibratoria-de-granito-35-x-45-cm\/\" \/>\n<meta property=\"og:site_name\" content=\"Loja de produtos para laboratorio\" \/>\n<meta property=\"article:modified_time\" content=\"2026-04-09T13:09:08+00:00\" \/>\n<meta property=\"og:image\" content=\"https:\/\/escolhelab.com.br\/wp-content\/uploads\/2026\/04\/base-xintivibratoria-de-granito-escolgelab-com-br.png\" \/>\n\t<meta property=\"og:image:width\" content=\"700\" \/>\n\t<meta property=\"og:image:height\" content=\"800\" \/>\n\t<meta property=\"og:image:type\" content=\"image\/png\" \/>\n<meta name=\"twitter:card\" content=\"summary_large_image\" \/>\n<meta name=\"twitter:label1\" content=\"Est. reading time\" \/>\n\t<meta name=\"twitter:data1\" content=\"1 minute\" \/>\n<script type=\"application\/ld+json\" class=\"yoast-schema-graph\">{\"@context\":\"https:\\\/\\\/schema.org\",\"@graph\":[{\"@type\":\"WebPage\",\"@id\":\"https:\\\/\\\/escolhelab.com.br\\\/base-antivibratoria-de-granito-35-x-45-cm\\\/\",\"url\":\"https:\\\/\\\/escolhelab.com.br\\\/base-antivibratoria-de-granito-35-x-45-cm\\\/\",\"name\":\"Base Antivibrat\u00f3ria de Granito - 35 x 45 cm\",\"isPartOf\":{\"@id\":\"https:\\\/\\\/escolhelab.com.br\\\/#website\"},\"primaryImageOfPage\":{\"@id\":\"https:\\\/\\\/escolhelab.com.br\\\/base-antivibratoria-de-granito-35-x-45-cm\\\/#primaryimage\"},\"image\":{\"@id\":\"https:\\\/\\\/escolhelab.com.br\\\/base-antivibratoria-de-granito-35-x-45-cm\\\/#primaryimage\"},\"thumbnailUrl\":\"https:\\\/\\\/escolhelab.com.br\\\/wp-content\\\/uploads\\\/2026\\\/04\\\/base-xintivibratoria-de-granito-escolgelab-com-br.png\",\"datePublished\":\"2026-04-09T12:58:18+00:00\",\"dateModified\":\"2026-04-09T13:09:08+00:00\",\"description\":\"Ddesenvolvida para oferecer estabilidade e absor\u00e7\u00e3o de vibra\u00e7\u00f5es em equipamentos laboratoriais sens\u00edveis. Fabricada em granito polido de alta densidade....\",\"breadcrumb\":{\"@id\":\"https:\\\/\\\/escolhelab.com.br\\\/base-antivibratoria-de-granito-35-x-45-cm\\\/#breadcrumb\"},\"inLanguage\":\"en-US\",\"potentialAction\":[{\"@type\":\"ReadAction\",\"target\":[\"https:\\\/\\\/escolhelab.com.br\\\/base-antivibratoria-de-granito-35-x-45-cm\\\/\"]}]},{\"@type\":\"ImageObject\",\"inLanguage\":\"en-US\",\"@id\":\"https:\\\/\\\/escolhelab.com.br\\\/base-antivibratoria-de-granito-35-x-45-cm\\\/#primaryimage\",\"url\":\"https:\\\/\\\/escolhelab.com.br\\\/wp-content\\\/uploads\\\/2026\\\/04\\\/base-xintivibratoria-de-granito-escolgelab-com-br.png\",\"contentUrl\":\"https:\\\/\\\/escolhelab.com.br\\\/wp-content\\\/uploads\\\/2026\\\/04\\\/base-xintivibratoria-de-granito-escolgelab-com-br.png\",\"width\":700,\"height\":800},{\"@type\":\"BreadcrumbList\",\"@id\":\"https:\\\/\\\/escolhelab.com.br\\\/base-antivibratoria-de-granito-35-x-45-cm\\\/#breadcrumb\",\"itemListElement\":[{\"@type\":\"ListItem\",\"position\":1,\"name\":\"In\u00edcio\",\"item\":\"https:\\\/\\\/escolhelab.com.br\\\/\"},{\"@type\":\"ListItem\",\"position\":2,\"name\":\"loja\",\"item\":\"https:\\\/\\\/escolhelab.com.br\\\/loja\\\/\"},{\"@type\":\"ListItem\",\"position\":3,\"name\":\"Base Antivibrat\u00f3ria de Granito &#8211; 35 x 45 cm\"}]},{\"@type\":\"WebSite\",\"@id\":\"https:\\\/\\\/escolhelab.com.br\\\/#website\",\"url\":\"https:\\\/\\\/escolhelab.com.br\\\/\",\"name\":\"Loja de produtos para laboratorio\",\"description\":\"Produtos para Laborat\u00f3rio,Artigos e outros na loja do quimico\",\"publisher\":{\"@id\":\"https:\\\/\\\/escolhelab.com.br\\\/#organization\"},\"alternateName\":\"escolhelab\",\"potentialAction\":[{\"@type\":\"SearchAction\",\"target\":{\"@type\":\"EntryPoint\",\"urlTemplate\":\"https:\\\/\\\/escolhelab.com.br\\\/?s={search_term_string}\"},\"query-input\":{\"@type\":\"PropertyValueSpecification\",\"valueRequired\":true,\"valueName\":\"search_term_string\"}}],\"inLanguage\":\"en-US\"},{\"@type\":\"Organization\",\"@id\":\"https:\\\/\\\/escolhelab.com.br\\\/#organization\",\"name\":\"loja escolhelab\",\"alternateName\":\"escolhelab\",\"url\":\"https:\\\/\\\/escolhelab.com.br\\\/\",\"logo\":{\"@type\":\"ImageObject\",\"inLanguage\":\"en-US\",\"@id\":\"https:\\\/\\\/escolhelab.com.br\\\/#\\\/schema\\\/logo\\\/image\\\/\",\"url\":\"https:\\\/\\\/escolhelab.com.br\\\/wp-content\\\/uploads\\\/2024\\\/12\\\/icone-e-512-512escolhelab-com-br-2-800x800.png\",\"contentUrl\":\"https:\\\/\\\/escolhelab.com.br\\\/wp-content\\\/uploads\\\/2024\\\/12\\\/icone-e-512-512escolhelab-com-br-2-800x800.png\",\"width\":800,\"height\":800,\"caption\":\"loja escolhelab\"},\"image\":{\"@id\":\"https:\\\/\\\/escolhelab.com.br\\\/#\\\/schema\\\/logo\\\/image\\\/\"}}]}<\/script>\n<!-- \/ Yoast SEO Premium plugin. -->","yoast_head_json":{"title":"Base Antivibrat\u00f3ria de Granito - 35 x 45 cm","description":"Ddesenvolvida para oferecer estabilidade e absor\u00e7\u00e3o de vibra\u00e7\u00f5es em equipamentos laboratoriais sens\u00edveis. Fabricada em granito polido de alta densidade....","robots":{"index":"index","follow":"follow","max-snippet":"max-snippet:-1","max-image-preview":"max-image-preview:large","max-video-preview":"max-video-preview:-1"},"canonical":"https:\/\/escolhelab.com.br\/en\/base-antivibratoria-de-granito-35-x-45-cm\/","og_locale":"en_US","og_type":"article","og_title":"Base Antivibrat\u00f3ria de Granito - 35 x 45 cm","og_description":"Ddesenvolvida para oferecer estabilidade e absor\u00e7\u00e3o de vibra\u00e7\u00f5es em equipamentos laboratoriais sens\u00edveis. Fabricada em granito polido de alta densidade....","og_url":"https:\/\/escolhelab.com.br\/en\/base-antivibratoria-de-granito-35-x-45-cm\/","og_site_name":"Loja de produtos para laboratorio","article_modified_time":"2026-04-09T13:09:08+00:00","og_image":[{"width":700,"height":800,"url":"https:\/\/escolhelab.com.br\/wp-content\/uploads\/2026\/04\/base-xintivibratoria-de-granito-escolgelab-com-br.png","type":"image\/png"}],"twitter_card":"summary_large_image","twitter_misc":{"Est. reading time":"1 minute"},"schema":{"@context":"https:\/\/schema.org","@graph":[{"@type":"WebPage","@id":"https:\/\/escolhelab.com.br\/base-antivibratoria-de-granito-35-x-45-cm\/","url":"https:\/\/escolhelab.com.br\/base-antivibratoria-de-granito-35-x-45-cm\/","name":"Base Antivibrat\u00f3ria de Granito - 35 x 45 cm","isPartOf":{"@id":"https:\/\/escolhelab.com.br\/#website"},"primaryImageOfPage":{"@id":"https:\/\/escolhelab.com.br\/base-antivibratoria-de-granito-35-x-45-cm\/#primaryimage"},"image":{"@id":"https:\/\/escolhelab.com.br\/base-antivibratoria-de-granito-35-x-45-cm\/#primaryimage"},"thumbnailUrl":"https:\/\/escolhelab.com.br\/wp-content\/uploads\/2026\/04\/base-xintivibratoria-de-granito-escolgelab-com-br.png","datePublished":"2026-04-09T12:58:18+00:00","dateModified":"2026-04-09T13:09:08+00:00","description":"Ddesenvolvida para oferecer estabilidade e absor\u00e7\u00e3o de vibra\u00e7\u00f5es em equipamentos laboratoriais sens\u00edveis. Fabricada em granito polido de alta densidade....","breadcrumb":{"@id":"https:\/\/escolhelab.com.br\/base-antivibratoria-de-granito-35-x-45-cm\/#breadcrumb"},"inLanguage":"en-US","potentialAction":[{"@type":"ReadAction","target":["https:\/\/escolhelab.com.br\/base-antivibratoria-de-granito-35-x-45-cm\/"]}]},{"@type":"ImageObject","inLanguage":"en-US","@id":"https:\/\/escolhelab.com.br\/base-antivibratoria-de-granito-35-x-45-cm\/#primaryimage","url":"https:\/\/escolhelab.com.br\/wp-content\/uploads\/2026\/04\/base-xintivibratoria-de-granito-escolgelab-com-br.png","contentUrl":"https:\/\/escolhelab.com.br\/wp-content\/uploads\/2026\/04\/base-xintivibratoria-de-granito-escolgelab-com-br.png","width":700,"height":800},{"@type":"BreadcrumbList","@id":"https:\/\/escolhelab.com.br\/base-antivibratoria-de-granito-35-x-45-cm\/#breadcrumb","itemListElement":[{"@type":"ListItem","position":1,"name":"In\u00edcio","item":"https:\/\/escolhelab.com.br\/"},{"@type":"ListItem","position":2,"name":"loja","item":"https:\/\/escolhelab.com.br\/loja\/"},{"@type":"ListItem","position":3,"name":"Base Antivibrat\u00f3ria de Granito &#8211; 35 x 45 cm"}]},{"@type":"WebSite","@id":"https:\/\/escolhelab.com.br\/#website","url":"https:\/\/escolhelab.com.br\/","name":"Loja de produtos para laboratorio","description":"Produtos para Laborat\u00f3rio,Artigos e outros na loja do quimico","publisher":{"@id":"https:\/\/escolhelab.com.br\/#organization"},"alternateName":"escolhelab","potentialAction":[{"@type":"SearchAction","target":{"@type":"EntryPoint","urlTemplate":"https:\/\/escolhelab.com.br\/?s={search_term_string}"},"query-input":{"@type":"PropertyValueSpecification","valueRequired":true,"valueName":"search_term_string"}}],"inLanguage":"en-US"},{"@type":"Organization","@id":"https:\/\/escolhelab.com.br\/#organization","name":"loja escolhelab","alternateName":"escolhelab","url":"https:\/\/escolhelab.com.br\/","logo":{"@type":"ImageObject","inLanguage":"en-US","@id":"https:\/\/escolhelab.com.br\/#\/schema\/logo\/image\/","url":"https:\/\/escolhelab.com.br\/wp-content\/uploads\/2024\/12\/icone-e-512-512escolhelab-com-br-2-800x800.png","contentUrl":"https:\/\/escolhelab.com.br\/wp-content\/uploads\/2024\/12\/icone-e-512-512escolhelab-com-br-2-800x800.png","width":800,"height":800,"caption":"loja escolhelab"},"image":{"@id":"https:\/\/escolhelab.com.br\/#\/schema\/logo\/image\/"}}]}},"tiered_pricing_type":"fixed","tiered_pricing_fixed_rules":[],"tiered_pricing_product_settings":{"layout":"default","base_unit_name":{"singular":null,"plural":null},"default_variation":null},"tiered_pricing_minimum_quantity":null,"tiered_pricing_roles_data":[],"tiered_pricing_percentage_rules":[],"tiered_pricing_maximum_quantity":null,"tiered_pricing_quantity_step":null,"_links":{"self":[{"href":"https:\/\/escolhelab.com.br\/en\/wp-json\/wp\/v2\/product\/43584","targetHints":{"allow":["GET"]}}],"collection":[{"href":"https:\/\/escolhelab.com.br\/en\/wp-json\/wp\/v2\/product"}],"about":[{"href":"https:\/\/escolhelab.com.br\/en\/wp-json\/wp\/v2\/types\/product"}],"replies":[{"embeddable":true,"href":"https:\/\/escolhelab.com.br\/en\/wp-json\/wp\/v2\/comments?post=43584"}],"version-history":[{"count":0,"href":"https:\/\/escolhelab.com.br\/en\/wp-json\/wp\/v2\/product\/43584\/revisions"}],"wp:featuredmedia":[{"embeddable":true,"href":"https:\/\/escolhelab.com.br\/en\/wp-json\/wp\/v2\/media\/43586"}],"wp:attachment":[{"href":"https:\/\/escolhelab.com.br\/en\/wp-json\/wp\/v2\/media?parent=43584"}],"wp:term":[{"taxonomy":"product_brand","embeddable":true,"href":"https:\/\/escolhelab.com.br\/en\/wp-json\/wp\/v2\/product_brand?post=43584"},{"taxonomy":"product_cat","embeddable":true,"href":"https:\/\/escolhelab.com.br\/en\/wp-json\/wp\/v2\/product_cat?post=43584"},{"taxonomy":"product_tag","embeddable":true,"href":"https:\/\/escolhelab.com.br\/en\/wp-json\/wp\/v2\/product_tag?post=43584"}],"curies":[{"name":"wp","href":"https:\/\/api.w.org\/{rel}","templated":true}]}}