{"id":43589,"date":"2026-04-09T10:26:43","date_gmt":"2026-04-09T13:26:43","guid":{"rendered":"https:\/\/escolhelab.com.br\/?post_type=product&#038;p=43589"},"modified":"2026-04-09T10:45:10","modified_gmt":"2026-04-09T13:45:10","slug":"bastao-em-polipropileno-macico","status":"publish","type":"product","link":"https:\/\/escolhelab.com.br\/en\/bastao-em-polipropileno-macico\/","title":{"rendered":"Bast\u00e3o em Polipropileno Maci\u00e7o"},"content":{"rendered":"<h2>Bast\u00e3o em Polipropileno Maci\u00e7o<\/h2>\n<p><img loading=\"lazy\" decoding=\"async\" class=\"wp-image-43590 alignleft\" src=\"https:\/\/escolhelab.com.br\/wp-content\/uploads\/2026\/04\/bastao-em-polipropileno-macico-escolhelab-com-br-263x300.png\" alt=\"\" width=\"66\" height=\"75\" srcset=\"https:\/\/escolhelab.com.br\/wp-content\/uploads\/2026\/04\/bastao-em-polipropileno-macico-escolhelab-com-br-263x300.png 263w, https:\/\/escolhelab.com.br\/wp-content\/uploads\/2026\/04\/bastao-em-polipropileno-macico-escolhelab-com-br-430x491.png 430w, https:\/\/escolhelab.com.br\/wp-content\/uploads\/2026\/04\/bastao-em-polipropileno-macico-escolhelab-com-br-150x171.png 150w, https:\/\/escolhelab.com.br\/wp-content\/uploads\/2026\/04\/bastao-em-polipropileno-macico-escolhelab-com-br.png 700w\" sizes=\"auto, (max-width: 66px) 100vw, 66px\" \/>Indicado para agitar e misturar reagentes<br \/>\nAutoclav\u00e1vel a 121\u00baC<br \/>\nMaterial em polipropileno<\/p>","protected":false},"excerpt":{"rendered":"<p>Indicado para agitar e misturar reagentes<br \/>\nAutoclav\u00e1vel a 121\u00baC<br \/>\nMaterial em polipropileno<\/p>","protected":false},"featured_media":43590,"comment_status":"closed","ping_status":"closed","template":"","meta":{"_acf_changed":false,"iawp_total_views":0},"product_brand":[],"product_cat":[730,606],"product_tag":[],"class_list":{"0":"post-43589","1":"product","2":"type-product","3":"status-publish","4":"has-post-thumbnail","6":"product_cat-plastico-e-borrachas","7":"product_cat-quimico","9":"first","10":"instock","11":"shipping-taxable","12":"purchasable","13":"product-type-variable"},"acf":[],"yoast_head":"<!-- This site is optimized with the Yoast SEO Premium plugin v26.2 (Yoast SEO v27.3) - https:\/\/yoast.com\/product\/yoast-seo-premium-wordpress\/ -->\n<title>Bast\u00e3o em Polipropileno Maci\u00e7o<\/title>\n<meta name=\"description\" content=\"Indicado para agitar e misturar reagentesAutoclav\u00e1vel a 121\u00baCMaterial em polipropileno\" \/>\n<meta name=\"robots\" content=\"index, follow, max-snippet:-1, max-image-preview:large, max-video-preview:-1\" \/>\n<link rel=\"canonical\" href=\"https:\/\/escolhelab.com.br\/en\/bastao-em-polipropileno-macico\/\" \/>\n<meta property=\"og:locale\" content=\"en_US\" \/>\n<meta property=\"og:type\" content=\"article\" \/>\n<meta property=\"og:title\" content=\"Bast\u00e3o em Polipropileno Maci\u00e7o\" \/>\n<meta property=\"og:description\" content=\"Indicado para agitar e misturar reagentesAutoclav\u00e1vel a 121\u00baCMaterial em polipropileno\" \/>\n<meta property=\"og:url\" content=\"https:\/\/escolhelab.com.br\/en\/bastao-em-polipropileno-macico\/\" \/>\n<meta property=\"og:site_name\" content=\"Loja de produtos para laboratorio\" \/>\n<meta property=\"article:modified_time\" content=\"2026-04-09T13:45:10+00:00\" \/>\n<meta property=\"og:image\" content=\"https:\/\/escolhelab.com.br\/wp-content\/uploads\/2026\/04\/bastao-em-polipropileno-macico-escolhelab-com-br.png\" \/>\n\t<meta property=\"og:image:width\" content=\"700\" \/>\n\t<meta property=\"og:image:height\" content=\"800\" \/>\n\t<meta property=\"og:image:type\" content=\"image\/png\" \/>\n<meta name=\"twitter:card\" content=\"summary_large_image\" \/>\n<meta name=\"twitter:label1\" content=\"Est. reading time\" \/>\n\t<meta name=\"twitter:data1\" content=\"1 minute\" \/>\n<script type=\"application\/ld+json\" class=\"yoast-schema-graph\">{\"@context\":\"https:\\\/\\\/schema.org\",\"@graph\":[{\"@type\":\"WebPage\",\"@id\":\"https:\\\/\\\/escolhelab.com.br\\\/bastao-em-polipropileno-macico\\\/\",\"url\":\"https:\\\/\\\/escolhelab.com.br\\\/bastao-em-polipropileno-macico\\\/\",\"name\":\"Bast\u00e3o em Polipropileno Maci\u00e7o\",\"isPartOf\":{\"@id\":\"https:\\\/\\\/escolhelab.com.br\\\/#website\"},\"primaryImageOfPage\":{\"@id\":\"https:\\\/\\\/escolhelab.com.br\\\/bastao-em-polipropileno-macico\\\/#primaryimage\"},\"image\":{\"@id\":\"https:\\\/\\\/escolhelab.com.br\\\/bastao-em-polipropileno-macico\\\/#primaryimage\"},\"thumbnailUrl\":\"https:\\\/\\\/escolhelab.com.br\\\/wp-content\\\/uploads\\\/2026\\\/04\\\/bastao-em-polipropileno-macico-escolhelab-com-br.png\",\"datePublished\":\"2026-04-09T13:26:43+00:00\",\"dateModified\":\"2026-04-09T13:45:10+00:00\",\"description\":\"Indicado para agitar e misturar reagentesAutoclav\u00e1vel a 121\u00baCMaterial em polipropileno\",\"breadcrumb\":{\"@id\":\"https:\\\/\\\/escolhelab.com.br\\\/bastao-em-polipropileno-macico\\\/#breadcrumb\"},\"inLanguage\":\"en-US\",\"potentialAction\":[{\"@type\":\"ReadAction\",\"target\":[\"https:\\\/\\\/escolhelab.com.br\\\/bastao-em-polipropileno-macico\\\/\"]}]},{\"@type\":\"ImageObject\",\"inLanguage\":\"en-US\",\"@id\":\"https:\\\/\\\/escolhelab.com.br\\\/bastao-em-polipropileno-macico\\\/#primaryimage\",\"url\":\"https:\\\/\\\/escolhelab.com.br\\\/wp-content\\\/uploads\\\/2026\\\/04\\\/bastao-em-polipropileno-macico-escolhelab-com-br.png\",\"contentUrl\":\"https:\\\/\\\/escolhelab.com.br\\\/wp-content\\\/uploads\\\/2026\\\/04\\\/bastao-em-polipropileno-macico-escolhelab-com-br.png\",\"width\":700,\"height\":800},{\"@type\":\"BreadcrumbList\",\"@id\":\"https:\\\/\\\/escolhelab.com.br\\\/bastao-em-polipropileno-macico\\\/#breadcrumb\",\"itemListElement\":[{\"@type\":\"ListItem\",\"position\":1,\"name\":\"In\u00edcio\",\"item\":\"https:\\\/\\\/escolhelab.com.br\\\/\"},{\"@type\":\"ListItem\",\"position\":2,\"name\":\"loja\",\"item\":\"https:\\\/\\\/escolhelab.com.br\\\/loja\\\/\"},{\"@type\":\"ListItem\",\"position\":3,\"name\":\"Bast\u00e3o em Polipropileno Maci\u00e7o\"}]},{\"@type\":\"WebSite\",\"@id\":\"https:\\\/\\\/escolhelab.com.br\\\/#website\",\"url\":\"https:\\\/\\\/escolhelab.com.br\\\/\",\"name\":\"Loja de produtos para laboratorio\",\"description\":\"Produtos para Laborat\u00f3rio,Artigos e outros na loja do quimico\",\"publisher\":{\"@id\":\"https:\\\/\\\/escolhelab.com.br\\\/#organization\"},\"alternateName\":\"escolhelab\",\"potentialAction\":[{\"@type\":\"SearchAction\",\"target\":{\"@type\":\"EntryPoint\",\"urlTemplate\":\"https:\\\/\\\/escolhelab.com.br\\\/?s={search_term_string}\"},\"query-input\":{\"@type\":\"PropertyValueSpecification\",\"valueRequired\":true,\"valueName\":\"search_term_string\"}}],\"inLanguage\":\"en-US\"},{\"@type\":\"Organization\",\"@id\":\"https:\\\/\\\/escolhelab.com.br\\\/#organization\",\"name\":\"loja escolhelab\",\"alternateName\":\"escolhelab\",\"url\":\"https:\\\/\\\/escolhelab.com.br\\\/\",\"logo\":{\"@type\":\"ImageObject\",\"inLanguage\":\"en-US\",\"@id\":\"https:\\\/\\\/escolhelab.com.br\\\/#\\\/schema\\\/logo\\\/image\\\/\",\"url\":\"https:\\\/\\\/escolhelab.com.br\\\/wp-content\\\/uploads\\\/2024\\\/12\\\/icone-e-512-512escolhelab-com-br-2-800x800.png\",\"contentUrl\":\"https:\\\/\\\/escolhelab.com.br\\\/wp-content\\\/uploads\\\/2024\\\/12\\\/icone-e-512-512escolhelab-com-br-2-800x800.png\",\"width\":800,\"height\":800,\"caption\":\"loja escolhelab\"},\"image\":{\"@id\":\"https:\\\/\\\/escolhelab.com.br\\\/#\\\/schema\\\/logo\\\/image\\\/\"}}]}<\/script>\n<!-- \/ Yoast SEO Premium plugin. -->","yoast_head_json":{"title":"Bast\u00e3o em Polipropileno Maci\u00e7o","description":"Indicado para agitar e misturar reagentesAutoclav\u00e1vel a 121\u00baCMaterial em polipropileno","robots":{"index":"index","follow":"follow","max-snippet":"max-snippet:-1","max-image-preview":"max-image-preview:large","max-video-preview":"max-video-preview:-1"},"canonical":"https:\/\/escolhelab.com.br\/en\/bastao-em-polipropileno-macico\/","og_locale":"en_US","og_type":"article","og_title":"Bast\u00e3o em Polipropileno Maci\u00e7o","og_description":"Indicado para agitar e misturar reagentesAutoclav\u00e1vel a 121\u00baCMaterial em polipropileno","og_url":"https:\/\/escolhelab.com.br\/en\/bastao-em-polipropileno-macico\/","og_site_name":"Loja de produtos para laboratorio","article_modified_time":"2026-04-09T13:45:10+00:00","og_image":[{"width":700,"height":800,"url":"https:\/\/escolhelab.com.br\/wp-content\/uploads\/2026\/04\/bastao-em-polipropileno-macico-escolhelab-com-br.png","type":"image\/png"}],"twitter_card":"summary_large_image","twitter_misc":{"Est. reading time":"1 minute"},"schema":{"@context":"https:\/\/schema.org","@graph":[{"@type":"WebPage","@id":"https:\/\/escolhelab.com.br\/bastao-em-polipropileno-macico\/","url":"https:\/\/escolhelab.com.br\/bastao-em-polipropileno-macico\/","name":"Bast\u00e3o em Polipropileno Maci\u00e7o","isPartOf":{"@id":"https:\/\/escolhelab.com.br\/#website"},"primaryImageOfPage":{"@id":"https:\/\/escolhelab.com.br\/bastao-em-polipropileno-macico\/#primaryimage"},"image":{"@id":"https:\/\/escolhelab.com.br\/bastao-em-polipropileno-macico\/#primaryimage"},"thumbnailUrl":"https:\/\/escolhelab.com.br\/wp-content\/uploads\/2026\/04\/bastao-em-polipropileno-macico-escolhelab-com-br.png","datePublished":"2026-04-09T13:26:43+00:00","dateModified":"2026-04-09T13:45:10+00:00","description":"Indicado para agitar e misturar reagentesAutoclav\u00e1vel a 121\u00baCMaterial em polipropileno","breadcrumb":{"@id":"https:\/\/escolhelab.com.br\/bastao-em-polipropileno-macico\/#breadcrumb"},"inLanguage":"en-US","potentialAction":[{"@type":"ReadAction","target":["https:\/\/escolhelab.com.br\/bastao-em-polipropileno-macico\/"]}]},{"@type":"ImageObject","inLanguage":"en-US","@id":"https:\/\/escolhelab.com.br\/bastao-em-polipropileno-macico\/#primaryimage","url":"https:\/\/escolhelab.com.br\/wp-content\/uploads\/2026\/04\/bastao-em-polipropileno-macico-escolhelab-com-br.png","contentUrl":"https:\/\/escolhelab.com.br\/wp-content\/uploads\/2026\/04\/bastao-em-polipropileno-macico-escolhelab-com-br.png","width":700,"height":800},{"@type":"BreadcrumbList","@id":"https:\/\/escolhelab.com.br\/bastao-em-polipropileno-macico\/#breadcrumb","itemListElement":[{"@type":"ListItem","position":1,"name":"In\u00edcio","item":"https:\/\/escolhelab.com.br\/"},{"@type":"ListItem","position":2,"name":"loja","item":"https:\/\/escolhelab.com.br\/loja\/"},{"@type":"ListItem","position":3,"name":"Bast\u00e3o em Polipropileno Maci\u00e7o"}]},{"@type":"WebSite","@id":"https:\/\/escolhelab.com.br\/#website","url":"https:\/\/escolhelab.com.br\/","name":"Loja de produtos para laboratorio","description":"Produtos para Laborat\u00f3rio,Artigos e outros na loja do quimico","publisher":{"@id":"https:\/\/escolhelab.com.br\/#organization"},"alternateName":"escolhelab","potentialAction":[{"@type":"SearchAction","target":{"@type":"EntryPoint","urlTemplate":"https:\/\/escolhelab.com.br\/?s={search_term_string}"},"query-input":{"@type":"PropertyValueSpecification","valueRequired":true,"valueName":"search_term_string"}}],"inLanguage":"en-US"},{"@type":"Organization","@id":"https:\/\/escolhelab.com.br\/#organization","name":"loja escolhelab","alternateName":"escolhelab","url":"https:\/\/escolhelab.com.br\/","logo":{"@type":"ImageObject","inLanguage":"en-US","@id":"https:\/\/escolhelab.com.br\/#\/schema\/logo\/image\/","url":"https:\/\/escolhelab.com.br\/wp-content\/uploads\/2024\/12\/icone-e-512-512escolhelab-com-br-2-800x800.png","contentUrl":"https:\/\/escolhelab.com.br\/wp-content\/uploads\/2024\/12\/icone-e-512-512escolhelab-com-br-2-800x800.png","width":800,"height":800,"caption":"loja escolhelab"},"image":{"@id":"https:\/\/escolhelab.com.br\/#\/schema\/logo\/image\/"}}]}},"tiered_pricing_type":"fixed","tiered_pricing_fixed_rules":[],"tiered_pricing_product_settings":{"layout":"default","base_unit_name":{"singular":null,"plural":null},"default_variation":null},"tiered_pricing_minimum_quantity":null,"tiered_pricing_roles_data":[],"tiered_pricing_percentage_rules":[],"tiered_pricing_maximum_quantity":null,"tiered_pricing_quantity_step":null,"_links":{"self":[{"href":"https:\/\/escolhelab.com.br\/en\/wp-json\/wp\/v2\/product\/43589","targetHints":{"allow":["GET"]}}],"collection":[{"href":"https:\/\/escolhelab.com.br\/en\/wp-json\/wp\/v2\/product"}],"about":[{"href":"https:\/\/escolhelab.com.br\/en\/wp-json\/wp\/v2\/types\/product"}],"replies":[{"embeddable":true,"href":"https:\/\/escolhelab.com.br\/en\/wp-json\/wp\/v2\/comments?post=43589"}],"version-history":[{"count":0,"href":"https:\/\/escolhelab.com.br\/en\/wp-json\/wp\/v2\/product\/43589\/revisions"}],"wp:featuredmedia":[{"embeddable":true,"href":"https:\/\/escolhelab.com.br\/en\/wp-json\/wp\/v2\/media\/43590"}],"wp:attachment":[{"href":"https:\/\/escolhelab.com.br\/en\/wp-json\/wp\/v2\/media?parent=43589"}],"wp:term":[{"taxonomy":"product_brand","embeddable":true,"href":"https:\/\/escolhelab.com.br\/en\/wp-json\/wp\/v2\/product_brand?post=43589"},{"taxonomy":"product_cat","embeddable":true,"href":"https:\/\/escolhelab.com.br\/en\/wp-json\/wp\/v2\/product_cat?post=43589"},{"taxonomy":"product_tag","embeddable":true,"href":"https:\/\/escolhelab.com.br\/en\/wp-json\/wp\/v2\/product_tag?post=43589"}],"curies":[{"name":"wp","href":"https:\/\/api.w.org\/{rel}","templated":true}]}}