{"id":43596,"date":"2026-04-09T11:03:24","date_gmt":"2026-04-09T14:03:24","guid":{"rendered":"https:\/\/escolhelab.com.br\/?post_type=product&#038;p=43596"},"modified":"2026-04-09T11:15:27","modified_gmt":"2026-04-09T14:15:27","slug":"bombona-pe-com-tampa-lacre-e-batoque-sem-torneir","status":"publish","type":"product","link":"https:\/\/escolhelab.com.br\/en\/bombona-pe-com-tampa-lacre-e-batoque-sem-torneir\/","title":{"rendered":"Bombona PE com Tampa Lacre e Batoque sem Torneir"},"content":{"rendered":"<h2>Bombona PE com Tampa Lacre e Batoque sem Torneir<\/h2>\n<p class=\"nome-produto titulo\">Espec\u00edfica para produtos com Tampa Lacre e Batoque Nalgon \u2013 5 litros \u00e9 utilizada para o armazenamento e transporte seguro de l\u00edquidos em aplica\u00e7\u00f5es laboratoriais, industriais e de controle de processos. Fabricada em polietileno, oferece boa resist\u00eancia qu\u00edmica. A tampa com lacre proporciona evid\u00eancia de inviolabilidade, enquanto o batoque garante veda\u00e7\u00e3o eficiente, reduzindo riscos de vazamentos e contamina\u00e7\u00f5es. Modelo sem torneira, indicado para envase, estocagem e transporte.<\/p>","protected":false},"excerpt":{"rendered":"<p>Espec\u00edfica para produtos com Tampa Lacre e Batoque Nalgon \u2013 5 litros \u00e9 utilizada para o armazenamento e transporte seguro de l\u00edquidos em aplica\u00e7\u00f5es laboratoriais, industriais e de controle de processos. Fabricada em polietileno, oferece boa resist\u00eancia qu\u00edmica. A tampa com lacre proporciona evid\u00eancia de inviolabilidade, enquanto o batoque garante veda\u00e7\u00e3o eficient<\/p>","protected":false},"featured_media":43601,"comment_status":"closed","ping_status":"closed","template":"","meta":{"_acf_changed":false,"iawp_total_views":4},"product_brand":[],"product_cat":[730,606],"product_tag":[],"class_list":{"0":"post-43596","1":"product","2":"type-product","3":"status-publish","4":"has-post-thumbnail","6":"product_cat-plastico-e-borrachas","7":"product_cat-quimico","9":"first","10":"instock","11":"shipping-taxable","12":"purchasable","13":"product-type-variable"},"acf":[],"yoast_head":"<!-- This site is optimized with the Yoast SEO Premium plugin v26.2 (Yoast SEO v27.3) - https:\/\/yoast.com\/product\/yoast-seo-premium-wordpress\/ -->\n<title>Bombona PE com Tampa Lacre e Batoque sem Torneir<\/title>\n<meta name=\"description\" content=\"Espec\u00edfica para produtos com Tampa Lacre e Batoque Nalgon \u2013 5 litros \u00e9 utilizada para o armazenamento e transporte seguro de l\u00edquidos em aplica\u00e7\u00f5es .......\" \/>\n<meta name=\"robots\" content=\"index, follow, max-snippet:-1, max-image-preview:large, max-video-preview:-1\" \/>\n<link rel=\"canonical\" href=\"https:\/\/escolhelab.com.br\/en\/bombona-pe-com-tampa-lacre-e-batoque-sem-torneir\/\" \/>\n<meta property=\"og:locale\" content=\"en_US\" \/>\n<meta property=\"og:type\" content=\"article\" \/>\n<meta property=\"og:title\" content=\"Bombona PE com Tampa Lacre e Batoque sem Torneir\" \/>\n<meta property=\"og:description\" content=\"Espec\u00edfica para produtos com Tampa Lacre e Batoque Nalgon \u2013 5 litros \u00e9 utilizada para o armazenamento e transporte seguro de l\u00edquidos em aplica\u00e7\u00f5es .......\" \/>\n<meta property=\"og:url\" content=\"https:\/\/escolhelab.com.br\/en\/bombona-pe-com-tampa-lacre-e-batoque-sem-torneir\/\" \/>\n<meta property=\"og:site_name\" content=\"Loja de produtos para laboratorio\" \/>\n<meta property=\"article:modified_time\" content=\"2026-04-09T14:15:27+00:00\" \/>\n<meta property=\"og:image\" content=\"https:\/\/escolhelab.com.br\/wp-content\/uploads\/2026\/04\/bombona-pe-com-tampa-lacre-e-batoque-sem-torneir-escolhelab-c0m-br.png\" \/>\n\t<meta property=\"og:image:width\" content=\"700\" \/>\n\t<meta property=\"og:image:height\" content=\"800\" \/>\n\t<meta property=\"og:image:type\" content=\"image\/png\" \/>\n<meta name=\"twitter:card\" content=\"summary_large_image\" \/>\n<meta name=\"twitter:label1\" content=\"Est. reading time\" \/>\n\t<meta name=\"twitter:data1\" content=\"1 minute\" \/>\n<script type=\"application\/ld+json\" class=\"yoast-schema-graph\">{\"@context\":\"https:\\\/\\\/schema.org\",\"@graph\":[{\"@type\":\"WebPage\",\"@id\":\"https:\\\/\\\/escolhelab.com.br\\\/bombona-pe-com-tampa-lacre-e-batoque-sem-torneir\\\/\",\"url\":\"https:\\\/\\\/escolhelab.com.br\\\/bombona-pe-com-tampa-lacre-e-batoque-sem-torneir\\\/\",\"name\":\"Bombona PE com Tampa Lacre e Batoque sem Torneir\",\"isPartOf\":{\"@id\":\"https:\\\/\\\/escolhelab.com.br\\\/#website\"},\"primaryImageOfPage\":{\"@id\":\"https:\\\/\\\/escolhelab.com.br\\\/bombona-pe-com-tampa-lacre-e-batoque-sem-torneir\\\/#primaryimage\"},\"image\":{\"@id\":\"https:\\\/\\\/escolhelab.com.br\\\/bombona-pe-com-tampa-lacre-e-batoque-sem-torneir\\\/#primaryimage\"},\"thumbnailUrl\":\"https:\\\/\\\/escolhelab.com.br\\\/wp-content\\\/uploads\\\/2026\\\/04\\\/bombona-pe-com-tampa-lacre-e-batoque-sem-torneir-escolhelab-c0m-br.png\",\"datePublished\":\"2026-04-09T14:03:24+00:00\",\"dateModified\":\"2026-04-09T14:15:27+00:00\",\"description\":\"Espec\u00edfica para produtos com Tampa Lacre e Batoque Nalgon \u2013 5 litros \u00e9 utilizada para o armazenamento e transporte seguro de l\u00edquidos em aplica\u00e7\u00f5es .......\",\"breadcrumb\":{\"@id\":\"https:\\\/\\\/escolhelab.com.br\\\/bombona-pe-com-tampa-lacre-e-batoque-sem-torneir\\\/#breadcrumb\"},\"inLanguage\":\"en-US\",\"potentialAction\":[{\"@type\":\"ReadAction\",\"target\":[\"https:\\\/\\\/escolhelab.com.br\\\/bombona-pe-com-tampa-lacre-e-batoque-sem-torneir\\\/\"]}]},{\"@type\":\"ImageObject\",\"inLanguage\":\"en-US\",\"@id\":\"https:\\\/\\\/escolhelab.com.br\\\/bombona-pe-com-tampa-lacre-e-batoque-sem-torneir\\\/#primaryimage\",\"url\":\"https:\\\/\\\/escolhelab.com.br\\\/wp-content\\\/uploads\\\/2026\\\/04\\\/bombona-pe-com-tampa-lacre-e-batoque-sem-torneir-escolhelab-c0m-br.png\",\"contentUrl\":\"https:\\\/\\\/escolhelab.com.br\\\/wp-content\\\/uploads\\\/2026\\\/04\\\/bombona-pe-com-tampa-lacre-e-batoque-sem-torneir-escolhelab-c0m-br.png\",\"width\":700,\"height\":800},{\"@type\":\"BreadcrumbList\",\"@id\":\"https:\\\/\\\/escolhelab.com.br\\\/bombona-pe-com-tampa-lacre-e-batoque-sem-torneir\\\/#breadcrumb\",\"itemListElement\":[{\"@type\":\"ListItem\",\"position\":1,\"name\":\"In\u00edcio\",\"item\":\"https:\\\/\\\/escolhelab.com.br\\\/\"},{\"@type\":\"ListItem\",\"position\":2,\"name\":\"loja\",\"item\":\"https:\\\/\\\/escolhelab.com.br\\\/loja\\\/\"},{\"@type\":\"ListItem\",\"position\":3,\"name\":\"Bombona PE com Tampa Lacre e Batoque sem Torneir\"}]},{\"@type\":\"WebSite\",\"@id\":\"https:\\\/\\\/escolhelab.com.br\\\/#website\",\"url\":\"https:\\\/\\\/escolhelab.com.br\\\/\",\"name\":\"Loja de produtos para laboratorio\",\"description\":\"Produtos para Laborat\u00f3rio,Artigos e outros na loja do quimico\",\"publisher\":{\"@id\":\"https:\\\/\\\/escolhelab.com.br\\\/#organization\"},\"alternateName\":\"escolhelab\",\"potentialAction\":[{\"@type\":\"SearchAction\",\"target\":{\"@type\":\"EntryPoint\",\"urlTemplate\":\"https:\\\/\\\/escolhelab.com.br\\\/?s={search_term_string}\"},\"query-input\":{\"@type\":\"PropertyValueSpecification\",\"valueRequired\":true,\"valueName\":\"search_term_string\"}}],\"inLanguage\":\"en-US\"},{\"@type\":\"Organization\",\"@id\":\"https:\\\/\\\/escolhelab.com.br\\\/#organization\",\"name\":\"loja escolhelab\",\"alternateName\":\"escolhelab\",\"url\":\"https:\\\/\\\/escolhelab.com.br\\\/\",\"logo\":{\"@type\":\"ImageObject\",\"inLanguage\":\"en-US\",\"@id\":\"https:\\\/\\\/escolhelab.com.br\\\/#\\\/schema\\\/logo\\\/image\\\/\",\"url\":\"https:\\\/\\\/escolhelab.com.br\\\/wp-content\\\/uploads\\\/2024\\\/12\\\/icone-e-512-512escolhelab-com-br-2-800x800.png\",\"contentUrl\":\"https:\\\/\\\/escolhelab.com.br\\\/wp-content\\\/uploads\\\/2024\\\/12\\\/icone-e-512-512escolhelab-com-br-2-800x800.png\",\"width\":800,\"height\":800,\"caption\":\"loja escolhelab\"},\"image\":{\"@id\":\"https:\\\/\\\/escolhelab.com.br\\\/#\\\/schema\\\/logo\\\/image\\\/\"}}]}<\/script>\n<!-- \/ Yoast SEO Premium plugin. -->","yoast_head_json":{"title":"Bombona PE com Tampa Lacre e Batoque sem Torneir","description":"Espec\u00edfica para produtos com Tampa Lacre e Batoque Nalgon \u2013 5 litros \u00e9 utilizada para o armazenamento e transporte seguro de l\u00edquidos em aplica\u00e7\u00f5es .......","robots":{"index":"index","follow":"follow","max-snippet":"max-snippet:-1","max-image-preview":"max-image-preview:large","max-video-preview":"max-video-preview:-1"},"canonical":"https:\/\/escolhelab.com.br\/en\/bombona-pe-com-tampa-lacre-e-batoque-sem-torneir\/","og_locale":"en_US","og_type":"article","og_title":"Bombona PE com Tampa Lacre e Batoque sem Torneir","og_description":"Espec\u00edfica para produtos com Tampa Lacre e Batoque Nalgon \u2013 5 litros \u00e9 utilizada para o armazenamento e transporte seguro de l\u00edquidos em aplica\u00e7\u00f5es .......","og_url":"https:\/\/escolhelab.com.br\/en\/bombona-pe-com-tampa-lacre-e-batoque-sem-torneir\/","og_site_name":"Loja de produtos para laboratorio","article_modified_time":"2026-04-09T14:15:27+00:00","og_image":[{"width":700,"height":800,"url":"https:\/\/escolhelab.com.br\/wp-content\/uploads\/2026\/04\/bombona-pe-com-tampa-lacre-e-batoque-sem-torneir-escolhelab-c0m-br.png","type":"image\/png"}],"twitter_card":"summary_large_image","twitter_misc":{"Est. reading time":"1 minute"},"schema":{"@context":"https:\/\/schema.org","@graph":[{"@type":"WebPage","@id":"https:\/\/escolhelab.com.br\/bombona-pe-com-tampa-lacre-e-batoque-sem-torneir\/","url":"https:\/\/escolhelab.com.br\/bombona-pe-com-tampa-lacre-e-batoque-sem-torneir\/","name":"Bombona PE com Tampa Lacre e Batoque sem Torneir","isPartOf":{"@id":"https:\/\/escolhelab.com.br\/#website"},"primaryImageOfPage":{"@id":"https:\/\/escolhelab.com.br\/bombona-pe-com-tampa-lacre-e-batoque-sem-torneir\/#primaryimage"},"image":{"@id":"https:\/\/escolhelab.com.br\/bombona-pe-com-tampa-lacre-e-batoque-sem-torneir\/#primaryimage"},"thumbnailUrl":"https:\/\/escolhelab.com.br\/wp-content\/uploads\/2026\/04\/bombona-pe-com-tampa-lacre-e-batoque-sem-torneir-escolhelab-c0m-br.png","datePublished":"2026-04-09T14:03:24+00:00","dateModified":"2026-04-09T14:15:27+00:00","description":"Espec\u00edfica para produtos com Tampa Lacre e Batoque Nalgon \u2013 5 litros \u00e9 utilizada para o armazenamento e transporte seguro de l\u00edquidos em aplica\u00e7\u00f5es .......","breadcrumb":{"@id":"https:\/\/escolhelab.com.br\/bombona-pe-com-tampa-lacre-e-batoque-sem-torneir\/#breadcrumb"},"inLanguage":"en-US","potentialAction":[{"@type":"ReadAction","target":["https:\/\/escolhelab.com.br\/bombona-pe-com-tampa-lacre-e-batoque-sem-torneir\/"]}]},{"@type":"ImageObject","inLanguage":"en-US","@id":"https:\/\/escolhelab.com.br\/bombona-pe-com-tampa-lacre-e-batoque-sem-torneir\/#primaryimage","url":"https:\/\/escolhelab.com.br\/wp-content\/uploads\/2026\/04\/bombona-pe-com-tampa-lacre-e-batoque-sem-torneir-escolhelab-c0m-br.png","contentUrl":"https:\/\/escolhelab.com.br\/wp-content\/uploads\/2026\/04\/bombona-pe-com-tampa-lacre-e-batoque-sem-torneir-escolhelab-c0m-br.png","width":700,"height":800},{"@type":"BreadcrumbList","@id":"https:\/\/escolhelab.com.br\/bombona-pe-com-tampa-lacre-e-batoque-sem-torneir\/#breadcrumb","itemListElement":[{"@type":"ListItem","position":1,"name":"In\u00edcio","item":"https:\/\/escolhelab.com.br\/"},{"@type":"ListItem","position":2,"name":"loja","item":"https:\/\/escolhelab.com.br\/loja\/"},{"@type":"ListItem","position":3,"name":"Bombona PE com Tampa Lacre e Batoque sem Torneir"}]},{"@type":"WebSite","@id":"https:\/\/escolhelab.com.br\/#website","url":"https:\/\/escolhelab.com.br\/","name":"Loja de produtos para laboratorio","description":"Produtos para Laborat\u00f3rio,Artigos e outros na loja do quimico","publisher":{"@id":"https:\/\/escolhelab.com.br\/#organization"},"alternateName":"escolhelab","potentialAction":[{"@type":"SearchAction","target":{"@type":"EntryPoint","urlTemplate":"https:\/\/escolhelab.com.br\/?s={search_term_string}"},"query-input":{"@type":"PropertyValueSpecification","valueRequired":true,"valueName":"search_term_string"}}],"inLanguage":"en-US"},{"@type":"Organization","@id":"https:\/\/escolhelab.com.br\/#organization","name":"loja escolhelab","alternateName":"escolhelab","url":"https:\/\/escolhelab.com.br\/","logo":{"@type":"ImageObject","inLanguage":"en-US","@id":"https:\/\/escolhelab.com.br\/#\/schema\/logo\/image\/","url":"https:\/\/escolhelab.com.br\/wp-content\/uploads\/2024\/12\/icone-e-512-512escolhelab-com-br-2-800x800.png","contentUrl":"https:\/\/escolhelab.com.br\/wp-content\/uploads\/2024\/12\/icone-e-512-512escolhelab-com-br-2-800x800.png","width":800,"height":800,"caption":"loja escolhelab"},"image":{"@id":"https:\/\/escolhelab.com.br\/#\/schema\/logo\/image\/"}}]}},"tiered_pricing_type":"fixed","tiered_pricing_fixed_rules":[],"tiered_pricing_product_settings":{"layout":"default","base_unit_name":{"singular":null,"plural":null},"default_variation":null},"tiered_pricing_minimum_quantity":null,"tiered_pricing_roles_data":[],"tiered_pricing_percentage_rules":[],"tiered_pricing_maximum_quantity":null,"tiered_pricing_quantity_step":null,"_links":{"self":[{"href":"https:\/\/escolhelab.com.br\/en\/wp-json\/wp\/v2\/product\/43596","targetHints":{"allow":["GET"]}}],"collection":[{"href":"https:\/\/escolhelab.com.br\/en\/wp-json\/wp\/v2\/product"}],"about":[{"href":"https:\/\/escolhelab.com.br\/en\/wp-json\/wp\/v2\/types\/product"}],"replies":[{"embeddable":true,"href":"https:\/\/escolhelab.com.br\/en\/wp-json\/wp\/v2\/comments?post=43596"}],"version-history":[{"count":0,"href":"https:\/\/escolhelab.com.br\/en\/wp-json\/wp\/v2\/product\/43596\/revisions"}],"wp:featuredmedia":[{"embeddable":true,"href":"https:\/\/escolhelab.com.br\/en\/wp-json\/wp\/v2\/media\/43601"}],"wp:attachment":[{"href":"https:\/\/escolhelab.com.br\/en\/wp-json\/wp\/v2\/media?parent=43596"}],"wp:term":[{"taxonomy":"product_brand","embeddable":true,"href":"https:\/\/escolhelab.com.br\/en\/wp-json\/wp\/v2\/product_brand?post=43596"},{"taxonomy":"product_cat","embeddable":true,"href":"https:\/\/escolhelab.com.br\/en\/wp-json\/wp\/v2\/product_cat?post=43596"},{"taxonomy":"product_tag","embeddable":true,"href":"https:\/\/escolhelab.com.br\/en\/wp-json\/wp\/v2\/product_tag?post=43596"}],"curies":[{"name":"wp","href":"https:\/\/api.w.org\/{rel}","templated":true}]}}