{"id":43609,"date":"2026-04-09T11:40:41","date_gmt":"2026-04-09T14:40:41","guid":{"rendered":"https:\/\/escolhelab.com.br\/?post_type=product&#038;p=43609"},"modified":"2026-04-09T11:53:59","modified_gmt":"2026-04-09T14:53:59","slug":"bombona-pe-graduada-com-tampa-lacre-e-batoque-sem-torneira","status":"publish","type":"product","link":"https:\/\/escolhelab.com.br\/en\/bombona-pe-graduada-com-tampa-lacre-e-batoque-sem-torneira\/","title":{"rendered":"Bombona PE Graduada com Tampa Lacre e Batoque sem Torneira"},"content":{"rendered":"<h2>Bombona PE Graduada com Tampa Lacre e Batoque sem Torneira<\/h2>\n<p>\u00c8 indicada para o armazenamento e transporte de l\u00edquidos, permitindo o controle visual aproximado do volume por meio de sua gradua\u00e7\u00e3o externa. Esse recurso facilita o manuseio e a dosagem durante processos laboratoriais e industriais.<br \/>\nEquipada com tampa lacre e batoque, proporciona veda\u00e7\u00e3o segura, reduzindo riscos de vazamentos e contamina\u00e7\u00f5es. \u00c9 destinada ao uso sem torneira e indicada para produtos qu\u00edmicos, solu\u00e7\u00f5es e l\u00edquidos compat\u00edveis com o polietileno.<\/p>","protected":false},"excerpt":{"rendered":"<p data-end=\"592\" data-start=\"291\">\u00c8 indicada para o armazenamento e transporte de l\u00edquidos, permitindo o controle visual aproximado do volume por meio de sua gradua\u00e7\u00e3o externa. Esse recurso facilita o manuseio e a dosagem durante processos laboratoriais e industriais.<\/p>","protected":false},"featured_media":43611,"comment_status":"closed","ping_status":"closed","template":"","meta":{"_acf_changed":false,"iawp_total_views":0},"product_brand":[],"product_cat":[730,606],"product_tag":[],"class_list":{"0":"post-43609","1":"product","2":"type-product","3":"status-publish","4":"has-post-thumbnail","6":"product_cat-plastico-e-borrachas","7":"product_cat-quimico","9":"first","10":"instock","11":"shipping-taxable","12":"purchasable","13":"product-type-variable"},"acf":[],"yoast_head":"<!-- This site is optimized with the Yoast SEO Premium plugin v26.2 (Yoast SEO v27.3) - https:\/\/yoast.com\/product\/yoast-seo-premium-wordpress\/ -->\n<title>Bombona PE Graduada com Tampa Lacre e Batoque sem Torneira<\/title>\n<meta name=\"description\" content=\"\u00c8 indicada para o armazenamento e transporte de l\u00edquidos, permitindo o controle visual aproximado do volume por meio de sua gradua\u00e7\u00e3o externa.\" \/>\n<meta name=\"robots\" content=\"index, follow, max-snippet:-1, max-image-preview:large, max-video-preview:-1\" \/>\n<link rel=\"canonical\" href=\"https:\/\/escolhelab.com.br\/en\/bombona-pe-graduada-com-tampa-lacre-e-batoque-sem-torneira\/\" \/>\n<meta property=\"og:locale\" content=\"en_US\" \/>\n<meta property=\"og:type\" content=\"article\" \/>\n<meta property=\"og:title\" content=\"Bombona PE Graduada com Tampa Lacre e Batoque sem Torneira\" \/>\n<meta property=\"og:description\" content=\"\u00c8 indicada para o armazenamento e transporte de l\u00edquidos, permitindo o controle visual aproximado do volume por meio de sua gradua\u00e7\u00e3o externa.\" \/>\n<meta property=\"og:url\" content=\"https:\/\/escolhelab.com.br\/en\/bombona-pe-graduada-com-tampa-lacre-e-batoque-sem-torneira\/\" \/>\n<meta property=\"og:site_name\" content=\"Loja de produtos para laboratorio\" \/>\n<meta property=\"article:modified_time\" content=\"2026-04-09T14:53:59+00:00\" \/>\n<meta property=\"og:image\" content=\"https:\/\/escolhelab.com.br\/wp-content\/uploads\/2026\/04\/bombona-pe-graduada-com-tampa-lacre-e-batoque-sem-torneira-escolhelab-com-br.png\" \/>\n\t<meta property=\"og:image:width\" content=\"700\" \/>\n\t<meta property=\"og:image:height\" content=\"800\" \/>\n\t<meta property=\"og:image:type\" content=\"image\/png\" \/>\n<meta name=\"twitter:card\" content=\"summary_large_image\" \/>\n<meta name=\"twitter:label1\" content=\"Est. reading time\" \/>\n\t<meta name=\"twitter:data1\" content=\"1 minute\" \/>\n<script type=\"application\/ld+json\" class=\"yoast-schema-graph\">{\"@context\":\"https:\\\/\\\/schema.org\",\"@graph\":[{\"@type\":\"WebPage\",\"@id\":\"https:\\\/\\\/escolhelab.com.br\\\/bombona-pe-graduada-com-tampa-lacre-e-batoque-sem-torneira\\\/\",\"url\":\"https:\\\/\\\/escolhelab.com.br\\\/bombona-pe-graduada-com-tampa-lacre-e-batoque-sem-torneira\\\/\",\"name\":\"Bombona PE Graduada com Tampa Lacre e Batoque sem Torneira\",\"isPartOf\":{\"@id\":\"https:\\\/\\\/escolhelab.com.br\\\/#website\"},\"primaryImageOfPage\":{\"@id\":\"https:\\\/\\\/escolhelab.com.br\\\/bombona-pe-graduada-com-tampa-lacre-e-batoque-sem-torneira\\\/#primaryimage\"},\"image\":{\"@id\":\"https:\\\/\\\/escolhelab.com.br\\\/bombona-pe-graduada-com-tampa-lacre-e-batoque-sem-torneira\\\/#primaryimage\"},\"thumbnailUrl\":\"https:\\\/\\\/escolhelab.com.br\\\/wp-content\\\/uploads\\\/2026\\\/04\\\/bombona-pe-graduada-com-tampa-lacre-e-batoque-sem-torneira-escolhelab-com-br.png\",\"datePublished\":\"2026-04-09T14:40:41+00:00\",\"dateModified\":\"2026-04-09T14:53:59+00:00\",\"description\":\"\u00c8 indicada para o armazenamento e transporte de l\u00edquidos, permitindo o controle visual aproximado do volume por meio de sua gradua\u00e7\u00e3o externa.\",\"breadcrumb\":{\"@id\":\"https:\\\/\\\/escolhelab.com.br\\\/bombona-pe-graduada-com-tampa-lacre-e-batoque-sem-torneira\\\/#breadcrumb\"},\"inLanguage\":\"en-US\",\"potentialAction\":[{\"@type\":\"ReadAction\",\"target\":[\"https:\\\/\\\/escolhelab.com.br\\\/bombona-pe-graduada-com-tampa-lacre-e-batoque-sem-torneira\\\/\"]}]},{\"@type\":\"ImageObject\",\"inLanguage\":\"en-US\",\"@id\":\"https:\\\/\\\/escolhelab.com.br\\\/bombona-pe-graduada-com-tampa-lacre-e-batoque-sem-torneira\\\/#primaryimage\",\"url\":\"https:\\\/\\\/escolhelab.com.br\\\/wp-content\\\/uploads\\\/2026\\\/04\\\/bombona-pe-graduada-com-tampa-lacre-e-batoque-sem-torneira-escolhelab-com-br.png\",\"contentUrl\":\"https:\\\/\\\/escolhelab.com.br\\\/wp-content\\\/uploads\\\/2026\\\/04\\\/bombona-pe-graduada-com-tampa-lacre-e-batoque-sem-torneira-escolhelab-com-br.png\",\"width\":700,\"height\":800},{\"@type\":\"BreadcrumbList\",\"@id\":\"https:\\\/\\\/escolhelab.com.br\\\/bombona-pe-graduada-com-tampa-lacre-e-batoque-sem-torneira\\\/#breadcrumb\",\"itemListElement\":[{\"@type\":\"ListItem\",\"position\":1,\"name\":\"In\u00edcio\",\"item\":\"https:\\\/\\\/escolhelab.com.br\\\/\"},{\"@type\":\"ListItem\",\"position\":2,\"name\":\"loja\",\"item\":\"https:\\\/\\\/escolhelab.com.br\\\/loja\\\/\"},{\"@type\":\"ListItem\",\"position\":3,\"name\":\"Bombona PE Graduada com Tampa Lacre e Batoque sem Torneira\"}]},{\"@type\":\"WebSite\",\"@id\":\"https:\\\/\\\/escolhelab.com.br\\\/#website\",\"url\":\"https:\\\/\\\/escolhelab.com.br\\\/\",\"name\":\"Loja de produtos para laboratorio\",\"description\":\"Produtos para Laborat\u00f3rio,Artigos e outros na loja do quimico\",\"publisher\":{\"@id\":\"https:\\\/\\\/escolhelab.com.br\\\/#organization\"},\"alternateName\":\"escolhelab\",\"potentialAction\":[{\"@type\":\"SearchAction\",\"target\":{\"@type\":\"EntryPoint\",\"urlTemplate\":\"https:\\\/\\\/escolhelab.com.br\\\/?s={search_term_string}\"},\"query-input\":{\"@type\":\"PropertyValueSpecification\",\"valueRequired\":true,\"valueName\":\"search_term_string\"}}],\"inLanguage\":\"en-US\"},{\"@type\":\"Organization\",\"@id\":\"https:\\\/\\\/escolhelab.com.br\\\/#organization\",\"name\":\"loja escolhelab\",\"alternateName\":\"escolhelab\",\"url\":\"https:\\\/\\\/escolhelab.com.br\\\/\",\"logo\":{\"@type\":\"ImageObject\",\"inLanguage\":\"en-US\",\"@id\":\"https:\\\/\\\/escolhelab.com.br\\\/#\\\/schema\\\/logo\\\/image\\\/\",\"url\":\"https:\\\/\\\/escolhelab.com.br\\\/wp-content\\\/uploads\\\/2024\\\/12\\\/icone-e-512-512escolhelab-com-br-2-800x800.png\",\"contentUrl\":\"https:\\\/\\\/escolhelab.com.br\\\/wp-content\\\/uploads\\\/2024\\\/12\\\/icone-e-512-512escolhelab-com-br-2-800x800.png\",\"width\":800,\"height\":800,\"caption\":\"loja escolhelab\"},\"image\":{\"@id\":\"https:\\\/\\\/escolhelab.com.br\\\/#\\\/schema\\\/logo\\\/image\\\/\"}}]}<\/script>\n<!-- \/ Yoast SEO Premium plugin. -->","yoast_head_json":{"title":"Bombona PE Graduada com Tampa Lacre e Batoque sem Torneira","description":"\u00c8 indicada para o armazenamento e transporte de l\u00edquidos, permitindo o controle visual aproximado do volume por meio de sua gradua\u00e7\u00e3o externa.","robots":{"index":"index","follow":"follow","max-snippet":"max-snippet:-1","max-image-preview":"max-image-preview:large","max-video-preview":"max-video-preview:-1"},"canonical":"https:\/\/escolhelab.com.br\/en\/bombona-pe-graduada-com-tampa-lacre-e-batoque-sem-torneira\/","og_locale":"en_US","og_type":"article","og_title":"Bombona PE Graduada com Tampa Lacre e Batoque sem Torneira","og_description":"\u00c8 indicada para o armazenamento e transporte de l\u00edquidos, permitindo o controle visual aproximado do volume por meio de sua gradua\u00e7\u00e3o externa.","og_url":"https:\/\/escolhelab.com.br\/en\/bombona-pe-graduada-com-tampa-lacre-e-batoque-sem-torneira\/","og_site_name":"Loja de produtos para laboratorio","article_modified_time":"2026-04-09T14:53:59+00:00","og_image":[{"width":700,"height":800,"url":"https:\/\/escolhelab.com.br\/wp-content\/uploads\/2026\/04\/bombona-pe-graduada-com-tampa-lacre-e-batoque-sem-torneira-escolhelab-com-br.png","type":"image\/png"}],"twitter_card":"summary_large_image","twitter_misc":{"Est. reading time":"1 minute"},"schema":{"@context":"https:\/\/schema.org","@graph":[{"@type":"WebPage","@id":"https:\/\/escolhelab.com.br\/bombona-pe-graduada-com-tampa-lacre-e-batoque-sem-torneira\/","url":"https:\/\/escolhelab.com.br\/bombona-pe-graduada-com-tampa-lacre-e-batoque-sem-torneira\/","name":"Bombona PE Graduada com Tampa Lacre e Batoque sem Torneira","isPartOf":{"@id":"https:\/\/escolhelab.com.br\/#website"},"primaryImageOfPage":{"@id":"https:\/\/escolhelab.com.br\/bombona-pe-graduada-com-tampa-lacre-e-batoque-sem-torneira\/#primaryimage"},"image":{"@id":"https:\/\/escolhelab.com.br\/bombona-pe-graduada-com-tampa-lacre-e-batoque-sem-torneira\/#primaryimage"},"thumbnailUrl":"https:\/\/escolhelab.com.br\/wp-content\/uploads\/2026\/04\/bombona-pe-graduada-com-tampa-lacre-e-batoque-sem-torneira-escolhelab-com-br.png","datePublished":"2026-04-09T14:40:41+00:00","dateModified":"2026-04-09T14:53:59+00:00","description":"\u00c8 indicada para o armazenamento e transporte de l\u00edquidos, permitindo o controle visual aproximado do volume por meio de sua gradua\u00e7\u00e3o externa.","breadcrumb":{"@id":"https:\/\/escolhelab.com.br\/bombona-pe-graduada-com-tampa-lacre-e-batoque-sem-torneira\/#breadcrumb"},"inLanguage":"en-US","potentialAction":[{"@type":"ReadAction","target":["https:\/\/escolhelab.com.br\/bombona-pe-graduada-com-tampa-lacre-e-batoque-sem-torneira\/"]}]},{"@type":"ImageObject","inLanguage":"en-US","@id":"https:\/\/escolhelab.com.br\/bombona-pe-graduada-com-tampa-lacre-e-batoque-sem-torneira\/#primaryimage","url":"https:\/\/escolhelab.com.br\/wp-content\/uploads\/2026\/04\/bombona-pe-graduada-com-tampa-lacre-e-batoque-sem-torneira-escolhelab-com-br.png","contentUrl":"https:\/\/escolhelab.com.br\/wp-content\/uploads\/2026\/04\/bombona-pe-graduada-com-tampa-lacre-e-batoque-sem-torneira-escolhelab-com-br.png","width":700,"height":800},{"@type":"BreadcrumbList","@id":"https:\/\/escolhelab.com.br\/bombona-pe-graduada-com-tampa-lacre-e-batoque-sem-torneira\/#breadcrumb","itemListElement":[{"@type":"ListItem","position":1,"name":"In\u00edcio","item":"https:\/\/escolhelab.com.br\/"},{"@type":"ListItem","position":2,"name":"loja","item":"https:\/\/escolhelab.com.br\/loja\/"},{"@type":"ListItem","position":3,"name":"Bombona PE Graduada com Tampa Lacre e Batoque sem Torneira"}]},{"@type":"WebSite","@id":"https:\/\/escolhelab.com.br\/#website","url":"https:\/\/escolhelab.com.br\/","name":"Loja de produtos para laboratorio","description":"Produtos para Laborat\u00f3rio,Artigos e outros na loja do quimico","publisher":{"@id":"https:\/\/escolhelab.com.br\/#organization"},"alternateName":"escolhelab","potentialAction":[{"@type":"SearchAction","target":{"@type":"EntryPoint","urlTemplate":"https:\/\/escolhelab.com.br\/?s={search_term_string}"},"query-input":{"@type":"PropertyValueSpecification","valueRequired":true,"valueName":"search_term_string"}}],"inLanguage":"en-US"},{"@type":"Organization","@id":"https:\/\/escolhelab.com.br\/#organization","name":"loja escolhelab","alternateName":"escolhelab","url":"https:\/\/escolhelab.com.br\/","logo":{"@type":"ImageObject","inLanguage":"en-US","@id":"https:\/\/escolhelab.com.br\/#\/schema\/logo\/image\/","url":"https:\/\/escolhelab.com.br\/wp-content\/uploads\/2024\/12\/icone-e-512-512escolhelab-com-br-2-800x800.png","contentUrl":"https:\/\/escolhelab.com.br\/wp-content\/uploads\/2024\/12\/icone-e-512-512escolhelab-com-br-2-800x800.png","width":800,"height":800,"caption":"loja escolhelab"},"image":{"@id":"https:\/\/escolhelab.com.br\/#\/schema\/logo\/image\/"}}]}},"tiered_pricing_type":"fixed","tiered_pricing_fixed_rules":[],"tiered_pricing_product_settings":{"layout":"default","base_unit_name":{"singular":null,"plural":null},"default_variation":null},"tiered_pricing_minimum_quantity":null,"tiered_pricing_roles_data":[],"tiered_pricing_percentage_rules":[],"tiered_pricing_maximum_quantity":null,"tiered_pricing_quantity_step":null,"_links":{"self":[{"href":"https:\/\/escolhelab.com.br\/en\/wp-json\/wp\/v2\/product\/43609","targetHints":{"allow":["GET"]}}],"collection":[{"href":"https:\/\/escolhelab.com.br\/en\/wp-json\/wp\/v2\/product"}],"about":[{"href":"https:\/\/escolhelab.com.br\/en\/wp-json\/wp\/v2\/types\/product"}],"replies":[{"embeddable":true,"href":"https:\/\/escolhelab.com.br\/en\/wp-json\/wp\/v2\/comments?post=43609"}],"version-history":[{"count":0,"href":"https:\/\/escolhelab.com.br\/en\/wp-json\/wp\/v2\/product\/43609\/revisions"}],"wp:featuredmedia":[{"embeddable":true,"href":"https:\/\/escolhelab.com.br\/en\/wp-json\/wp\/v2\/media\/43611"}],"wp:attachment":[{"href":"https:\/\/escolhelab.com.br\/en\/wp-json\/wp\/v2\/media?parent=43609"}],"wp:term":[{"taxonomy":"product_brand","embeddable":true,"href":"https:\/\/escolhelab.com.br\/en\/wp-json\/wp\/v2\/product_brand?post=43609"},{"taxonomy":"product_cat","embeddable":true,"href":"https:\/\/escolhelab.com.br\/en\/wp-json\/wp\/v2\/product_cat?post=43609"},{"taxonomy":"product_tag","embeddable":true,"href":"https:\/\/escolhelab.com.br\/en\/wp-json\/wp\/v2\/product_tag?post=43609"}],"curies":[{"name":"wp","href":"https:\/\/api.w.org\/{rel}","templated":true}]}}