{"id":43619,"date":"2026-04-09T12:18:33","date_gmt":"2026-04-09T15:18:33","guid":{"rendered":"https:\/\/escolhelab.com.br\/?post_type=product&#038;p=43619"},"modified":"2026-04-09T18:24:11","modified_gmt":"2026-04-09T21:24:11","slug":"capela-de-exaustao-de-gases","status":"publish","type":"product","link":"https:\/\/escolhelab.com.br\/en\/capela-de-exaustao-de-gases\/","title":{"rendered":"Capela de Exaust\u00e3o de Gases"},"content":{"rendered":"<h2>Capela de Exaust\u00e3o de Gases<\/h2>\n<p>\u00c9 uma solu\u00e7\u00e3o essencial para a seguran\u00e7a e efici\u00eancia em laborat\u00f3rios. Projetada para a exaust\u00e3o de vapores e gases t\u00f3xicos, garante um ambiente de trabalho seguro e controlado.<\/p>\n<p><u><strong>Benef\u00edcios da Capela de Exaust\u00e3o de Gases<\/strong><\/u><\/p>\n<p>Este equipamento oferece prote\u00e7\u00e3o essencial contra vapores t\u00f3xicos e perigosos, promovendo um ambiente de trabalho seguro em laborat\u00f3rios. Com constru\u00e7\u00e3o robusta em fibra de vidro e componentes de alta qualidade, a capela garante durabilidade e efici\u00eancia na exaust\u00e3o de gases. Sua janela ajust\u00e1vel e ilumina\u00e7\u00e3o independente proporcionam flexibilidade e praticidade durante o uso.\u00a0<\/p>\n<p>&nbsp;<\/p>","protected":false},"excerpt":{"rendered":"<p>\u00c9 uma solu\u00e7\u00e3o essencial para a seguran\u00e7a e efici\u00eancia em laborat\u00f3rios. Projetada para a exaust\u00e3o de vapores e gases t\u00f3xicos, garante um ambiente de trabalho seguro e controlado.<\/p>\n<p><u><\/u><\/p>","protected":false},"featured_media":43620,"comment_status":"closed","ping_status":"closed","template":"","meta":{"_acf_changed":false,"iawp_total_views":4},"product_brand":[],"product_cat":[733,606],"product_tag":[],"class_list":{"0":"post-43619","1":"product","2":"type-product","3":"status-publish","4":"has-post-thumbnail","6":"product_cat-equipamento-laboratorio","7":"product_cat-quimico","9":"first","10":"instock","11":"shipping-taxable","12":"purchasable","13":"product-type-variable"},"acf":[],"yoast_head":"<!-- This site is optimized with the Yoast SEO Premium plugin v26.2 (Yoast SEO v27.3) - https:\/\/yoast.com\/product\/yoast-seo-premium-wordpress\/ -->\n<title>Capela de Exaust\u00e3o de Gases<\/title>\n<meta name=\"description\" content=\"\u00c9 uma solu\u00e7\u00e3o essencial para a seguran\u00e7a e efici\u00eancia em laborat\u00f3rios. Projetada para a exaust\u00e3o de vapores e gases t\u00f3xicos, garante um ambiente de trabal .\" \/>\n<meta name=\"robots\" content=\"index, follow, max-snippet:-1, max-image-preview:large, max-video-preview:-1\" \/>\n<link rel=\"canonical\" href=\"https:\/\/escolhelab.com.br\/en\/capela-de-exaustao-de-gases\/\" \/>\n<meta property=\"og:locale\" content=\"en_US\" \/>\n<meta property=\"og:type\" content=\"article\" \/>\n<meta property=\"og:title\" content=\"Capela de Exaust\u00e3o de Gases\" \/>\n<meta property=\"og:description\" content=\"\u00c9 uma solu\u00e7\u00e3o essencial para a seguran\u00e7a e efici\u00eancia em laborat\u00f3rios. Projetada para a exaust\u00e3o de vapores e gases t\u00f3xicos, garante um ambiente de trabal .\" \/>\n<meta property=\"og:url\" content=\"https:\/\/escolhelab.com.br\/en\/capela-de-exaustao-de-gases\/\" \/>\n<meta property=\"og:site_name\" content=\"Loja de produtos para laboratorio\" \/>\n<meta property=\"article:modified_time\" content=\"2026-04-09T21:24:11+00:00\" \/>\n<meta property=\"og:image\" content=\"https:\/\/escolhelab.com.br\/wp-content\/uploads\/2026\/04\/capela-de-exaustao-de-gases-escolhelab-com-br.png\" \/>\n\t<meta property=\"og:image:width\" content=\"700\" \/>\n\t<meta property=\"og:image:height\" content=\"800\" \/>\n\t<meta property=\"og:image:type\" content=\"image\/png\" \/>\n<meta name=\"twitter:card\" content=\"summary_large_image\" \/>\n<meta name=\"twitter:label1\" content=\"Est. reading time\" \/>\n\t<meta name=\"twitter:data1\" content=\"1 minute\" \/>\n<script type=\"application\/ld+json\" class=\"yoast-schema-graph\">{\"@context\":\"https:\\\/\\\/schema.org\",\"@graph\":[{\"@type\":\"WebPage\",\"@id\":\"https:\\\/\\\/escolhelab.com.br\\\/capela-de-exaustao-de-gases\\\/\",\"url\":\"https:\\\/\\\/escolhelab.com.br\\\/capela-de-exaustao-de-gases\\\/\",\"name\":\"Capela de Exaust\u00e3o de Gases\",\"isPartOf\":{\"@id\":\"https:\\\/\\\/escolhelab.com.br\\\/#website\"},\"primaryImageOfPage\":{\"@id\":\"https:\\\/\\\/escolhelab.com.br\\\/capela-de-exaustao-de-gases\\\/#primaryimage\"},\"image\":{\"@id\":\"https:\\\/\\\/escolhelab.com.br\\\/capela-de-exaustao-de-gases\\\/#primaryimage\"},\"thumbnailUrl\":\"https:\\\/\\\/escolhelab.com.br\\\/wp-content\\\/uploads\\\/2026\\\/04\\\/capela-de-exaustao-de-gases-escolhelab-com-br.png\",\"datePublished\":\"2026-04-09T15:18:33+00:00\",\"dateModified\":\"2026-04-09T21:24:11+00:00\",\"description\":\"\u00c9 uma solu\u00e7\u00e3o essencial para a seguran\u00e7a e efici\u00eancia em laborat\u00f3rios. Projetada para a exaust\u00e3o de vapores e gases t\u00f3xicos, garante um ambiente de trabal .\",\"breadcrumb\":{\"@id\":\"https:\\\/\\\/escolhelab.com.br\\\/capela-de-exaustao-de-gases\\\/#breadcrumb\"},\"inLanguage\":\"en-US\",\"potentialAction\":[{\"@type\":\"ReadAction\",\"target\":[\"https:\\\/\\\/escolhelab.com.br\\\/capela-de-exaustao-de-gases\\\/\"]}]},{\"@type\":\"ImageObject\",\"inLanguage\":\"en-US\",\"@id\":\"https:\\\/\\\/escolhelab.com.br\\\/capela-de-exaustao-de-gases\\\/#primaryimage\",\"url\":\"https:\\\/\\\/escolhelab.com.br\\\/wp-content\\\/uploads\\\/2026\\\/04\\\/capela-de-exaustao-de-gases-escolhelab-com-br.png\",\"contentUrl\":\"https:\\\/\\\/escolhelab.com.br\\\/wp-content\\\/uploads\\\/2026\\\/04\\\/capela-de-exaustao-de-gases-escolhelab-com-br.png\",\"width\":700,\"height\":800},{\"@type\":\"BreadcrumbList\",\"@id\":\"https:\\\/\\\/escolhelab.com.br\\\/capela-de-exaustao-de-gases\\\/#breadcrumb\",\"itemListElement\":[{\"@type\":\"ListItem\",\"position\":1,\"name\":\"In\u00edcio\",\"item\":\"https:\\\/\\\/escolhelab.com.br\\\/\"},{\"@type\":\"ListItem\",\"position\":2,\"name\":\"loja\",\"item\":\"https:\\\/\\\/escolhelab.com.br\\\/loja\\\/\"},{\"@type\":\"ListItem\",\"position\":3,\"name\":\"Capela de Exaust\u00e3o de Gases\"}]},{\"@type\":\"WebSite\",\"@id\":\"https:\\\/\\\/escolhelab.com.br\\\/#website\",\"url\":\"https:\\\/\\\/escolhelab.com.br\\\/\",\"name\":\"Loja de produtos para laboratorio\",\"description\":\"Produtos para Laborat\u00f3rio,Artigos e outros na loja do quimico\",\"publisher\":{\"@id\":\"https:\\\/\\\/escolhelab.com.br\\\/#organization\"},\"alternateName\":\"escolhelab\",\"potentialAction\":[{\"@type\":\"SearchAction\",\"target\":{\"@type\":\"EntryPoint\",\"urlTemplate\":\"https:\\\/\\\/escolhelab.com.br\\\/?s={search_term_string}\"},\"query-input\":{\"@type\":\"PropertyValueSpecification\",\"valueRequired\":true,\"valueName\":\"search_term_string\"}}],\"inLanguage\":\"en-US\"},{\"@type\":\"Organization\",\"@id\":\"https:\\\/\\\/escolhelab.com.br\\\/#organization\",\"name\":\"loja escolhelab\",\"alternateName\":\"escolhelab\",\"url\":\"https:\\\/\\\/escolhelab.com.br\\\/\",\"logo\":{\"@type\":\"ImageObject\",\"inLanguage\":\"en-US\",\"@id\":\"https:\\\/\\\/escolhelab.com.br\\\/#\\\/schema\\\/logo\\\/image\\\/\",\"url\":\"https:\\\/\\\/escolhelab.com.br\\\/wp-content\\\/uploads\\\/2024\\\/12\\\/icone-e-512-512escolhelab-com-br-2-800x800.png\",\"contentUrl\":\"https:\\\/\\\/escolhelab.com.br\\\/wp-content\\\/uploads\\\/2024\\\/12\\\/icone-e-512-512escolhelab-com-br-2-800x800.png\",\"width\":800,\"height\":800,\"caption\":\"loja escolhelab\"},\"image\":{\"@id\":\"https:\\\/\\\/escolhelab.com.br\\\/#\\\/schema\\\/logo\\\/image\\\/\"}}]}<\/script>\n<!-- \/ Yoast SEO Premium plugin. -->","yoast_head_json":{"title":"Capela de Exaust\u00e3o de Gases","description":"\u00c9 uma solu\u00e7\u00e3o essencial para a seguran\u00e7a e efici\u00eancia em laborat\u00f3rios. Projetada para a exaust\u00e3o de vapores e gases t\u00f3xicos, garante um ambiente de trabal .","robots":{"index":"index","follow":"follow","max-snippet":"max-snippet:-1","max-image-preview":"max-image-preview:large","max-video-preview":"max-video-preview:-1"},"canonical":"https:\/\/escolhelab.com.br\/en\/capela-de-exaustao-de-gases\/","og_locale":"en_US","og_type":"article","og_title":"Capela de Exaust\u00e3o de Gases","og_description":"\u00c9 uma solu\u00e7\u00e3o essencial para a seguran\u00e7a e efici\u00eancia em laborat\u00f3rios. Projetada para a exaust\u00e3o de vapores e gases t\u00f3xicos, garante um ambiente de trabal .","og_url":"https:\/\/escolhelab.com.br\/en\/capela-de-exaustao-de-gases\/","og_site_name":"Loja de produtos para laboratorio","article_modified_time":"2026-04-09T21:24:11+00:00","og_image":[{"width":700,"height":800,"url":"https:\/\/escolhelab.com.br\/wp-content\/uploads\/2026\/04\/capela-de-exaustao-de-gases-escolhelab-com-br.png","type":"image\/png"}],"twitter_card":"summary_large_image","twitter_misc":{"Est. reading time":"1 minute"},"schema":{"@context":"https:\/\/schema.org","@graph":[{"@type":"WebPage","@id":"https:\/\/escolhelab.com.br\/capela-de-exaustao-de-gases\/","url":"https:\/\/escolhelab.com.br\/capela-de-exaustao-de-gases\/","name":"Capela de Exaust\u00e3o de Gases","isPartOf":{"@id":"https:\/\/escolhelab.com.br\/#website"},"primaryImageOfPage":{"@id":"https:\/\/escolhelab.com.br\/capela-de-exaustao-de-gases\/#primaryimage"},"image":{"@id":"https:\/\/escolhelab.com.br\/capela-de-exaustao-de-gases\/#primaryimage"},"thumbnailUrl":"https:\/\/escolhelab.com.br\/wp-content\/uploads\/2026\/04\/capela-de-exaustao-de-gases-escolhelab-com-br.png","datePublished":"2026-04-09T15:18:33+00:00","dateModified":"2026-04-09T21:24:11+00:00","description":"\u00c9 uma solu\u00e7\u00e3o essencial para a seguran\u00e7a e efici\u00eancia em laborat\u00f3rios. Projetada para a exaust\u00e3o de vapores e gases t\u00f3xicos, garante um ambiente de trabal .","breadcrumb":{"@id":"https:\/\/escolhelab.com.br\/capela-de-exaustao-de-gases\/#breadcrumb"},"inLanguage":"en-US","potentialAction":[{"@type":"ReadAction","target":["https:\/\/escolhelab.com.br\/capela-de-exaustao-de-gases\/"]}]},{"@type":"ImageObject","inLanguage":"en-US","@id":"https:\/\/escolhelab.com.br\/capela-de-exaustao-de-gases\/#primaryimage","url":"https:\/\/escolhelab.com.br\/wp-content\/uploads\/2026\/04\/capela-de-exaustao-de-gases-escolhelab-com-br.png","contentUrl":"https:\/\/escolhelab.com.br\/wp-content\/uploads\/2026\/04\/capela-de-exaustao-de-gases-escolhelab-com-br.png","width":700,"height":800},{"@type":"BreadcrumbList","@id":"https:\/\/escolhelab.com.br\/capela-de-exaustao-de-gases\/#breadcrumb","itemListElement":[{"@type":"ListItem","position":1,"name":"In\u00edcio","item":"https:\/\/escolhelab.com.br\/"},{"@type":"ListItem","position":2,"name":"loja","item":"https:\/\/escolhelab.com.br\/loja\/"},{"@type":"ListItem","position":3,"name":"Capela de Exaust\u00e3o de Gases"}]},{"@type":"WebSite","@id":"https:\/\/escolhelab.com.br\/#website","url":"https:\/\/escolhelab.com.br\/","name":"Loja de produtos para laboratorio","description":"Produtos para Laborat\u00f3rio,Artigos e outros na loja do quimico","publisher":{"@id":"https:\/\/escolhelab.com.br\/#organization"},"alternateName":"escolhelab","potentialAction":[{"@type":"SearchAction","target":{"@type":"EntryPoint","urlTemplate":"https:\/\/escolhelab.com.br\/?s={search_term_string}"},"query-input":{"@type":"PropertyValueSpecification","valueRequired":true,"valueName":"search_term_string"}}],"inLanguage":"en-US"},{"@type":"Organization","@id":"https:\/\/escolhelab.com.br\/#organization","name":"loja escolhelab","alternateName":"escolhelab","url":"https:\/\/escolhelab.com.br\/","logo":{"@type":"ImageObject","inLanguage":"en-US","@id":"https:\/\/escolhelab.com.br\/#\/schema\/logo\/image\/","url":"https:\/\/escolhelab.com.br\/wp-content\/uploads\/2024\/12\/icone-e-512-512escolhelab-com-br-2-800x800.png","contentUrl":"https:\/\/escolhelab.com.br\/wp-content\/uploads\/2024\/12\/icone-e-512-512escolhelab-com-br-2-800x800.png","width":800,"height":800,"caption":"loja escolhelab"},"image":{"@id":"https:\/\/escolhelab.com.br\/#\/schema\/logo\/image\/"}}]}},"tiered_pricing_type":"fixed","tiered_pricing_fixed_rules":[],"tiered_pricing_product_settings":{"layout":"default","base_unit_name":{"singular":null,"plural":null},"default_variation":null},"tiered_pricing_minimum_quantity":null,"tiered_pricing_roles_data":[],"tiered_pricing_percentage_rules":[],"tiered_pricing_maximum_quantity":null,"tiered_pricing_quantity_step":null,"_links":{"self":[{"href":"https:\/\/escolhelab.com.br\/en\/wp-json\/wp\/v2\/product\/43619","targetHints":{"allow":["GET"]}}],"collection":[{"href":"https:\/\/escolhelab.com.br\/en\/wp-json\/wp\/v2\/product"}],"about":[{"href":"https:\/\/escolhelab.com.br\/en\/wp-json\/wp\/v2\/types\/product"}],"replies":[{"embeddable":true,"href":"https:\/\/escolhelab.com.br\/en\/wp-json\/wp\/v2\/comments?post=43619"}],"version-history":[{"count":0,"href":"https:\/\/escolhelab.com.br\/en\/wp-json\/wp\/v2\/product\/43619\/revisions"}],"wp:featuredmedia":[{"embeddable":true,"href":"https:\/\/escolhelab.com.br\/en\/wp-json\/wp\/v2\/media\/43620"}],"wp:attachment":[{"href":"https:\/\/escolhelab.com.br\/en\/wp-json\/wp\/v2\/media?parent=43619"}],"wp:term":[{"taxonomy":"product_brand","embeddable":true,"href":"https:\/\/escolhelab.com.br\/en\/wp-json\/wp\/v2\/product_brand?post=43619"},{"taxonomy":"product_cat","embeddable":true,"href":"https:\/\/escolhelab.com.br\/en\/wp-json\/wp\/v2\/product_cat?post=43619"},{"taxonomy":"product_tag","embeddable":true,"href":"https:\/\/escolhelab.com.br\/en\/wp-json\/wp\/v2\/product_tag?post=43619"}],"curies":[{"name":"wp","href":"https:\/\/api.w.org\/{rel}","templated":true}]}}