{"id":43628,"date":"2026-04-09T14:15:57","date_gmt":"2026-04-09T17:15:57","guid":{"rendered":"https:\/\/escolhelab.com.br\/?post_type=product&#038;p=43628"},"modified":"2026-04-09T14:28:17","modified_gmt":"2026-04-09T17:28:17","slug":"exaustor-para-exaustao-de-gases","status":"publish","type":"product","link":"https:\/\/escolhelab.com.br\/en\/exaustor-para-exaustao-de-gases\/","title":{"rendered":"Exaustor Para Exaust\u00e3o De Gases"},"content":{"rendered":"<h2 class=\"nome-produto titulo cor-secundaria\">Exaustor Para Exaust\u00e3o De Gases\u00a0<\/h2>\n<p>Usado em capelas de exaust\u00e3o de gases, ou diversas outras possibilitidades. Para retirada de cheiros, gazes, fuma\u00e7as entre outros. Realiza a elimina\u00e7\u00e3o dos gases \u00e1cidos ou b\u00e1sicos permitindo e gerando seguran\u00e7a ao ambiente dos profissionais e pessoas envolvidas em procedimentos que gerem gases provenientes de rea\u00e7\u00f5es qu\u00edmicas.<\/p>\n<p>Nosso Exaustor possui motor blindado e \u00e9 constru\u00eddo em fibra de vidro e ventoinha em Polipropileno At\u00f3xico.\u00a0<\/p>\n<p>DESCRI\u00c7\u00c3O DO PRODUTO:<br \/>\nCarca\u00e7a em fibra de vidro laminada<br \/>\nVentoinha fabricada em polipropileno resistente a gases corrosivos<br \/>\nProlongador do eixo do motor em lat\u00e3o<br \/>\nBase de fixa\u00e7\u00e3o do motor em chapa de polipropileno<br \/>\nMotor blindado de 1\/30 HP<br \/>\nDuto para exaust\u00e3o com di\u00e2metro de 100mm (recomenda usar tudo de PVC r\u00edgido)<br \/>\nCapacidade de exaust\u00e3o de 372 m\u00b3\/hora (nominal sem tubula\u00e7\u00e3o)<\/p>\n<p>&nbsp;<\/p>","protected":false},"excerpt":{"rendered":"<p>Usado em capelas de exaust\u00e3o de gases, ou diversas outras possibilitidades. Para retirada de cheiros, gazes, fuma\u00e7as entre outros. Realiza a elimina\u00e7\u00e3o dos gases \u00e1cidos ou b\u00e1sicos permitindo e gerando seguran\u00e7a ao ambiente dos profissionais ,,,,,,,<\/p>","protected":false},"featured_media":43630,"comment_status":"closed","ping_status":"closed","template":"","meta":{"_acf_changed":false,"iawp_total_views":2},"product_brand":[],"product_cat":[725,733,606],"product_tag":[],"class_list":{"0":"post-43628","1":"product","2":"type-product","3":"status-publish","4":"has-post-thumbnail","6":"product_cat-acessorios-e-consumiveis","7":"product_cat-equipamento-laboratorio","8":"product_cat-quimico","10":"first","11":"instock","12":"sale","13":"shipping-taxable","14":"purchasable","15":"product-type-variable"},"acf":[],"yoast_head":"<!-- This site is optimized with the Yoast SEO Premium plugin v26.2 (Yoast SEO v27.4) - https:\/\/yoast.com\/product\/yoast-seo-premium-wordpress\/ -->\n<title>Exaustor Para Exaust\u00e3o De Gases<\/title>\n<meta name=\"description\" content=\"Usado em capelas de exaust\u00e3o de gases, ou diversas outras possibilitidades. Para retirada de cheiros, gazes, fuma\u00e7as entre outros. Realiza a elimina\u00e7\u00e3o dos\" \/>\n<meta name=\"robots\" content=\"index, follow, max-snippet:-1, max-image-preview:large, max-video-preview:-1\" \/>\n<link rel=\"canonical\" href=\"https:\/\/escolhelab.com.br\/en\/exaustor-para-exaustao-de-gases\/\" \/>\n<meta property=\"og:locale\" content=\"en_US\" \/>\n<meta property=\"og:type\" content=\"article\" \/>\n<meta property=\"og:title\" content=\"Exaustor Para Exaust\u00e3o De Gases\" \/>\n<meta property=\"og:description\" content=\"Usado em capelas de exaust\u00e3o de gases, ou diversas outras possibilitidades. Para retirada de cheiros, gazes, fuma\u00e7as entre outros. Realiza a elimina\u00e7\u00e3o dos\" \/>\n<meta property=\"og:url\" content=\"https:\/\/escolhelab.com.br\/en\/exaustor-para-exaustao-de-gases\/\" \/>\n<meta property=\"og:site_name\" content=\"Loja de produtos para laboratorio\" \/>\n<meta property=\"article:modified_time\" content=\"2026-04-09T17:28:17+00:00\" \/>\n<meta property=\"og:image\" content=\"https:\/\/escolhelab.com.br\/wp-content\/uploads\/2026\/04\/exaustor-para-exaustao-de-gases-escolhelab-com-br.png\" \/>\n\t<meta property=\"og:image:width\" content=\"700\" \/>\n\t<meta property=\"og:image:height\" content=\"800\" \/>\n\t<meta property=\"og:image:type\" content=\"image\/png\" \/>\n<meta name=\"twitter:card\" content=\"summary_large_image\" \/>\n<meta name=\"twitter:label1\" content=\"Est. reading time\" \/>\n\t<meta name=\"twitter:data1\" content=\"1 minute\" \/>\n<script type=\"application\/ld+json\" class=\"yoast-schema-graph\">{\"@context\":\"https:\\\/\\\/schema.org\",\"@graph\":[{\"@type\":\"WebPage\",\"@id\":\"https:\\\/\\\/escolhelab.com.br\\\/exaustor-para-exaustao-de-gases\\\/\",\"url\":\"https:\\\/\\\/escolhelab.com.br\\\/exaustor-para-exaustao-de-gases\\\/\",\"name\":\"Exaustor Para Exaust\u00e3o De Gases\",\"isPartOf\":{\"@id\":\"https:\\\/\\\/escolhelab.com.br\\\/#website\"},\"primaryImageOfPage\":{\"@id\":\"https:\\\/\\\/escolhelab.com.br\\\/exaustor-para-exaustao-de-gases\\\/#primaryimage\"},\"image\":{\"@id\":\"https:\\\/\\\/escolhelab.com.br\\\/exaustor-para-exaustao-de-gases\\\/#primaryimage\"},\"thumbnailUrl\":\"https:\\\/\\\/escolhelab.com.br\\\/wp-content\\\/uploads\\\/2026\\\/04\\\/exaustor-para-exaustao-de-gases-escolhelab-com-br.png\",\"datePublished\":\"2026-04-09T17:15:57+00:00\",\"dateModified\":\"2026-04-09T17:28:17+00:00\",\"description\":\"Usado em capelas de exaust\u00e3o de gases, ou diversas outras possibilitidades. Para retirada de cheiros, gazes, fuma\u00e7as entre outros. Realiza a elimina\u00e7\u00e3o dos\",\"breadcrumb\":{\"@id\":\"https:\\\/\\\/escolhelab.com.br\\\/exaustor-para-exaustao-de-gases\\\/#breadcrumb\"},\"inLanguage\":\"en-US\",\"potentialAction\":[{\"@type\":\"ReadAction\",\"target\":[\"https:\\\/\\\/escolhelab.com.br\\\/exaustor-para-exaustao-de-gases\\\/\"]}]},{\"@type\":\"ImageObject\",\"inLanguage\":\"en-US\",\"@id\":\"https:\\\/\\\/escolhelab.com.br\\\/exaustor-para-exaustao-de-gases\\\/#primaryimage\",\"url\":\"https:\\\/\\\/escolhelab.com.br\\\/wp-content\\\/uploads\\\/2026\\\/04\\\/exaustor-para-exaustao-de-gases-escolhelab-com-br.png\",\"contentUrl\":\"https:\\\/\\\/escolhelab.com.br\\\/wp-content\\\/uploads\\\/2026\\\/04\\\/exaustor-para-exaustao-de-gases-escolhelab-com-br.png\",\"width\":700,\"height\":800},{\"@type\":\"BreadcrumbList\",\"@id\":\"https:\\\/\\\/escolhelab.com.br\\\/exaustor-para-exaustao-de-gases\\\/#breadcrumb\",\"itemListElement\":[{\"@type\":\"ListItem\",\"position\":1,\"name\":\"In\u00edcio\",\"item\":\"https:\\\/\\\/escolhelab.com.br\\\/\"},{\"@type\":\"ListItem\",\"position\":2,\"name\":\"loja\",\"item\":\"https:\\\/\\\/escolhelab.com.br\\\/loja\\\/\"},{\"@type\":\"ListItem\",\"position\":3,\"name\":\"Exaustor Para Exaust\u00e3o De Gases\"}]},{\"@type\":\"WebSite\",\"@id\":\"https:\\\/\\\/escolhelab.com.br\\\/#website\",\"url\":\"https:\\\/\\\/escolhelab.com.br\\\/\",\"name\":\"Loja de produtos para laboratorio\",\"description\":\"Produtos para Laborat\u00f3rio,Artigos e outros na loja do quimico\",\"publisher\":{\"@id\":\"https:\\\/\\\/escolhelab.com.br\\\/#organization\"},\"alternateName\":\"escolhelab\",\"potentialAction\":[{\"@type\":\"SearchAction\",\"target\":{\"@type\":\"EntryPoint\",\"urlTemplate\":\"https:\\\/\\\/escolhelab.com.br\\\/?s={search_term_string}\"},\"query-input\":{\"@type\":\"PropertyValueSpecification\",\"valueRequired\":true,\"valueName\":\"search_term_string\"}}],\"inLanguage\":\"en-US\"},{\"@type\":\"Organization\",\"@id\":\"https:\\\/\\\/escolhelab.com.br\\\/#organization\",\"name\":\"loja escolhelab\",\"alternateName\":\"escolhelab\",\"url\":\"https:\\\/\\\/escolhelab.com.br\\\/\",\"logo\":{\"@type\":\"ImageObject\",\"inLanguage\":\"en-US\",\"@id\":\"https:\\\/\\\/escolhelab.com.br\\\/#\\\/schema\\\/logo\\\/image\\\/\",\"url\":\"https:\\\/\\\/escolhelab.com.br\\\/wp-content\\\/uploads\\\/2024\\\/12\\\/icone-e-512-512escolhelab-com-br-2-800x800.png\",\"contentUrl\":\"https:\\\/\\\/escolhelab.com.br\\\/wp-content\\\/uploads\\\/2024\\\/12\\\/icone-e-512-512escolhelab-com-br-2-800x800.png\",\"width\":800,\"height\":800,\"caption\":\"loja escolhelab\"},\"image\":{\"@id\":\"https:\\\/\\\/escolhelab.com.br\\\/#\\\/schema\\\/logo\\\/image\\\/\"}}]}<\/script>\n<!-- \/ Yoast SEO Premium plugin. -->","yoast_head_json":{"title":"Exaustor Para Exaust\u00e3o De Gases","description":"Usado em capelas de exaust\u00e3o de gases, ou diversas outras possibilitidades. Para retirada de cheiros, gazes, fuma\u00e7as entre outros. Realiza a elimina\u00e7\u00e3o dos","robots":{"index":"index","follow":"follow","max-snippet":"max-snippet:-1","max-image-preview":"max-image-preview:large","max-video-preview":"max-video-preview:-1"},"canonical":"https:\/\/escolhelab.com.br\/en\/exaustor-para-exaustao-de-gases\/","og_locale":"en_US","og_type":"article","og_title":"Exaustor Para Exaust\u00e3o De Gases","og_description":"Usado em capelas de exaust\u00e3o de gases, ou diversas outras possibilitidades. Para retirada de cheiros, gazes, fuma\u00e7as entre outros. Realiza a elimina\u00e7\u00e3o dos","og_url":"https:\/\/escolhelab.com.br\/en\/exaustor-para-exaustao-de-gases\/","og_site_name":"Loja de produtos para laboratorio","article_modified_time":"2026-04-09T17:28:17+00:00","og_image":[{"width":700,"height":800,"url":"https:\/\/escolhelab.com.br\/wp-content\/uploads\/2026\/04\/exaustor-para-exaustao-de-gases-escolhelab-com-br.png","type":"image\/png"}],"twitter_card":"summary_large_image","twitter_misc":{"Est. reading time":"1 minute"},"schema":{"@context":"https:\/\/schema.org","@graph":[{"@type":"WebPage","@id":"https:\/\/escolhelab.com.br\/exaustor-para-exaustao-de-gases\/","url":"https:\/\/escolhelab.com.br\/exaustor-para-exaustao-de-gases\/","name":"Exaustor Para Exaust\u00e3o De Gases","isPartOf":{"@id":"https:\/\/escolhelab.com.br\/#website"},"primaryImageOfPage":{"@id":"https:\/\/escolhelab.com.br\/exaustor-para-exaustao-de-gases\/#primaryimage"},"image":{"@id":"https:\/\/escolhelab.com.br\/exaustor-para-exaustao-de-gases\/#primaryimage"},"thumbnailUrl":"https:\/\/escolhelab.com.br\/wp-content\/uploads\/2026\/04\/exaustor-para-exaustao-de-gases-escolhelab-com-br.png","datePublished":"2026-04-09T17:15:57+00:00","dateModified":"2026-04-09T17:28:17+00:00","description":"Usado em capelas de exaust\u00e3o de gases, ou diversas outras possibilitidades. Para retirada de cheiros, gazes, fuma\u00e7as entre outros. Realiza a elimina\u00e7\u00e3o dos","breadcrumb":{"@id":"https:\/\/escolhelab.com.br\/exaustor-para-exaustao-de-gases\/#breadcrumb"},"inLanguage":"en-US","potentialAction":[{"@type":"ReadAction","target":["https:\/\/escolhelab.com.br\/exaustor-para-exaustao-de-gases\/"]}]},{"@type":"ImageObject","inLanguage":"en-US","@id":"https:\/\/escolhelab.com.br\/exaustor-para-exaustao-de-gases\/#primaryimage","url":"https:\/\/escolhelab.com.br\/wp-content\/uploads\/2026\/04\/exaustor-para-exaustao-de-gases-escolhelab-com-br.png","contentUrl":"https:\/\/escolhelab.com.br\/wp-content\/uploads\/2026\/04\/exaustor-para-exaustao-de-gases-escolhelab-com-br.png","width":700,"height":800},{"@type":"BreadcrumbList","@id":"https:\/\/escolhelab.com.br\/exaustor-para-exaustao-de-gases\/#breadcrumb","itemListElement":[{"@type":"ListItem","position":1,"name":"In\u00edcio","item":"https:\/\/escolhelab.com.br\/"},{"@type":"ListItem","position":2,"name":"loja","item":"https:\/\/escolhelab.com.br\/loja\/"},{"@type":"ListItem","position":3,"name":"Exaustor Para Exaust\u00e3o De Gases"}]},{"@type":"WebSite","@id":"https:\/\/escolhelab.com.br\/#website","url":"https:\/\/escolhelab.com.br\/","name":"Loja de produtos para laboratorio","description":"Produtos para Laborat\u00f3rio,Artigos e outros na loja do quimico","publisher":{"@id":"https:\/\/escolhelab.com.br\/#organization"},"alternateName":"escolhelab","potentialAction":[{"@type":"SearchAction","target":{"@type":"EntryPoint","urlTemplate":"https:\/\/escolhelab.com.br\/?s={search_term_string}"},"query-input":{"@type":"PropertyValueSpecification","valueRequired":true,"valueName":"search_term_string"}}],"inLanguage":"en-US"},{"@type":"Organization","@id":"https:\/\/escolhelab.com.br\/#organization","name":"loja escolhelab","alternateName":"escolhelab","url":"https:\/\/escolhelab.com.br\/","logo":{"@type":"ImageObject","inLanguage":"en-US","@id":"https:\/\/escolhelab.com.br\/#\/schema\/logo\/image\/","url":"https:\/\/escolhelab.com.br\/wp-content\/uploads\/2024\/12\/icone-e-512-512escolhelab-com-br-2-800x800.png","contentUrl":"https:\/\/escolhelab.com.br\/wp-content\/uploads\/2024\/12\/icone-e-512-512escolhelab-com-br-2-800x800.png","width":800,"height":800,"caption":"loja escolhelab"},"image":{"@id":"https:\/\/escolhelab.com.br\/#\/schema\/logo\/image\/"}}]}},"tiered_pricing_type":"fixed","tiered_pricing_fixed_rules":[],"tiered_pricing_product_settings":{"layout":"default","base_unit_name":{"singular":null,"plural":null},"default_variation":null},"tiered_pricing_minimum_quantity":null,"tiered_pricing_roles_data":[],"tiered_pricing_percentage_rules":[],"tiered_pricing_maximum_quantity":null,"tiered_pricing_quantity_step":null,"_links":{"self":[{"href":"https:\/\/escolhelab.com.br\/en\/wp-json\/wp\/v2\/product\/43628","targetHints":{"allow":["GET"]}}],"collection":[{"href":"https:\/\/escolhelab.com.br\/en\/wp-json\/wp\/v2\/product"}],"about":[{"href":"https:\/\/escolhelab.com.br\/en\/wp-json\/wp\/v2\/types\/product"}],"replies":[{"embeddable":true,"href":"https:\/\/escolhelab.com.br\/en\/wp-json\/wp\/v2\/comments?post=43628"}],"version-history":[{"count":0,"href":"https:\/\/escolhelab.com.br\/en\/wp-json\/wp\/v2\/product\/43628\/revisions"}],"wp:featuredmedia":[{"embeddable":true,"href":"https:\/\/escolhelab.com.br\/en\/wp-json\/wp\/v2\/media\/43630"}],"wp:attachment":[{"href":"https:\/\/escolhelab.com.br\/en\/wp-json\/wp\/v2\/media?parent=43628"}],"wp:term":[{"taxonomy":"product_brand","embeddable":true,"href":"https:\/\/escolhelab.com.br\/en\/wp-json\/wp\/v2\/product_brand?post=43628"},{"taxonomy":"product_cat","embeddable":true,"href":"https:\/\/escolhelab.com.br\/en\/wp-json\/wp\/v2\/product_cat?post=43628"},{"taxonomy":"product_tag","embeddable":true,"href":"https:\/\/escolhelab.com.br\/en\/wp-json\/wp\/v2\/product_tag?post=43628"}],"curies":[{"name":"wp","href":"https:\/\/api.w.org\/{rel}","templated":true}]}}