{"id":43682,"date":"2026-04-10T08:18:12","date_gmt":"2026-04-10T11:18:12","guid":{"rendered":"https:\/\/escolhelab.com.br\/?post_type=product&#038;p=43682"},"modified":"2026-04-10T08:19:35","modified_gmt":"2026-04-10T11:19:35","slug":"concha-de-cereais-em-polipropilen","status":"publish","type":"product","link":"https:\/\/escolhelab.com.br\/en\/concha-de-cereais-em-polipropilen\/","title":{"rendered":"Concha de Cereais em Polipropilen"},"content":{"rendered":"<h2 class=\"product-name\">Concha de Cereais em Polipropilen<\/h2>\n<p>\u00c9 a ferramenta perfeita para a manipula\u00e7\u00e3o precisa e eficiente de materiais em gr\u00e3os ou p\u00f3 no seu laborat\u00f3rio. Fabricada com pl\u00e1stico de alta qualidade, essa concha proporciona uma solu\u00e7\u00e3o confi\u00e1vel e conveniente para suas tarefas de medi\u00e7\u00e3o e manipula\u00e7\u00e3o.<\/p>\n<h6><span style=\"text-decoration: underline;\"><strong><span style=\"font-size: 12pt;\">Caracter\u00edsticas:<\/span><\/strong><\/span><\/h6>\n<p><span style=\"font-size: 12pt;\">De polipropileno: Fabricada em polipropileno dur\u00e1vel, essa concha \u00e9 projetada para resistir \u00e0s demandas do ambiente laboratorial, assegurando sua durabilidade e confiabilidade a longo prazo.<\/span><\/p>\n<p><span style=\"font-size: 12pt;\">Ideal para Medi\u00e7\u00e3o Personalizada: Sua transpar\u00eancia permite medi\u00e7\u00f5es personalizadas, tornando-se uma escolha ideal para tarefas que requerem quantidades espec\u00edficas de materiais. Com a possibilidade de marcar as medi\u00e7\u00f5es diretamente no corpo da concha usando um pincel at\u00f4mico permanente, voc\u00ea obt\u00e9m precis\u00e3o em suas manipula\u00e7\u00f5es.<\/span><\/p>\n<p><span style=\"font-size: 12pt;\">Capacidade Generosa: Com capacidade para at\u00e9 1000 gramas, essa concha atende \u00e0s necessidades de medi\u00e7\u00e3o de uma variedade de materiais em gr\u00e3os ou p\u00f3.<\/span><\/p>\n<p><span style=\"font-size: 12pt;\">Al\u00e7a Lateral: Equipada com uma al\u00e7a lateral, a concha oferece uma maneira confort\u00e1vel e segura de manuseio, tornando suas manipula\u00e7\u00f5es mais eficientes e precisas.<\/span><\/p>","protected":false},"excerpt":{"rendered":"<p>\u00c9 a ferramenta perfeita para a manipula\u00e7\u00e3o precisa e eficiente de materiais em gr\u00e3os ou p\u00f3 no seu laborat\u00f3rio. Fabricada com pl\u00e1stico de alta qualidade, essa concha proporciona uma solu\u00e7\u00e3o confi\u00e1vel e conveniente para suas tarefas de medi\u00e7\u00e3o e manipula\u00e7\u00e3o.<\/p>","protected":false},"featured_media":43683,"comment_status":"closed","ping_status":"closed","template":"","meta":{"_acf_changed":false,"iawp_total_views":0},"product_brand":[],"product_cat":[730,606],"product_tag":[],"class_list":{"0":"post-43682","1":"product","2":"type-product","3":"status-publish","4":"has-post-thumbnail","6":"product_cat-plastico-e-borrachas","7":"product_cat-quimico","9":"first","10":"instock","11":"shipping-taxable","12":"purchasable","13":"product-type-simple"},"acf":[],"yoast_head":"<!-- This site is optimized with the Yoast SEO Premium plugin v26.2 (Yoast SEO v27.3) - https:\/\/yoast.com\/product\/yoast-seo-premium-wordpress\/ -->\n<title>Concha de Cereais em Polipropilen<\/title>\n<meta name=\"description\" content=\"\u00c9 a ferramenta perfeita para a manipula\u00e7\u00e3o precisa e eficiente de materiais em gr\u00e3os ou p\u00f3 no seu laborat\u00f3rio. Fabricada com pl\u00e1stico de alta qualidade,,,,,\" \/>\n<meta name=\"robots\" content=\"index, follow, max-snippet:-1, max-image-preview:large, max-video-preview:-1\" \/>\n<link rel=\"canonical\" href=\"https:\/\/escolhelab.com.br\/en\/concha-de-cereais-em-polipropilen\/\" \/>\n<meta property=\"og:locale\" content=\"en_US\" \/>\n<meta property=\"og:type\" content=\"article\" \/>\n<meta property=\"og:title\" content=\"Concha de Cereais em Polipropilen\" \/>\n<meta property=\"og:description\" content=\"\u00c9 a ferramenta perfeita para a manipula\u00e7\u00e3o precisa e eficiente de materiais em gr\u00e3os ou p\u00f3 no seu laborat\u00f3rio. Fabricada com pl\u00e1stico de alta qualidade,,,,,\" \/>\n<meta property=\"og:url\" content=\"https:\/\/escolhelab.com.br\/en\/concha-de-cereais-em-polipropilen\/\" \/>\n<meta property=\"og:site_name\" content=\"Loja de produtos para laboratorio\" \/>\n<meta property=\"article:modified_time\" content=\"2026-04-10T11:19:35+00:00\" \/>\n<meta property=\"og:image\" content=\"https:\/\/escolhelab.com.br\/wp-content\/uploads\/2026\/04\/concha-de-cereais-em-polipropilen-escolhelab-com-br.png\" \/>\n\t<meta property=\"og:image:width\" content=\"700\" \/>\n\t<meta property=\"og:image:height\" content=\"800\" \/>\n\t<meta property=\"og:image:type\" content=\"image\/png\" \/>\n<meta name=\"twitter:card\" content=\"summary_large_image\" \/>\n<meta name=\"twitter:label1\" content=\"Est. reading time\" \/>\n\t<meta name=\"twitter:data1\" content=\"2 minutes\" \/>\n<script type=\"application\/ld+json\" class=\"yoast-schema-graph\">{\"@context\":\"https:\\\/\\\/schema.org\",\"@graph\":[{\"@type\":\"WebPage\",\"@id\":\"https:\\\/\\\/escolhelab.com.br\\\/concha-de-cereais-em-polipropilen\\\/\",\"url\":\"https:\\\/\\\/escolhelab.com.br\\\/concha-de-cereais-em-polipropilen\\\/\",\"name\":\"Concha de Cereais em Polipropilen\",\"isPartOf\":{\"@id\":\"https:\\\/\\\/escolhelab.com.br\\\/#website\"},\"primaryImageOfPage\":{\"@id\":\"https:\\\/\\\/escolhelab.com.br\\\/concha-de-cereais-em-polipropilen\\\/#primaryimage\"},\"image\":{\"@id\":\"https:\\\/\\\/escolhelab.com.br\\\/concha-de-cereais-em-polipropilen\\\/#primaryimage\"},\"thumbnailUrl\":\"https:\\\/\\\/escolhelab.com.br\\\/wp-content\\\/uploads\\\/2026\\\/04\\\/concha-de-cereais-em-polipropilen-escolhelab-com-br.png\",\"datePublished\":\"2026-04-10T11:18:12+00:00\",\"dateModified\":\"2026-04-10T11:19:35+00:00\",\"description\":\"\u00c9 a ferramenta perfeita para a manipula\u00e7\u00e3o precisa e eficiente de materiais em gr\u00e3os ou p\u00f3 no seu laborat\u00f3rio. Fabricada com pl\u00e1stico de alta qualidade,,,,,\",\"breadcrumb\":{\"@id\":\"https:\\\/\\\/escolhelab.com.br\\\/concha-de-cereais-em-polipropilen\\\/#breadcrumb\"},\"inLanguage\":\"en-US\",\"potentialAction\":[{\"@type\":\"ReadAction\",\"target\":[\"https:\\\/\\\/escolhelab.com.br\\\/concha-de-cereais-em-polipropilen\\\/\"]}]},{\"@type\":\"ImageObject\",\"inLanguage\":\"en-US\",\"@id\":\"https:\\\/\\\/escolhelab.com.br\\\/concha-de-cereais-em-polipropilen\\\/#primaryimage\",\"url\":\"https:\\\/\\\/escolhelab.com.br\\\/wp-content\\\/uploads\\\/2026\\\/04\\\/concha-de-cereais-em-polipropilen-escolhelab-com-br.png\",\"contentUrl\":\"https:\\\/\\\/escolhelab.com.br\\\/wp-content\\\/uploads\\\/2026\\\/04\\\/concha-de-cereais-em-polipropilen-escolhelab-com-br.png\",\"width\":700,\"height\":800},{\"@type\":\"BreadcrumbList\",\"@id\":\"https:\\\/\\\/escolhelab.com.br\\\/concha-de-cereais-em-polipropilen\\\/#breadcrumb\",\"itemListElement\":[{\"@type\":\"ListItem\",\"position\":1,\"name\":\"In\u00edcio\",\"item\":\"https:\\\/\\\/escolhelab.com.br\\\/\"},{\"@type\":\"ListItem\",\"position\":2,\"name\":\"loja\",\"item\":\"https:\\\/\\\/escolhelab.com.br\\\/loja\\\/\"},{\"@type\":\"ListItem\",\"position\":3,\"name\":\"Concha de Cereais em Polipropilen\"}]},{\"@type\":\"WebSite\",\"@id\":\"https:\\\/\\\/escolhelab.com.br\\\/#website\",\"url\":\"https:\\\/\\\/escolhelab.com.br\\\/\",\"name\":\"Loja de produtos para laboratorio\",\"description\":\"Produtos para Laborat\u00f3rio,Artigos e outros na loja do quimico\",\"publisher\":{\"@id\":\"https:\\\/\\\/escolhelab.com.br\\\/#organization\"},\"alternateName\":\"escolhelab\",\"potentialAction\":[{\"@type\":\"SearchAction\",\"target\":{\"@type\":\"EntryPoint\",\"urlTemplate\":\"https:\\\/\\\/escolhelab.com.br\\\/?s={search_term_string}\"},\"query-input\":{\"@type\":\"PropertyValueSpecification\",\"valueRequired\":true,\"valueName\":\"search_term_string\"}}],\"inLanguage\":\"en-US\"},{\"@type\":\"Organization\",\"@id\":\"https:\\\/\\\/escolhelab.com.br\\\/#organization\",\"name\":\"loja escolhelab\",\"alternateName\":\"escolhelab\",\"url\":\"https:\\\/\\\/escolhelab.com.br\\\/\",\"logo\":{\"@type\":\"ImageObject\",\"inLanguage\":\"en-US\",\"@id\":\"https:\\\/\\\/escolhelab.com.br\\\/#\\\/schema\\\/logo\\\/image\\\/\",\"url\":\"https:\\\/\\\/escolhelab.com.br\\\/wp-content\\\/uploads\\\/2024\\\/12\\\/icone-e-512-512escolhelab-com-br-2-800x800.png\",\"contentUrl\":\"https:\\\/\\\/escolhelab.com.br\\\/wp-content\\\/uploads\\\/2024\\\/12\\\/icone-e-512-512escolhelab-com-br-2-800x800.png\",\"width\":800,\"height\":800,\"caption\":\"loja escolhelab\"},\"image\":{\"@id\":\"https:\\\/\\\/escolhelab.com.br\\\/#\\\/schema\\\/logo\\\/image\\\/\"}}]}<\/script>\n<!-- \/ Yoast SEO Premium plugin. -->","yoast_head_json":{"title":"Concha de Cereais em Polipropilen","description":"\u00c9 a ferramenta perfeita para a manipula\u00e7\u00e3o precisa e eficiente de materiais em gr\u00e3os ou p\u00f3 no seu laborat\u00f3rio. Fabricada com pl\u00e1stico de alta qualidade,,,,,","robots":{"index":"index","follow":"follow","max-snippet":"max-snippet:-1","max-image-preview":"max-image-preview:large","max-video-preview":"max-video-preview:-1"},"canonical":"https:\/\/escolhelab.com.br\/en\/concha-de-cereais-em-polipropilen\/","og_locale":"en_US","og_type":"article","og_title":"Concha de Cereais em Polipropilen","og_description":"\u00c9 a ferramenta perfeita para a manipula\u00e7\u00e3o precisa e eficiente de materiais em gr\u00e3os ou p\u00f3 no seu laborat\u00f3rio. Fabricada com pl\u00e1stico de alta qualidade,,,,,","og_url":"https:\/\/escolhelab.com.br\/en\/concha-de-cereais-em-polipropilen\/","og_site_name":"Loja de produtos para laboratorio","article_modified_time":"2026-04-10T11:19:35+00:00","og_image":[{"width":700,"height":800,"url":"https:\/\/escolhelab.com.br\/wp-content\/uploads\/2026\/04\/concha-de-cereais-em-polipropilen-escolhelab-com-br.png","type":"image\/png"}],"twitter_card":"summary_large_image","twitter_misc":{"Est. reading time":"2 minutes"},"schema":{"@context":"https:\/\/schema.org","@graph":[{"@type":"WebPage","@id":"https:\/\/escolhelab.com.br\/concha-de-cereais-em-polipropilen\/","url":"https:\/\/escolhelab.com.br\/concha-de-cereais-em-polipropilen\/","name":"Concha de Cereais em Polipropilen","isPartOf":{"@id":"https:\/\/escolhelab.com.br\/#website"},"primaryImageOfPage":{"@id":"https:\/\/escolhelab.com.br\/concha-de-cereais-em-polipropilen\/#primaryimage"},"image":{"@id":"https:\/\/escolhelab.com.br\/concha-de-cereais-em-polipropilen\/#primaryimage"},"thumbnailUrl":"https:\/\/escolhelab.com.br\/wp-content\/uploads\/2026\/04\/concha-de-cereais-em-polipropilen-escolhelab-com-br.png","datePublished":"2026-04-10T11:18:12+00:00","dateModified":"2026-04-10T11:19:35+00:00","description":"\u00c9 a ferramenta perfeita para a manipula\u00e7\u00e3o precisa e eficiente de materiais em gr\u00e3os ou p\u00f3 no seu laborat\u00f3rio. Fabricada com pl\u00e1stico de alta qualidade,,,,,","breadcrumb":{"@id":"https:\/\/escolhelab.com.br\/concha-de-cereais-em-polipropilen\/#breadcrumb"},"inLanguage":"en-US","potentialAction":[{"@type":"ReadAction","target":["https:\/\/escolhelab.com.br\/concha-de-cereais-em-polipropilen\/"]}]},{"@type":"ImageObject","inLanguage":"en-US","@id":"https:\/\/escolhelab.com.br\/concha-de-cereais-em-polipropilen\/#primaryimage","url":"https:\/\/escolhelab.com.br\/wp-content\/uploads\/2026\/04\/concha-de-cereais-em-polipropilen-escolhelab-com-br.png","contentUrl":"https:\/\/escolhelab.com.br\/wp-content\/uploads\/2026\/04\/concha-de-cereais-em-polipropilen-escolhelab-com-br.png","width":700,"height":800},{"@type":"BreadcrumbList","@id":"https:\/\/escolhelab.com.br\/concha-de-cereais-em-polipropilen\/#breadcrumb","itemListElement":[{"@type":"ListItem","position":1,"name":"In\u00edcio","item":"https:\/\/escolhelab.com.br\/"},{"@type":"ListItem","position":2,"name":"loja","item":"https:\/\/escolhelab.com.br\/loja\/"},{"@type":"ListItem","position":3,"name":"Concha de Cereais em Polipropilen"}]},{"@type":"WebSite","@id":"https:\/\/escolhelab.com.br\/#website","url":"https:\/\/escolhelab.com.br\/","name":"Loja de produtos para laboratorio","description":"Produtos para Laborat\u00f3rio,Artigos e outros na loja do quimico","publisher":{"@id":"https:\/\/escolhelab.com.br\/#organization"},"alternateName":"escolhelab","potentialAction":[{"@type":"SearchAction","target":{"@type":"EntryPoint","urlTemplate":"https:\/\/escolhelab.com.br\/?s={search_term_string}"},"query-input":{"@type":"PropertyValueSpecification","valueRequired":true,"valueName":"search_term_string"}}],"inLanguage":"en-US"},{"@type":"Organization","@id":"https:\/\/escolhelab.com.br\/#organization","name":"loja escolhelab","alternateName":"escolhelab","url":"https:\/\/escolhelab.com.br\/","logo":{"@type":"ImageObject","inLanguage":"en-US","@id":"https:\/\/escolhelab.com.br\/#\/schema\/logo\/image\/","url":"https:\/\/escolhelab.com.br\/wp-content\/uploads\/2024\/12\/icone-e-512-512escolhelab-com-br-2-800x800.png","contentUrl":"https:\/\/escolhelab.com.br\/wp-content\/uploads\/2024\/12\/icone-e-512-512escolhelab-com-br-2-800x800.png","width":800,"height":800,"caption":"loja escolhelab"},"image":{"@id":"https:\/\/escolhelab.com.br\/#\/schema\/logo\/image\/"}}]}},"tiered_pricing_type":"percentage","tiered_pricing_fixed_rules":[],"tiered_pricing_product_settings":{"layout":"default","base_unit_name":{"singular":null,"plural":null},"default_variation":null},"tiered_pricing_minimum_quantity":null,"tiered_pricing_roles_data":[],"tiered_pricing_percentage_rules":{"3":"2","6":"3","9":"4"},"tiered_pricing_maximum_quantity":null,"tiered_pricing_quantity_step":null,"_links":{"self":[{"href":"https:\/\/escolhelab.com.br\/en\/wp-json\/wp\/v2\/product\/43682","targetHints":{"allow":["GET"]}}],"collection":[{"href":"https:\/\/escolhelab.com.br\/en\/wp-json\/wp\/v2\/product"}],"about":[{"href":"https:\/\/escolhelab.com.br\/en\/wp-json\/wp\/v2\/types\/product"}],"replies":[{"embeddable":true,"href":"https:\/\/escolhelab.com.br\/en\/wp-json\/wp\/v2\/comments?post=43682"}],"version-history":[{"count":0,"href":"https:\/\/escolhelab.com.br\/en\/wp-json\/wp\/v2\/product\/43682\/revisions"}],"wp:featuredmedia":[{"embeddable":true,"href":"https:\/\/escolhelab.com.br\/en\/wp-json\/wp\/v2\/media\/43683"}],"wp:attachment":[{"href":"https:\/\/escolhelab.com.br\/en\/wp-json\/wp\/v2\/media?parent=43682"}],"wp:term":[{"taxonomy":"product_brand","embeddable":true,"href":"https:\/\/escolhelab.com.br\/en\/wp-json\/wp\/v2\/product_brand?post=43682"},{"taxonomy":"product_cat","embeddable":true,"href":"https:\/\/escolhelab.com.br\/en\/wp-json\/wp\/v2\/product_cat?post=43682"},{"taxonomy":"product_tag","embeddable":true,"href":"https:\/\/escolhelab.com.br\/en\/wp-json\/wp\/v2\/product_tag?post=43682"}],"curies":[{"name":"wp","href":"https:\/\/api.w.org\/{rel}","templated":true}]}}