{"id":43685,"date":"2026-04-10T09:26:44","date_gmt":"2026-04-10T12:26:44","guid":{"rendered":"https:\/\/escolhelab.com.br\/?post_type=product&#038;p=43685"},"modified":"2026-04-10T09:35:45","modified_gmt":"2026-04-10T12:35:45","slug":"disco-de-porcelana-para-dessecador","status":"publish","type":"product","link":"https:\/\/escolhelab.com.br\/en\/disco-de-porcelana-para-dessecador\/","title":{"rendered":"Disco de Porcelana Para Dessecador"},"content":{"rendered":"<h2 class=\"product-title\">Disco de Porcelana Para Dessecador\u00a0<\/h2>\n<p>Disco de Porcelana Para Dessecador \u00e9 confeccionado em porcelana, com a parte superior esmaltada, \u00e9 utilizado em redomas de vidro, denominadas dessecadores.<\/p>\n<pre><span style=\"text-decoration: underline;\"><strong>Especifica\u00e7\u00f5es T\u00e9cnicas<\/strong><\/span><\/pre>\n<p>Esses discos possuem normalmente furos de aproximadamente 8 mm de di\u00e2metro, e um furo central de 20 mm que se destina ao apoio de cadinhos. N\u00e3o dever\u00e3o ser utilizados em temperaturas superiores a 120 graus cent\u00edgrados.<br \/>\n\u00a0<\/p>","protected":false},"excerpt":{"rendered":"<p>Disco de Porcelana Para Dessecador \u00e9 confeccionado em porcelana, com a parte superior esmaltada, \u00e9 utilizado em redomas de vidro, denominadas dessecadores.<br \/>\n\u00a0<\/p>","protected":false},"featured_media":43686,"comment_status":"closed","ping_status":"closed","template":"","meta":{"_acf_changed":false,"iawp_total_views":1},"product_brand":[],"product_cat":[732,606],"product_tag":[],"class_list":{"0":"post-43685","1":"product","2":"type-product","3":"status-publish","4":"has-post-thumbnail","6":"product_cat-porcelanas","7":"product_cat-quimico","9":"first","10":"instock","11":"shipping-taxable","12":"purchasable","13":"product-type-variable"},"acf":[],"yoast_head":"<!-- This site is optimized with the Yoast SEO Premium plugin v26.2 (Yoast SEO v27.3) - https:\/\/yoast.com\/product\/yoast-seo-premium-wordpress\/ -->\n<title>Disco de Porcelana Para Dessecador<\/title>\n<meta name=\"description\" content=\"Disco de Porcelana Para Dessecador \u00e9 confeccionado em porcelana, com a parte superior esmaltada, \u00e9 utilizado em redomas de vidro, denominadas dessecadores.\" \/>\n<meta name=\"robots\" content=\"index, follow, max-snippet:-1, max-image-preview:large, max-video-preview:-1\" \/>\n<link rel=\"canonical\" href=\"https:\/\/escolhelab.com.br\/en\/disco-de-porcelana-para-dessecador\/\" \/>\n<meta property=\"og:locale\" content=\"en_US\" \/>\n<meta property=\"og:type\" content=\"article\" \/>\n<meta property=\"og:title\" content=\"Disco de Porcelana Para Dessecador\" \/>\n<meta property=\"og:description\" content=\"Disco de Porcelana Para Dessecador \u00e9 confeccionado em porcelana, com a parte superior esmaltada, \u00e9 utilizado em redomas de vidro, denominadas dessecadores.\" \/>\n<meta property=\"og:url\" content=\"https:\/\/escolhelab.com.br\/en\/disco-de-porcelana-para-dessecador\/\" \/>\n<meta property=\"og:site_name\" content=\"Loja de produtos para laboratorio\" \/>\n<meta property=\"article:modified_time\" content=\"2026-04-10T12:35:45+00:00\" \/>\n<meta property=\"og:image\" content=\"https:\/\/escolhelab.com.br\/wp-content\/uploads\/2026\/04\/disco-de-porcelana-para-dessecador-escolhelab.com_.br_.png\" \/>\n\t<meta property=\"og:image:width\" content=\"700\" \/>\n\t<meta property=\"og:image:height\" content=\"800\" \/>\n\t<meta property=\"og:image:type\" content=\"image\/png\" \/>\n<meta name=\"twitter:card\" content=\"summary_large_image\" \/>\n<meta name=\"twitter:label1\" content=\"Est. reading time\" \/>\n\t<meta name=\"twitter:data1\" content=\"1 minute\" \/>\n<script type=\"application\/ld+json\" class=\"yoast-schema-graph\">{\"@context\":\"https:\\\/\\\/schema.org\",\"@graph\":[{\"@type\":\"WebPage\",\"@id\":\"https:\\\/\\\/escolhelab.com.br\\\/disco-de-porcelana-para-dessecador\\\/\",\"url\":\"https:\\\/\\\/escolhelab.com.br\\\/disco-de-porcelana-para-dessecador\\\/\",\"name\":\"Disco de Porcelana Para Dessecador\",\"isPartOf\":{\"@id\":\"https:\\\/\\\/escolhelab.com.br\\\/#website\"},\"primaryImageOfPage\":{\"@id\":\"https:\\\/\\\/escolhelab.com.br\\\/disco-de-porcelana-para-dessecador\\\/#primaryimage\"},\"image\":{\"@id\":\"https:\\\/\\\/escolhelab.com.br\\\/disco-de-porcelana-para-dessecador\\\/#primaryimage\"},\"thumbnailUrl\":\"https:\\\/\\\/escolhelab.com.br\\\/wp-content\\\/uploads\\\/2026\\\/04\\\/disco-de-porcelana-para-dessecador-escolhelab.com_.br_.png\",\"datePublished\":\"2026-04-10T12:26:44+00:00\",\"dateModified\":\"2026-04-10T12:35:45+00:00\",\"description\":\"Disco de Porcelana Para Dessecador \u00e9 confeccionado em porcelana, com a parte superior esmaltada, \u00e9 utilizado em redomas de vidro, denominadas dessecadores.\",\"breadcrumb\":{\"@id\":\"https:\\\/\\\/escolhelab.com.br\\\/disco-de-porcelana-para-dessecador\\\/#breadcrumb\"},\"inLanguage\":\"en-US\",\"potentialAction\":[{\"@type\":\"ReadAction\",\"target\":[\"https:\\\/\\\/escolhelab.com.br\\\/disco-de-porcelana-para-dessecador\\\/\"]}]},{\"@type\":\"ImageObject\",\"inLanguage\":\"en-US\",\"@id\":\"https:\\\/\\\/escolhelab.com.br\\\/disco-de-porcelana-para-dessecador\\\/#primaryimage\",\"url\":\"https:\\\/\\\/escolhelab.com.br\\\/wp-content\\\/uploads\\\/2026\\\/04\\\/disco-de-porcelana-para-dessecador-escolhelab.com_.br_.png\",\"contentUrl\":\"https:\\\/\\\/escolhelab.com.br\\\/wp-content\\\/uploads\\\/2026\\\/04\\\/disco-de-porcelana-para-dessecador-escolhelab.com_.br_.png\",\"width\":700,\"height\":800},{\"@type\":\"BreadcrumbList\",\"@id\":\"https:\\\/\\\/escolhelab.com.br\\\/disco-de-porcelana-para-dessecador\\\/#breadcrumb\",\"itemListElement\":[{\"@type\":\"ListItem\",\"position\":1,\"name\":\"In\u00edcio\",\"item\":\"https:\\\/\\\/escolhelab.com.br\\\/\"},{\"@type\":\"ListItem\",\"position\":2,\"name\":\"loja\",\"item\":\"https:\\\/\\\/escolhelab.com.br\\\/loja\\\/\"},{\"@type\":\"ListItem\",\"position\":3,\"name\":\"Disco de Porcelana Para Dessecador\"}]},{\"@type\":\"WebSite\",\"@id\":\"https:\\\/\\\/escolhelab.com.br\\\/#website\",\"url\":\"https:\\\/\\\/escolhelab.com.br\\\/\",\"name\":\"Loja de produtos para laboratorio\",\"description\":\"Produtos para Laborat\u00f3rio,Artigos e outros na loja do quimico\",\"publisher\":{\"@id\":\"https:\\\/\\\/escolhelab.com.br\\\/#organization\"},\"alternateName\":\"escolhelab\",\"potentialAction\":[{\"@type\":\"SearchAction\",\"target\":{\"@type\":\"EntryPoint\",\"urlTemplate\":\"https:\\\/\\\/escolhelab.com.br\\\/?s={search_term_string}\"},\"query-input\":{\"@type\":\"PropertyValueSpecification\",\"valueRequired\":true,\"valueName\":\"search_term_string\"}}],\"inLanguage\":\"en-US\"},{\"@type\":\"Organization\",\"@id\":\"https:\\\/\\\/escolhelab.com.br\\\/#organization\",\"name\":\"loja escolhelab\",\"alternateName\":\"escolhelab\",\"url\":\"https:\\\/\\\/escolhelab.com.br\\\/\",\"logo\":{\"@type\":\"ImageObject\",\"inLanguage\":\"en-US\",\"@id\":\"https:\\\/\\\/escolhelab.com.br\\\/#\\\/schema\\\/logo\\\/image\\\/\",\"url\":\"https:\\\/\\\/escolhelab.com.br\\\/wp-content\\\/uploads\\\/2024\\\/12\\\/icone-e-512-512escolhelab-com-br-2-800x800.png\",\"contentUrl\":\"https:\\\/\\\/escolhelab.com.br\\\/wp-content\\\/uploads\\\/2024\\\/12\\\/icone-e-512-512escolhelab-com-br-2-800x800.png\",\"width\":800,\"height\":800,\"caption\":\"loja escolhelab\"},\"image\":{\"@id\":\"https:\\\/\\\/escolhelab.com.br\\\/#\\\/schema\\\/logo\\\/image\\\/\"}}]}<\/script>\n<!-- \/ Yoast SEO Premium plugin. -->","yoast_head_json":{"title":"Disco de Porcelana Para Dessecador","description":"Disco de Porcelana Para Dessecador \u00e9 confeccionado em porcelana, com a parte superior esmaltada, \u00e9 utilizado em redomas de vidro, denominadas dessecadores.","robots":{"index":"index","follow":"follow","max-snippet":"max-snippet:-1","max-image-preview":"max-image-preview:large","max-video-preview":"max-video-preview:-1"},"canonical":"https:\/\/escolhelab.com.br\/en\/disco-de-porcelana-para-dessecador\/","og_locale":"en_US","og_type":"article","og_title":"Disco de Porcelana Para Dessecador","og_description":"Disco de Porcelana Para Dessecador \u00e9 confeccionado em porcelana, com a parte superior esmaltada, \u00e9 utilizado em redomas de vidro, denominadas dessecadores.","og_url":"https:\/\/escolhelab.com.br\/en\/disco-de-porcelana-para-dessecador\/","og_site_name":"Loja de produtos para laboratorio","article_modified_time":"2026-04-10T12:35:45+00:00","og_image":[{"width":700,"height":800,"url":"https:\/\/escolhelab.com.br\/wp-content\/uploads\/2026\/04\/disco-de-porcelana-para-dessecador-escolhelab.com_.br_.png","type":"image\/png"}],"twitter_card":"summary_large_image","twitter_misc":{"Est. reading time":"1 minute"},"schema":{"@context":"https:\/\/schema.org","@graph":[{"@type":"WebPage","@id":"https:\/\/escolhelab.com.br\/disco-de-porcelana-para-dessecador\/","url":"https:\/\/escolhelab.com.br\/disco-de-porcelana-para-dessecador\/","name":"Disco de Porcelana Para Dessecador","isPartOf":{"@id":"https:\/\/escolhelab.com.br\/#website"},"primaryImageOfPage":{"@id":"https:\/\/escolhelab.com.br\/disco-de-porcelana-para-dessecador\/#primaryimage"},"image":{"@id":"https:\/\/escolhelab.com.br\/disco-de-porcelana-para-dessecador\/#primaryimage"},"thumbnailUrl":"https:\/\/escolhelab.com.br\/wp-content\/uploads\/2026\/04\/disco-de-porcelana-para-dessecador-escolhelab.com_.br_.png","datePublished":"2026-04-10T12:26:44+00:00","dateModified":"2026-04-10T12:35:45+00:00","description":"Disco de Porcelana Para Dessecador \u00e9 confeccionado em porcelana, com a parte superior esmaltada, \u00e9 utilizado em redomas de vidro, denominadas dessecadores.","breadcrumb":{"@id":"https:\/\/escolhelab.com.br\/disco-de-porcelana-para-dessecador\/#breadcrumb"},"inLanguage":"en-US","potentialAction":[{"@type":"ReadAction","target":["https:\/\/escolhelab.com.br\/disco-de-porcelana-para-dessecador\/"]}]},{"@type":"ImageObject","inLanguage":"en-US","@id":"https:\/\/escolhelab.com.br\/disco-de-porcelana-para-dessecador\/#primaryimage","url":"https:\/\/escolhelab.com.br\/wp-content\/uploads\/2026\/04\/disco-de-porcelana-para-dessecador-escolhelab.com_.br_.png","contentUrl":"https:\/\/escolhelab.com.br\/wp-content\/uploads\/2026\/04\/disco-de-porcelana-para-dessecador-escolhelab.com_.br_.png","width":700,"height":800},{"@type":"BreadcrumbList","@id":"https:\/\/escolhelab.com.br\/disco-de-porcelana-para-dessecador\/#breadcrumb","itemListElement":[{"@type":"ListItem","position":1,"name":"In\u00edcio","item":"https:\/\/escolhelab.com.br\/"},{"@type":"ListItem","position":2,"name":"loja","item":"https:\/\/escolhelab.com.br\/loja\/"},{"@type":"ListItem","position":3,"name":"Disco de Porcelana Para Dessecador"}]},{"@type":"WebSite","@id":"https:\/\/escolhelab.com.br\/#website","url":"https:\/\/escolhelab.com.br\/","name":"Loja de produtos para laboratorio","description":"Produtos para Laborat\u00f3rio,Artigos e outros na loja do quimico","publisher":{"@id":"https:\/\/escolhelab.com.br\/#organization"},"alternateName":"escolhelab","potentialAction":[{"@type":"SearchAction","target":{"@type":"EntryPoint","urlTemplate":"https:\/\/escolhelab.com.br\/?s={search_term_string}"},"query-input":{"@type":"PropertyValueSpecification","valueRequired":true,"valueName":"search_term_string"}}],"inLanguage":"en-US"},{"@type":"Organization","@id":"https:\/\/escolhelab.com.br\/#organization","name":"loja escolhelab","alternateName":"escolhelab","url":"https:\/\/escolhelab.com.br\/","logo":{"@type":"ImageObject","inLanguage":"en-US","@id":"https:\/\/escolhelab.com.br\/#\/schema\/logo\/image\/","url":"https:\/\/escolhelab.com.br\/wp-content\/uploads\/2024\/12\/icone-e-512-512escolhelab-com-br-2-800x800.png","contentUrl":"https:\/\/escolhelab.com.br\/wp-content\/uploads\/2024\/12\/icone-e-512-512escolhelab-com-br-2-800x800.png","width":800,"height":800,"caption":"loja escolhelab"},"image":{"@id":"https:\/\/escolhelab.com.br\/#\/schema\/logo\/image\/"}}]}},"tiered_pricing_type":"fixed","tiered_pricing_fixed_rules":[],"tiered_pricing_product_settings":{"layout":"default","base_unit_name":{"singular":null,"plural":null},"default_variation":null},"tiered_pricing_minimum_quantity":null,"tiered_pricing_roles_data":[],"tiered_pricing_percentage_rules":[],"tiered_pricing_maximum_quantity":null,"tiered_pricing_quantity_step":null,"_links":{"self":[{"href":"https:\/\/escolhelab.com.br\/en\/wp-json\/wp\/v2\/product\/43685","targetHints":{"allow":["GET"]}}],"collection":[{"href":"https:\/\/escolhelab.com.br\/en\/wp-json\/wp\/v2\/product"}],"about":[{"href":"https:\/\/escolhelab.com.br\/en\/wp-json\/wp\/v2\/types\/product"}],"replies":[{"embeddable":true,"href":"https:\/\/escolhelab.com.br\/en\/wp-json\/wp\/v2\/comments?post=43685"}],"version-history":[{"count":0,"href":"https:\/\/escolhelab.com.br\/en\/wp-json\/wp\/v2\/product\/43685\/revisions"}],"wp:featuredmedia":[{"embeddable":true,"href":"https:\/\/escolhelab.com.br\/en\/wp-json\/wp\/v2\/media\/43686"}],"wp:attachment":[{"href":"https:\/\/escolhelab.com.br\/en\/wp-json\/wp\/v2\/media?parent=43685"}],"wp:term":[{"taxonomy":"product_brand","embeddable":true,"href":"https:\/\/escolhelab.com.br\/en\/wp-json\/wp\/v2\/product_brand?post=43685"},{"taxonomy":"product_cat","embeddable":true,"href":"https:\/\/escolhelab.com.br\/en\/wp-json\/wp\/v2\/product_cat?post=43685"},{"taxonomy":"product_tag","embeddable":true,"href":"https:\/\/escolhelab.com.br\/en\/wp-json\/wp\/v2\/product_tag?post=43685"}],"curies":[{"name":"wp","href":"https:\/\/api.w.org\/{rel}","templated":true}]}}