{"id":43694,"date":"2026-04-10T11:38:27","date_gmt":"2026-04-10T14:38:27","guid":{"rendered":"https:\/\/escolhelab.com.br\/?post_type=product&#038;p=43694"},"modified":"2026-04-14T09:44:06","modified_gmt":"2026-04-14T12:44:06","slug":"espatula-com-colher-de-plastico-polipropileno","status":"publish","type":"product","link":"https:\/\/escolhelab.com.br\/en\/espatula-com-colher-de-plastico-polipropileno\/","title":{"rendered":"Esp\u00e1tula Com Colher De Pl\u00e1stico Polipropileno"},"content":{"rendered":"<h2 class=\"product-title\">Esp\u00e1tula Com Colher De Pl\u00e1stico Polipropileno<\/h2>\n<p>\u00c9 uma ferramenta \u00fatil para uso em laborat\u00f3rios de qu\u00edmica e em experi\u00eancias educacionais. Suas principais caracter\u00edsticas incluem:\u00a0\u00a0<\/p>\n<ul>\n<li>Constru\u00e7\u00e3o em pl\u00e1stico polipropileno at\u00f3xico, garantindo seguran\u00e7a na manipula\u00e7\u00e3o de subst\u00e2ncias qu\u00edmicas;<\/li>\n<li>Esp\u00e1tula com colher, permitindo a utiliza\u00e7\u00e3o de ambos os lados da ferramenta;<\/li>\n<li>Comprimento total de 150mm, proporcionando boa ergonomia para o usu\u00e1rio;<\/li>\n<li>Leve e f\u00e1cil de limpar, facilitando sua manuten\u00e7\u00e3o e higieniza\u00e7\u00e3<\/li>\n<\/ul>","protected":false},"excerpt":{"rendered":"<p>\u00c9 uma ferramenta \u00fatil para uso em laborat\u00f3rios de qu\u00edmica e em experi\u00eancias educacionais. Suas principais caracter\u00edsticas incluem:\u00a0\u00a0<\/p>","protected":false},"featured_media":43695,"comment_status":"closed","ping_status":"closed","template":"","meta":{"_acf_changed":false,"iawp_total_views":1},"product_brand":[],"product_cat":[730,606],"product_tag":[],"class_list":{"0":"post-43694","1":"product","2":"type-product","3":"status-publish","4":"has-post-thumbnail","6":"product_cat-plastico-e-borrachas","7":"product_cat-quimico","9":"first","10":"instock","11":"shipping-taxable","12":"purchasable","13":"product-type-simple"},"acf":[],"yoast_head":"<!-- This site is optimized with the Yoast SEO plugin v27.4 - https:\/\/yoast.com\/product\/yoast-seo-wordpress\/ -->\n<title>Esp\u00e1tula Com Colher De Pl\u00e1stico Polipropileno<\/title>\n<meta name=\"description\" content=\"\u00c9 uma ferramenta \u00fatil para uso em laborat\u00f3rios de qu\u00edmica e em experi\u00eancias educacionais. Suas principais caracter\u00edsticas incluem:\u00a0\u00a0\" \/>\n<meta name=\"robots\" content=\"index, follow, max-snippet:-1, max-image-preview:large, max-video-preview:-1\" \/>\n<link rel=\"canonical\" href=\"https:\/\/escolhelab.com.br\/en\/espatula-com-colher-de-plastico-polipropileno\/\" \/>\n<meta property=\"og:locale\" content=\"en_US\" \/>\n<meta property=\"og:type\" content=\"article\" \/>\n<meta property=\"og:title\" content=\"Esp\u00e1tula Com Colher De Pl\u00e1stico Polipropileno\" \/>\n<meta property=\"og:description\" content=\"\u00c9 uma ferramenta \u00fatil para uso em laborat\u00f3rios de qu\u00edmica e em experi\u00eancias educacionais. Suas principais caracter\u00edsticas incluem:\u00a0\u00a0\" \/>\n<meta property=\"og:url\" content=\"https:\/\/escolhelab.com.br\/en\/espatula-com-colher-de-plastico-polipropileno\/\" \/>\n<meta property=\"og:site_name\" content=\"Loja de produtos para laboratorio\" \/>\n<meta property=\"article:modified_time\" content=\"2026-04-14T12:44:06+00:00\" \/>\n<meta property=\"og:image\" content=\"https:\/\/escolhelab.com.br\/wp-content\/uploads\/2026\/04\/espatula-com-colher-de-plastico-polipropileno-escolhelab-com-br-1.jpg\" \/>\n\t<meta property=\"og:image:width\" content=\"700\" \/>\n\t<meta property=\"og:image:height\" content=\"800\" \/>\n\t<meta property=\"og:image:type\" content=\"image\/jpeg\" \/>\n<meta name=\"twitter:card\" content=\"summary_large_image\" \/>\n<meta name=\"twitter:label1\" content=\"Est. reading time\" \/>\n\t<meta name=\"twitter:data1\" content=\"1 minute\" \/>\n<script type=\"application\/ld+json\" class=\"yoast-schema-graph\">{\"@context\":\"https:\\\/\\\/schema.org\",\"@graph\":[{\"@type\":\"WebPage\",\"@id\":\"https:\\\/\\\/escolhelab.com.br\\\/espatula-com-colher-de-plastico-polipropileno\\\/\",\"url\":\"https:\\\/\\\/escolhelab.com.br\\\/espatula-com-colher-de-plastico-polipropileno\\\/\",\"name\":\"Esp\u00e1tula Com Colher De Pl\u00e1stico Polipropileno\",\"isPartOf\":{\"@id\":\"https:\\\/\\\/escolhelab.com.br\\\/#website\"},\"primaryImageOfPage\":{\"@id\":\"https:\\\/\\\/escolhelab.com.br\\\/espatula-com-colher-de-plastico-polipropileno\\\/#primaryimage\"},\"image\":{\"@id\":\"https:\\\/\\\/escolhelab.com.br\\\/espatula-com-colher-de-plastico-polipropileno\\\/#primaryimage\"},\"thumbnailUrl\":\"https:\\\/\\\/escolhelab.com.br\\\/wp-content\\\/uploads\\\/2026\\\/04\\\/espatula-com-colher-de-plastico-polipropileno-escolhelab-com-br-1.jpg\",\"datePublished\":\"2026-04-10T14:38:27+00:00\",\"dateModified\":\"2026-04-14T12:44:06+00:00\",\"description\":\"\u00c9 uma ferramenta \u00fatil para uso em laborat\u00f3rios de qu\u00edmica e em experi\u00eancias educacionais. Suas principais caracter\u00edsticas incluem:\u00a0\u00a0\",\"breadcrumb\":{\"@id\":\"https:\\\/\\\/escolhelab.com.br\\\/espatula-com-colher-de-plastico-polipropileno\\\/#breadcrumb\"},\"inLanguage\":\"en-US\",\"potentialAction\":[{\"@type\":\"ReadAction\",\"target\":[\"https:\\\/\\\/escolhelab.com.br\\\/espatula-com-colher-de-plastico-polipropileno\\\/\"]}]},{\"@type\":\"ImageObject\",\"inLanguage\":\"en-US\",\"@id\":\"https:\\\/\\\/escolhelab.com.br\\\/espatula-com-colher-de-plastico-polipropileno\\\/#primaryimage\",\"url\":\"https:\\\/\\\/escolhelab.com.br\\\/wp-content\\\/uploads\\\/2026\\\/04\\\/espatula-com-colher-de-plastico-polipropileno-escolhelab-com-br-1.jpg\",\"contentUrl\":\"https:\\\/\\\/escolhelab.com.br\\\/wp-content\\\/uploads\\\/2026\\\/04\\\/espatula-com-colher-de-plastico-polipropileno-escolhelab-com-br-1.jpg\",\"width\":700,\"height\":800},{\"@type\":\"BreadcrumbList\",\"@id\":\"https:\\\/\\\/escolhelab.com.br\\\/espatula-com-colher-de-plastico-polipropileno\\\/#breadcrumb\",\"itemListElement\":[{\"@type\":\"ListItem\",\"position\":1,\"name\":\"In\u00edcio\",\"item\":\"https:\\\/\\\/escolhelab.com.br\\\/\"},{\"@type\":\"ListItem\",\"position\":2,\"name\":\"loja\",\"item\":\"https:\\\/\\\/escolhelab.com.br\\\/loja\\\/\"},{\"@type\":\"ListItem\",\"position\":3,\"name\":\"Esp\u00e1tula Com Colher De Pl\u00e1stico Polipropileno\"}]},{\"@type\":\"WebSite\",\"@id\":\"https:\\\/\\\/escolhelab.com.br\\\/#website\",\"url\":\"https:\\\/\\\/escolhelab.com.br\\\/\",\"name\":\"Loja de produtos para laboratorio\",\"description\":\"Produtos para Laborat\u00f3rio,Artigos e outros na loja do quimico\",\"publisher\":{\"@id\":\"https:\\\/\\\/escolhelab.com.br\\\/#organization\"},\"alternateName\":\"escolhelab\",\"potentialAction\":[{\"@type\":\"SearchAction\",\"target\":{\"@type\":\"EntryPoint\",\"urlTemplate\":\"https:\\\/\\\/escolhelab.com.br\\\/?s={search_term_string}\"},\"query-input\":{\"@type\":\"PropertyValueSpecification\",\"valueRequired\":true,\"valueName\":\"search_term_string\"}}],\"inLanguage\":\"en-US\"},{\"@type\":\"Organization\",\"@id\":\"https:\\\/\\\/escolhelab.com.br\\\/#organization\",\"name\":\"loja escolhelab\",\"alternateName\":\"escolhelab\",\"url\":\"https:\\\/\\\/escolhelab.com.br\\\/\",\"logo\":{\"@type\":\"ImageObject\",\"inLanguage\":\"en-US\",\"@id\":\"https:\\\/\\\/escolhelab.com.br\\\/#\\\/schema\\\/logo\\\/image\\\/\",\"url\":\"https:\\\/\\\/escolhelab.com.br\\\/wp-content\\\/uploads\\\/2024\\\/12\\\/icone-e-512-512escolhelab-com-br-2-800x800.png\",\"contentUrl\":\"https:\\\/\\\/escolhelab.com.br\\\/wp-content\\\/uploads\\\/2024\\\/12\\\/icone-e-512-512escolhelab-com-br-2-800x800.png\",\"width\":800,\"height\":800,\"caption\":\"loja escolhelab\"},\"image\":{\"@id\":\"https:\\\/\\\/escolhelab.com.br\\\/#\\\/schema\\\/logo\\\/image\\\/\"}}]}<\/script>\n<!-- \/ Yoast SEO plugin. -->","yoast_head_json":{"title":"Esp\u00e1tula Com Colher De Pl\u00e1stico Polipropileno","description":"\u00c9 uma ferramenta \u00fatil para uso em laborat\u00f3rios de qu\u00edmica e em experi\u00eancias educacionais. Suas principais caracter\u00edsticas incluem:\u00a0\u00a0","robots":{"index":"index","follow":"follow","max-snippet":"max-snippet:-1","max-image-preview":"max-image-preview:large","max-video-preview":"max-video-preview:-1"},"canonical":"https:\/\/escolhelab.com.br\/en\/espatula-com-colher-de-plastico-polipropileno\/","og_locale":"en_US","og_type":"article","og_title":"Esp\u00e1tula Com Colher De Pl\u00e1stico Polipropileno","og_description":"\u00c9 uma ferramenta \u00fatil para uso em laborat\u00f3rios de qu\u00edmica e em experi\u00eancias educacionais. Suas principais caracter\u00edsticas incluem:\u00a0\u00a0","og_url":"https:\/\/escolhelab.com.br\/en\/espatula-com-colher-de-plastico-polipropileno\/","og_site_name":"Loja de produtos para laboratorio","article_modified_time":"2026-04-14T12:44:06+00:00","og_image":[{"width":700,"height":800,"url":"https:\/\/escolhelab.com.br\/wp-content\/uploads\/2026\/04\/espatula-com-colher-de-plastico-polipropileno-escolhelab-com-br-1.jpg","type":"image\/jpeg"}],"twitter_card":"summary_large_image","twitter_misc":{"Est. reading time":"1 minute"},"schema":{"@context":"https:\/\/schema.org","@graph":[{"@type":"WebPage","@id":"https:\/\/escolhelab.com.br\/espatula-com-colher-de-plastico-polipropileno\/","url":"https:\/\/escolhelab.com.br\/espatula-com-colher-de-plastico-polipropileno\/","name":"Esp\u00e1tula Com Colher De Pl\u00e1stico Polipropileno","isPartOf":{"@id":"https:\/\/escolhelab.com.br\/#website"},"primaryImageOfPage":{"@id":"https:\/\/escolhelab.com.br\/espatula-com-colher-de-plastico-polipropileno\/#primaryimage"},"image":{"@id":"https:\/\/escolhelab.com.br\/espatula-com-colher-de-plastico-polipropileno\/#primaryimage"},"thumbnailUrl":"https:\/\/escolhelab.com.br\/wp-content\/uploads\/2026\/04\/espatula-com-colher-de-plastico-polipropileno-escolhelab-com-br-1.jpg","datePublished":"2026-04-10T14:38:27+00:00","dateModified":"2026-04-14T12:44:06+00:00","description":"\u00c9 uma ferramenta \u00fatil para uso em laborat\u00f3rios de qu\u00edmica e em experi\u00eancias educacionais. Suas principais caracter\u00edsticas incluem:\u00a0\u00a0","breadcrumb":{"@id":"https:\/\/escolhelab.com.br\/espatula-com-colher-de-plastico-polipropileno\/#breadcrumb"},"inLanguage":"en-US","potentialAction":[{"@type":"ReadAction","target":["https:\/\/escolhelab.com.br\/espatula-com-colher-de-plastico-polipropileno\/"]}]},{"@type":"ImageObject","inLanguage":"en-US","@id":"https:\/\/escolhelab.com.br\/espatula-com-colher-de-plastico-polipropileno\/#primaryimage","url":"https:\/\/escolhelab.com.br\/wp-content\/uploads\/2026\/04\/espatula-com-colher-de-plastico-polipropileno-escolhelab-com-br-1.jpg","contentUrl":"https:\/\/escolhelab.com.br\/wp-content\/uploads\/2026\/04\/espatula-com-colher-de-plastico-polipropileno-escolhelab-com-br-1.jpg","width":700,"height":800},{"@type":"BreadcrumbList","@id":"https:\/\/escolhelab.com.br\/espatula-com-colher-de-plastico-polipropileno\/#breadcrumb","itemListElement":[{"@type":"ListItem","position":1,"name":"In\u00edcio","item":"https:\/\/escolhelab.com.br\/"},{"@type":"ListItem","position":2,"name":"loja","item":"https:\/\/escolhelab.com.br\/loja\/"},{"@type":"ListItem","position":3,"name":"Esp\u00e1tula Com Colher De Pl\u00e1stico Polipropileno"}]},{"@type":"WebSite","@id":"https:\/\/escolhelab.com.br\/#website","url":"https:\/\/escolhelab.com.br\/","name":"Loja de produtos para laboratorio","description":"Produtos para Laborat\u00f3rio,Artigos e outros na loja do quimico","publisher":{"@id":"https:\/\/escolhelab.com.br\/#organization"},"alternateName":"escolhelab","potentialAction":[{"@type":"SearchAction","target":{"@type":"EntryPoint","urlTemplate":"https:\/\/escolhelab.com.br\/?s={search_term_string}"},"query-input":{"@type":"PropertyValueSpecification","valueRequired":true,"valueName":"search_term_string"}}],"inLanguage":"en-US"},{"@type":"Organization","@id":"https:\/\/escolhelab.com.br\/#organization","name":"loja escolhelab","alternateName":"escolhelab","url":"https:\/\/escolhelab.com.br\/","logo":{"@type":"ImageObject","inLanguage":"en-US","@id":"https:\/\/escolhelab.com.br\/#\/schema\/logo\/image\/","url":"https:\/\/escolhelab.com.br\/wp-content\/uploads\/2024\/12\/icone-e-512-512escolhelab-com-br-2-800x800.png","contentUrl":"https:\/\/escolhelab.com.br\/wp-content\/uploads\/2024\/12\/icone-e-512-512escolhelab-com-br-2-800x800.png","width":800,"height":800,"caption":"loja escolhelab"},"image":{"@id":"https:\/\/escolhelab.com.br\/#\/schema\/logo\/image\/"}}]}},"tiered_pricing_type":"percentage","tiered_pricing_fixed_rules":[],"tiered_pricing_product_settings":{"layout":"default","base_unit_name":{"singular":null,"plural":null},"default_variation":null},"tiered_pricing_minimum_quantity":null,"tiered_pricing_roles_data":[],"tiered_pricing_percentage_rules":{"3":"2","6":"3","9":"4"},"tiered_pricing_maximum_quantity":null,"tiered_pricing_quantity_step":null,"_links":{"self":[{"href":"https:\/\/escolhelab.com.br\/en\/wp-json\/wp\/v2\/product\/43694","targetHints":{"allow":["GET"]}}],"collection":[{"href":"https:\/\/escolhelab.com.br\/en\/wp-json\/wp\/v2\/product"}],"about":[{"href":"https:\/\/escolhelab.com.br\/en\/wp-json\/wp\/v2\/types\/product"}],"replies":[{"embeddable":true,"href":"https:\/\/escolhelab.com.br\/en\/wp-json\/wp\/v2\/comments?post=43694"}],"version-history":[{"count":0,"href":"https:\/\/escolhelab.com.br\/en\/wp-json\/wp\/v2\/product\/43694\/revisions"}],"wp:featuredmedia":[{"embeddable":true,"href":"https:\/\/escolhelab.com.br\/en\/wp-json\/wp\/v2\/media\/43695"}],"wp:attachment":[{"href":"https:\/\/escolhelab.com.br\/en\/wp-json\/wp\/v2\/media?parent=43694"}],"wp:term":[{"taxonomy":"product_brand","embeddable":true,"href":"https:\/\/escolhelab.com.br\/en\/wp-json\/wp\/v2\/product_brand?post=43694"},{"taxonomy":"product_cat","embeddable":true,"href":"https:\/\/escolhelab.com.br\/en\/wp-json\/wp\/v2\/product_cat?post=43694"},{"taxonomy":"product_tag","embeddable":true,"href":"https:\/\/escolhelab.com.br\/en\/wp-json\/wp\/v2\/product_tag?post=43694"}],"curies":[{"name":"wp","href":"https:\/\/api.w.org\/{rel}","templated":true}]}}