{"id":43727,"date":"2026-04-10T17:16:12","date_gmt":"2026-04-10T20:16:12","guid":{"rendered":"https:\/\/escolhelab.com.br\/?post_type=product&#038;p=43727"},"modified":"2026-04-10T18:00:37","modified_gmt":"2026-04-10T21:00:37","slug":"espatula-em-inox-com-cabo-de-pp","status":"publish","type":"product","link":"https:\/\/escolhelab.com.br\/en\/espatula-em-inox-com-cabo-de-pp\/","title":{"rendered":"Esp\u00e1tula em inox com cabo de PP"},"content":{"rendered":"<h2>Esp\u00e1tula em inox com cabo de PP<\/h2>\n<p>\u00c9 um instrumento essencial para trabalhos em laborat\u00f3rios qu\u00edmicos e em experi\u00eancias escolares. Suas principais caracter\u00edsticas incluem:\u00a0\u00a0<\/p>\n<ul>\n<li>Fabricada em a\u00e7o inox de alta qualidade, resistente \u00e0 corros\u00e3o e dur\u00e1vel;<\/li>\n<li>Cabo em polipropileno, garantindo maior conforto e seguran\u00e7a durante o manuseio;<\/li>\n<li>Ponta redonda ou quadrada , ideal para realizar misturas e transfer\u00eancias de pequenas quantidades de subst\u00e2ncias;;<\/li>\n<li>Largura da esp\u00e1tula de 3,2cm, proporcionando praticidade na utiliza\u00e7\u00e3o;<\/li>\n<\/ul>\n<p>&nbsp;<\/p>\n<p>&nbsp;<\/p>","protected":false},"excerpt":{"rendered":"<p>\u00c9 um instrumento essencial para trabalhos em laborat\u00f3rios qu\u00edmicos e em experi\u00eancias escolares. Suas principais caracter\u00edsticas inclue<\/p>","protected":false},"featured_media":43729,"comment_status":"closed","ping_status":"closed","template":"","meta":{"_acf_changed":false,"iawp_total_views":4},"product_brand":[],"product_cat":[725,729,606],"product_tag":[],"class_list":{"0":"post-43727","1":"product","2":"type-product","3":"status-publish","4":"has-post-thumbnail","6":"product_cat-acessorios-e-consumiveis","7":"product_cat-inox-e-ferragens","8":"product_cat-quimico","10":"first","11":"instock","12":"shipping-taxable","13":"purchasable","14":"product-type-variable"},"acf":[],"yoast_head":"<!-- This site is optimized with the Yoast SEO Premium plugin v26.2 (Yoast SEO v27.3) - https:\/\/yoast.com\/product\/yoast-seo-premium-wordpress\/ -->\n<title>Esp\u00e1tula em inox com cabo de PP<\/title>\n<meta name=\"description\" content=\"\u00c9 um instrumento essencial para trabalhos em laborat\u00f3rios qu\u00edmicos e em experi\u00eancias escolares. Suas principais caracter\u00edsticas inclue\" \/>\n<meta name=\"robots\" content=\"index, follow, max-snippet:-1, max-image-preview:large, max-video-preview:-1\" \/>\n<link rel=\"canonical\" href=\"https:\/\/escolhelab.com.br\/en\/espatula-em-inox-com-cabo-de-pp\/\" \/>\n<meta property=\"og:locale\" content=\"en_US\" \/>\n<meta property=\"og:type\" content=\"article\" \/>\n<meta property=\"og:title\" content=\"Esp\u00e1tula em inox com cabo de PP\" \/>\n<meta property=\"og:description\" content=\"\u00c9 um instrumento essencial para trabalhos em laborat\u00f3rios qu\u00edmicos e em experi\u00eancias escolares. Suas principais caracter\u00edsticas inclue\" \/>\n<meta property=\"og:url\" content=\"https:\/\/escolhelab.com.br\/en\/espatula-em-inox-com-cabo-de-pp\/\" \/>\n<meta property=\"og:site_name\" content=\"Loja de produtos para laboratorio\" \/>\n<meta property=\"article:modified_time\" content=\"2026-04-10T21:00:37+00:00\" \/>\n<meta property=\"og:image\" content=\"https:\/\/escolhelab.com.br\/wp-content\/uploads\/2026\/04\/espatula-em-inox-com-cabo-de-pp-escolhelab-com-br.png\" \/>\n\t<meta property=\"og:image:width\" content=\"700\" \/>\n\t<meta property=\"og:image:height\" content=\"800\" \/>\n\t<meta property=\"og:image:type\" content=\"image\/png\" \/>\n<meta name=\"twitter:card\" content=\"summary_large_image\" \/>\n<meta name=\"twitter:label1\" content=\"Est. reading time\" \/>\n\t<meta name=\"twitter:data1\" content=\"1 minute\" \/>\n<script type=\"application\/ld+json\" class=\"yoast-schema-graph\">{\"@context\":\"https:\\\/\\\/schema.org\",\"@graph\":[{\"@type\":\"WebPage\",\"@id\":\"https:\\\/\\\/escolhelab.com.br\\\/espatula-em-inox-com-cabo-de-pp\\\/\",\"url\":\"https:\\\/\\\/escolhelab.com.br\\\/espatula-em-inox-com-cabo-de-pp\\\/\",\"name\":\"Esp\u00e1tula em inox com cabo de PP\",\"isPartOf\":{\"@id\":\"https:\\\/\\\/escolhelab.com.br\\\/#website\"},\"primaryImageOfPage\":{\"@id\":\"https:\\\/\\\/escolhelab.com.br\\\/espatula-em-inox-com-cabo-de-pp\\\/#primaryimage\"},\"image\":{\"@id\":\"https:\\\/\\\/escolhelab.com.br\\\/espatula-em-inox-com-cabo-de-pp\\\/#primaryimage\"},\"thumbnailUrl\":\"https:\\\/\\\/escolhelab.com.br\\\/wp-content\\\/uploads\\\/2026\\\/04\\\/espatula-em-inox-com-cabo-de-pp-escolhelab-com-br.png\",\"datePublished\":\"2026-04-10T20:16:12+00:00\",\"dateModified\":\"2026-04-10T21:00:37+00:00\",\"description\":\"\u00c9 um instrumento essencial para trabalhos em laborat\u00f3rios qu\u00edmicos e em experi\u00eancias escolares. Suas principais caracter\u00edsticas inclue\",\"breadcrumb\":{\"@id\":\"https:\\\/\\\/escolhelab.com.br\\\/espatula-em-inox-com-cabo-de-pp\\\/#breadcrumb\"},\"inLanguage\":\"en-US\",\"potentialAction\":[{\"@type\":\"ReadAction\",\"target\":[\"https:\\\/\\\/escolhelab.com.br\\\/espatula-em-inox-com-cabo-de-pp\\\/\"]}]},{\"@type\":\"ImageObject\",\"inLanguage\":\"en-US\",\"@id\":\"https:\\\/\\\/escolhelab.com.br\\\/espatula-em-inox-com-cabo-de-pp\\\/#primaryimage\",\"url\":\"https:\\\/\\\/escolhelab.com.br\\\/wp-content\\\/uploads\\\/2026\\\/04\\\/espatula-em-inox-com-cabo-de-pp-escolhelab-com-br.png\",\"contentUrl\":\"https:\\\/\\\/escolhelab.com.br\\\/wp-content\\\/uploads\\\/2026\\\/04\\\/espatula-em-inox-com-cabo-de-pp-escolhelab-com-br.png\",\"width\":700,\"height\":800},{\"@type\":\"BreadcrumbList\",\"@id\":\"https:\\\/\\\/escolhelab.com.br\\\/espatula-em-inox-com-cabo-de-pp\\\/#breadcrumb\",\"itemListElement\":[{\"@type\":\"ListItem\",\"position\":1,\"name\":\"In\u00edcio\",\"item\":\"https:\\\/\\\/escolhelab.com.br\\\/\"},{\"@type\":\"ListItem\",\"position\":2,\"name\":\"loja\",\"item\":\"https:\\\/\\\/escolhelab.com.br\\\/loja\\\/\"},{\"@type\":\"ListItem\",\"position\":3,\"name\":\"Esp\u00e1tula em inox com cabo de PP\"}]},{\"@type\":\"WebSite\",\"@id\":\"https:\\\/\\\/escolhelab.com.br\\\/#website\",\"url\":\"https:\\\/\\\/escolhelab.com.br\\\/\",\"name\":\"Loja de produtos para laboratorio\",\"description\":\"Produtos para Laborat\u00f3rio,Artigos e outros na loja do quimico\",\"publisher\":{\"@id\":\"https:\\\/\\\/escolhelab.com.br\\\/#organization\"},\"alternateName\":\"escolhelab\",\"potentialAction\":[{\"@type\":\"SearchAction\",\"target\":{\"@type\":\"EntryPoint\",\"urlTemplate\":\"https:\\\/\\\/escolhelab.com.br\\\/?s={search_term_string}\"},\"query-input\":{\"@type\":\"PropertyValueSpecification\",\"valueRequired\":true,\"valueName\":\"search_term_string\"}}],\"inLanguage\":\"en-US\"},{\"@type\":\"Organization\",\"@id\":\"https:\\\/\\\/escolhelab.com.br\\\/#organization\",\"name\":\"loja escolhelab\",\"alternateName\":\"escolhelab\",\"url\":\"https:\\\/\\\/escolhelab.com.br\\\/\",\"logo\":{\"@type\":\"ImageObject\",\"inLanguage\":\"en-US\",\"@id\":\"https:\\\/\\\/escolhelab.com.br\\\/#\\\/schema\\\/logo\\\/image\\\/\",\"url\":\"https:\\\/\\\/escolhelab.com.br\\\/wp-content\\\/uploads\\\/2024\\\/12\\\/icone-e-512-512escolhelab-com-br-2-800x800.png\",\"contentUrl\":\"https:\\\/\\\/escolhelab.com.br\\\/wp-content\\\/uploads\\\/2024\\\/12\\\/icone-e-512-512escolhelab-com-br-2-800x800.png\",\"width\":800,\"height\":800,\"caption\":\"loja escolhelab\"},\"image\":{\"@id\":\"https:\\\/\\\/escolhelab.com.br\\\/#\\\/schema\\\/logo\\\/image\\\/\"}}]}<\/script>\n<!-- \/ Yoast SEO Premium plugin. -->","yoast_head_json":{"title":"Esp\u00e1tula em inox com cabo de PP","description":"\u00c9 um instrumento essencial para trabalhos em laborat\u00f3rios qu\u00edmicos e em experi\u00eancias escolares. Suas principais caracter\u00edsticas inclue","robots":{"index":"index","follow":"follow","max-snippet":"max-snippet:-1","max-image-preview":"max-image-preview:large","max-video-preview":"max-video-preview:-1"},"canonical":"https:\/\/escolhelab.com.br\/en\/espatula-em-inox-com-cabo-de-pp\/","og_locale":"en_US","og_type":"article","og_title":"Esp\u00e1tula em inox com cabo de PP","og_description":"\u00c9 um instrumento essencial para trabalhos em laborat\u00f3rios qu\u00edmicos e em experi\u00eancias escolares. Suas principais caracter\u00edsticas inclue","og_url":"https:\/\/escolhelab.com.br\/en\/espatula-em-inox-com-cabo-de-pp\/","og_site_name":"Loja de produtos para laboratorio","article_modified_time":"2026-04-10T21:00:37+00:00","og_image":[{"width":700,"height":800,"url":"https:\/\/escolhelab.com.br\/wp-content\/uploads\/2026\/04\/espatula-em-inox-com-cabo-de-pp-escolhelab-com-br.png","type":"image\/png"}],"twitter_card":"summary_large_image","twitter_misc":{"Est. reading time":"1 minute"},"schema":{"@context":"https:\/\/schema.org","@graph":[{"@type":"WebPage","@id":"https:\/\/escolhelab.com.br\/espatula-em-inox-com-cabo-de-pp\/","url":"https:\/\/escolhelab.com.br\/espatula-em-inox-com-cabo-de-pp\/","name":"Esp\u00e1tula em inox com cabo de PP","isPartOf":{"@id":"https:\/\/escolhelab.com.br\/#website"},"primaryImageOfPage":{"@id":"https:\/\/escolhelab.com.br\/espatula-em-inox-com-cabo-de-pp\/#primaryimage"},"image":{"@id":"https:\/\/escolhelab.com.br\/espatula-em-inox-com-cabo-de-pp\/#primaryimage"},"thumbnailUrl":"https:\/\/escolhelab.com.br\/wp-content\/uploads\/2026\/04\/espatula-em-inox-com-cabo-de-pp-escolhelab-com-br.png","datePublished":"2026-04-10T20:16:12+00:00","dateModified":"2026-04-10T21:00:37+00:00","description":"\u00c9 um instrumento essencial para trabalhos em laborat\u00f3rios qu\u00edmicos e em experi\u00eancias escolares. Suas principais caracter\u00edsticas inclue","breadcrumb":{"@id":"https:\/\/escolhelab.com.br\/espatula-em-inox-com-cabo-de-pp\/#breadcrumb"},"inLanguage":"en-US","potentialAction":[{"@type":"ReadAction","target":["https:\/\/escolhelab.com.br\/espatula-em-inox-com-cabo-de-pp\/"]}]},{"@type":"ImageObject","inLanguage":"en-US","@id":"https:\/\/escolhelab.com.br\/espatula-em-inox-com-cabo-de-pp\/#primaryimage","url":"https:\/\/escolhelab.com.br\/wp-content\/uploads\/2026\/04\/espatula-em-inox-com-cabo-de-pp-escolhelab-com-br.png","contentUrl":"https:\/\/escolhelab.com.br\/wp-content\/uploads\/2026\/04\/espatula-em-inox-com-cabo-de-pp-escolhelab-com-br.png","width":700,"height":800},{"@type":"BreadcrumbList","@id":"https:\/\/escolhelab.com.br\/espatula-em-inox-com-cabo-de-pp\/#breadcrumb","itemListElement":[{"@type":"ListItem","position":1,"name":"In\u00edcio","item":"https:\/\/escolhelab.com.br\/"},{"@type":"ListItem","position":2,"name":"loja","item":"https:\/\/escolhelab.com.br\/loja\/"},{"@type":"ListItem","position":3,"name":"Esp\u00e1tula em inox com cabo de PP"}]},{"@type":"WebSite","@id":"https:\/\/escolhelab.com.br\/#website","url":"https:\/\/escolhelab.com.br\/","name":"Loja de produtos para laboratorio","description":"Produtos para Laborat\u00f3rio,Artigos e outros na loja do quimico","publisher":{"@id":"https:\/\/escolhelab.com.br\/#organization"},"alternateName":"escolhelab","potentialAction":[{"@type":"SearchAction","target":{"@type":"EntryPoint","urlTemplate":"https:\/\/escolhelab.com.br\/?s={search_term_string}"},"query-input":{"@type":"PropertyValueSpecification","valueRequired":true,"valueName":"search_term_string"}}],"inLanguage":"en-US"},{"@type":"Organization","@id":"https:\/\/escolhelab.com.br\/#organization","name":"loja escolhelab","alternateName":"escolhelab","url":"https:\/\/escolhelab.com.br\/","logo":{"@type":"ImageObject","inLanguage":"en-US","@id":"https:\/\/escolhelab.com.br\/#\/schema\/logo\/image\/","url":"https:\/\/escolhelab.com.br\/wp-content\/uploads\/2024\/12\/icone-e-512-512escolhelab-com-br-2-800x800.png","contentUrl":"https:\/\/escolhelab.com.br\/wp-content\/uploads\/2024\/12\/icone-e-512-512escolhelab-com-br-2-800x800.png","width":800,"height":800,"caption":"loja escolhelab"},"image":{"@id":"https:\/\/escolhelab.com.br\/#\/schema\/logo\/image\/"}}]}},"tiered_pricing_type":"fixed","tiered_pricing_fixed_rules":[],"tiered_pricing_product_settings":{"layout":"default","base_unit_name":{"singular":null,"plural":null},"default_variation":null},"tiered_pricing_minimum_quantity":null,"tiered_pricing_roles_data":[],"tiered_pricing_percentage_rules":[],"tiered_pricing_maximum_quantity":null,"tiered_pricing_quantity_step":null,"_links":{"self":[{"href":"https:\/\/escolhelab.com.br\/en\/wp-json\/wp\/v2\/product\/43727","targetHints":{"allow":["GET"]}}],"collection":[{"href":"https:\/\/escolhelab.com.br\/en\/wp-json\/wp\/v2\/product"}],"about":[{"href":"https:\/\/escolhelab.com.br\/en\/wp-json\/wp\/v2\/types\/product"}],"replies":[{"embeddable":true,"href":"https:\/\/escolhelab.com.br\/en\/wp-json\/wp\/v2\/comments?post=43727"}],"version-history":[{"count":0,"href":"https:\/\/escolhelab.com.br\/en\/wp-json\/wp\/v2\/product\/43727\/revisions"}],"wp:featuredmedia":[{"embeddable":true,"href":"https:\/\/escolhelab.com.br\/en\/wp-json\/wp\/v2\/media\/43729"}],"wp:attachment":[{"href":"https:\/\/escolhelab.com.br\/en\/wp-json\/wp\/v2\/media?parent=43727"}],"wp:term":[{"taxonomy":"product_brand","embeddable":true,"href":"https:\/\/escolhelab.com.br\/en\/wp-json\/wp\/v2\/product_brand?post=43727"},{"taxonomy":"product_cat","embeddable":true,"href":"https:\/\/escolhelab.com.br\/en\/wp-json\/wp\/v2\/product_cat?post=43727"},{"taxonomy":"product_tag","embeddable":true,"href":"https:\/\/escolhelab.com.br\/en\/wp-json\/wp\/v2\/product_tag?post=43727"}],"curies":[{"name":"wp","href":"https:\/\/api.w.org\/{rel}","templated":true}]}}