{"id":43838,"date":"2026-04-17T16:01:03","date_gmt":"2026-04-17T19:01:03","guid":{"rendered":"https:\/\/escolhelab.com.br\/?post_type=product&#038;p=43838"},"modified":"2026-04-17T16:09:55","modified_gmt":"2026-04-17T19:09:55","slug":"pipetador-automatico-dlab-levo-plus","status":"publish","type":"product","link":"https:\/\/escolhelab.com.br\/en\/pipetador-automatico-dlab-levo-plus\/","title":{"rendered":"Pipetador Autom\u00e1tico DLAB Levo Plus"},"content":{"rendered":"<h2 class=\"my-[25.6px] text-primary-black font-bold text-sm md2:text-lg md2:leading-[27px]\"><span style=\"font-size: 12pt;\">PIPETADOR AUTOMATICO DLAB LEVO PLUS<\/span><\/h2>\n<p class=\"my-[25.6px] text-primary-black font-bold text-sm md2:text-lg md2:leading-[27px]\">PIPETADOR AUTOMATICO DLAB LEVO PLUS com <span style=\"font-size: 12pt;\"><strong>\u00a0Bateria Recarreg\u00e1vel e Velocidade Ajust\u00e1vel<\/strong><\/span><\/p>\n<p class=\"my-[25.6px] text-primary-black font-bold text-sm md2:text-lg md2:leading-[27px]\">O Levo Plus \u00e9 a solu\u00e7\u00e3o ideal para quem busca praticidade, ergonomia e desempenho em tarefas de pipetagem. Compat\u00edvel com pipetas sorol\u00f3gicas de vidro ou pl\u00e1stico (1 a 100 mL), permite aspira\u00e7\u00e3o e dispensa\u00e7\u00e3o com controle de velocidade intuitivo, por motor ou gravidade.<\/p>\n<p>Com design leve e confort\u00e1vel, evita fadiga durante o uso prolongado. Possui tela LCD que exibe o n\u00edvel da bateria e a velocidade selecionada. O motor potente e silencioso permite encher uma pipeta de 25 mL em menos de 5 segundos.<\/p>\n<p><strong>Caracter\u00edsticas<\/strong><br \/>\n\u2022 Velocidade intuitiva e conveniente com n\u00edveis ajust\u00e1veis.<br \/>\n\u2022 Pipetador autom\u00e1tico compat\u00edvel com <strong>pipetas sorol\u00f3gicas de vidro ou pl\u00e1stico (0,1 &#8211; 100 ml).<\/strong><br \/>\n\u2022 Design ergon\u00f4mico para pipetagem eficaz e sem fadiga.<br \/>\n\u2022 Visor em LCD exibe o status da bateria e a velocidade de pipetagem.<br \/>\n\u2022 Motor e bomba silenciosos e potentes que preenchem uma pipeta de 100 ml em menos de 10 segundos.<br \/>\n\u2022 Bateria de \u00edons de l\u00edtio de longa dura\u00e7\u00e3o.<\/p>\n","protected":false},"excerpt":{"rendered":"<p>O Levo Plus \u00e9 a solu\u00e7\u00e3o ideal para quem busca praticidade, ergonomia e desempenho em tarefas de pipetagem. Compat\u00edvel com pipetas sorol\u00f3gicas de vidro ou pl\u00e1stico (1 a 100 mL), permite aspira\u00e7\u00e3o e dispensa\u00e7\u00e3o com controle de velocidade intuitivo, por motor ou gravidade.<\/p>","protected":false},"featured_media":43839,"comment_status":"closed","ping_status":"closed","template":"","meta":{"_acf_changed":false,"iawp_total_views":0},"product_brand":[],"product_cat":[733,606],"product_tag":[],"class_list":{"0":"post-43838","1":"product","2":"type-product","3":"status-publish","4":"has-post-thumbnail","6":"product_cat-equipamento-laboratorio","7":"product_cat-quimico","9":"first","10":"instock","11":"sale","12":"shipping-taxable","13":"purchasable","14":"product-type-simple"},"acf":[],"yoast_head":"<!-- This site is optimized with the Yoast SEO Premium plugin v26.2 (Yoast SEO v27.4) - https:\/\/yoast.com\/product\/yoast-seo-premium-wordpress\/ -->\n<title>Pipetador Autom\u00e1tico DLAB Levo Plus<\/title>\n<meta name=\"description\" content=\"O Levo Plus \u00e9 a solu\u00e7\u00e3o ideal para quem busca praticidade, ergonomia e desempenho em tarefas de pipetagem. Compat\u00edvel com pipetas sorol\u00f3gicas de vidro...\" \/>\n<meta name=\"robots\" content=\"index, follow, max-snippet:-1, max-image-preview:large, max-video-preview:-1\" \/>\n<link rel=\"canonical\" href=\"https:\/\/escolhelab.com.br\/en\/pipetador-automatico-dlab-levo-plus\/\" \/>\n<meta property=\"og:locale\" content=\"en_US\" \/>\n<meta property=\"og:type\" content=\"article\" \/>\n<meta property=\"og:title\" content=\"Pipetador Autom\u00e1tico DLAB Levo Plus\" \/>\n<meta property=\"og:description\" content=\"O Levo Plus \u00e9 a solu\u00e7\u00e3o ideal para quem busca praticidade, ergonomia e desempenho em tarefas de pipetagem. Compat\u00edvel com pipetas sorol\u00f3gicas de vidro...\" \/>\n<meta property=\"og:url\" content=\"https:\/\/escolhelab.com.br\/en\/pipetador-automatico-dlab-levo-plus\/\" \/>\n<meta property=\"og:site_name\" content=\"Loja de produtos para laboratorio\" \/>\n<meta property=\"article:modified_time\" content=\"2026-04-17T19:09:55+00:00\" \/>\n<meta property=\"og:image\" content=\"https:\/\/escolhelab.com.br\/wp-content\/uploads\/2026\/04\/pipetador-automatico-dlab-levo-plus-escolhelab-com-br.webp\" \/>\n\t<meta property=\"og:image:width\" content=\"700\" \/>\n\t<meta property=\"og:image:height\" content=\"800\" \/>\n\t<meta property=\"og:image:type\" content=\"image\/webp\" \/>\n<meta name=\"twitter:card\" content=\"summary_large_image\" \/>\n<meta name=\"twitter:label1\" content=\"Est. reading time\" \/>\n\t<meta name=\"twitter:data1\" content=\"2 minutes\" \/>\n<script type=\"application\/ld+json\" class=\"yoast-schema-graph\">{\"@context\":\"https:\\\/\\\/schema.org\",\"@graph\":[{\"@type\":\"WebPage\",\"@id\":\"https:\\\/\\\/escolhelab.com.br\\\/pipetador-automatico-dlab-levo-plus\\\/\",\"url\":\"https:\\\/\\\/escolhelab.com.br\\\/pipetador-automatico-dlab-levo-plus\\\/\",\"name\":\"Pipetador Autom\u00e1tico DLAB Levo Plus\",\"isPartOf\":{\"@id\":\"https:\\\/\\\/escolhelab.com.br\\\/#website\"},\"primaryImageOfPage\":{\"@id\":\"https:\\\/\\\/escolhelab.com.br\\\/pipetador-automatico-dlab-levo-plus\\\/#primaryimage\"},\"image\":{\"@id\":\"https:\\\/\\\/escolhelab.com.br\\\/pipetador-automatico-dlab-levo-plus\\\/#primaryimage\"},\"thumbnailUrl\":\"https:\\\/\\\/escolhelab.com.br\\\/wp-content\\\/uploads\\\/2026\\\/04\\\/pipetador-automatico-dlab-levo-plus-escolhelab-com-br.webp\",\"datePublished\":\"2026-04-17T19:01:03+00:00\",\"dateModified\":\"2026-04-17T19:09:55+00:00\",\"description\":\"O Levo Plus \u00e9 a solu\u00e7\u00e3o ideal para quem busca praticidade, ergonomia e desempenho em tarefas de pipetagem. Compat\u00edvel com pipetas sorol\u00f3gicas de vidro...\",\"breadcrumb\":{\"@id\":\"https:\\\/\\\/escolhelab.com.br\\\/pipetador-automatico-dlab-levo-plus\\\/#breadcrumb\"},\"inLanguage\":\"en-US\",\"potentialAction\":[{\"@type\":\"ReadAction\",\"target\":[\"https:\\\/\\\/escolhelab.com.br\\\/pipetador-automatico-dlab-levo-plus\\\/\"]}]},{\"@type\":\"ImageObject\",\"inLanguage\":\"en-US\",\"@id\":\"https:\\\/\\\/escolhelab.com.br\\\/pipetador-automatico-dlab-levo-plus\\\/#primaryimage\",\"url\":\"https:\\\/\\\/escolhelab.com.br\\\/wp-content\\\/uploads\\\/2026\\\/04\\\/pipetador-automatico-dlab-levo-plus-escolhelab-com-br.webp\",\"contentUrl\":\"https:\\\/\\\/escolhelab.com.br\\\/wp-content\\\/uploads\\\/2026\\\/04\\\/pipetador-automatico-dlab-levo-plus-escolhelab-com-br.webp\",\"width\":700,\"height\":800},{\"@type\":\"BreadcrumbList\",\"@id\":\"https:\\\/\\\/escolhelab.com.br\\\/pipetador-automatico-dlab-levo-plus\\\/#breadcrumb\",\"itemListElement\":[{\"@type\":\"ListItem\",\"position\":1,\"name\":\"In\u00edcio\",\"item\":\"https:\\\/\\\/escolhelab.com.br\\\/\"},{\"@type\":\"ListItem\",\"position\":2,\"name\":\"loja\",\"item\":\"https:\\\/\\\/escolhelab.com.br\\\/loja\\\/\"},{\"@type\":\"ListItem\",\"position\":3,\"name\":\"Pipetador Autom\u00e1tico DLAB Levo Plus\"}]},{\"@type\":\"WebSite\",\"@id\":\"https:\\\/\\\/escolhelab.com.br\\\/#website\",\"url\":\"https:\\\/\\\/escolhelab.com.br\\\/\",\"name\":\"Loja de produtos para laboratorio\",\"description\":\"Produtos para Laborat\u00f3rio,Artigos e outros na loja do quimico\",\"publisher\":{\"@id\":\"https:\\\/\\\/escolhelab.com.br\\\/#organization\"},\"alternateName\":\"escolhelab\",\"potentialAction\":[{\"@type\":\"SearchAction\",\"target\":{\"@type\":\"EntryPoint\",\"urlTemplate\":\"https:\\\/\\\/escolhelab.com.br\\\/?s={search_term_string}\"},\"query-input\":{\"@type\":\"PropertyValueSpecification\",\"valueRequired\":true,\"valueName\":\"search_term_string\"}}],\"inLanguage\":\"en-US\"},{\"@type\":\"Organization\",\"@id\":\"https:\\\/\\\/escolhelab.com.br\\\/#organization\",\"name\":\"loja escolhelab\",\"alternateName\":\"escolhelab\",\"url\":\"https:\\\/\\\/escolhelab.com.br\\\/\",\"logo\":{\"@type\":\"ImageObject\",\"inLanguage\":\"en-US\",\"@id\":\"https:\\\/\\\/escolhelab.com.br\\\/#\\\/schema\\\/logo\\\/image\\\/\",\"url\":\"https:\\\/\\\/escolhelab.com.br\\\/wp-content\\\/uploads\\\/2024\\\/12\\\/icone-e-512-512escolhelab-com-br-2-800x800.png\",\"contentUrl\":\"https:\\\/\\\/escolhelab.com.br\\\/wp-content\\\/uploads\\\/2024\\\/12\\\/icone-e-512-512escolhelab-com-br-2-800x800.png\",\"width\":800,\"height\":800,\"caption\":\"loja escolhelab\"},\"image\":{\"@id\":\"https:\\\/\\\/escolhelab.com.br\\\/#\\\/schema\\\/logo\\\/image\\\/\"}}]}<\/script>\n<!-- \/ Yoast SEO Premium plugin. -->","yoast_head_json":{"title":"Pipetador Autom\u00e1tico DLAB Levo Plus","description":"O Levo Plus \u00e9 a solu\u00e7\u00e3o ideal para quem busca praticidade, ergonomia e desempenho em tarefas de pipetagem. Compat\u00edvel com pipetas sorol\u00f3gicas de vidro...","robots":{"index":"index","follow":"follow","max-snippet":"max-snippet:-1","max-image-preview":"max-image-preview:large","max-video-preview":"max-video-preview:-1"},"canonical":"https:\/\/escolhelab.com.br\/en\/pipetador-automatico-dlab-levo-plus\/","og_locale":"en_US","og_type":"article","og_title":"Pipetador Autom\u00e1tico DLAB Levo Plus","og_description":"O Levo Plus \u00e9 a solu\u00e7\u00e3o ideal para quem busca praticidade, ergonomia e desempenho em tarefas de pipetagem. Compat\u00edvel com pipetas sorol\u00f3gicas de vidro...","og_url":"https:\/\/escolhelab.com.br\/en\/pipetador-automatico-dlab-levo-plus\/","og_site_name":"Loja de produtos para laboratorio","article_modified_time":"2026-04-17T19:09:55+00:00","og_image":[{"width":700,"height":800,"url":"https:\/\/escolhelab.com.br\/wp-content\/uploads\/2026\/04\/pipetador-automatico-dlab-levo-plus-escolhelab-com-br.webp","type":"image\/webp"}],"twitter_card":"summary_large_image","twitter_misc":{"Est. reading time":"2 minutes"},"schema":{"@context":"https:\/\/schema.org","@graph":[{"@type":"WebPage","@id":"https:\/\/escolhelab.com.br\/pipetador-automatico-dlab-levo-plus\/","url":"https:\/\/escolhelab.com.br\/pipetador-automatico-dlab-levo-plus\/","name":"Pipetador Autom\u00e1tico DLAB Levo Plus","isPartOf":{"@id":"https:\/\/escolhelab.com.br\/#website"},"primaryImageOfPage":{"@id":"https:\/\/escolhelab.com.br\/pipetador-automatico-dlab-levo-plus\/#primaryimage"},"image":{"@id":"https:\/\/escolhelab.com.br\/pipetador-automatico-dlab-levo-plus\/#primaryimage"},"thumbnailUrl":"https:\/\/escolhelab.com.br\/wp-content\/uploads\/2026\/04\/pipetador-automatico-dlab-levo-plus-escolhelab-com-br.webp","datePublished":"2026-04-17T19:01:03+00:00","dateModified":"2026-04-17T19:09:55+00:00","description":"O Levo Plus \u00e9 a solu\u00e7\u00e3o ideal para quem busca praticidade, ergonomia e desempenho em tarefas de pipetagem. Compat\u00edvel com pipetas sorol\u00f3gicas de vidro...","breadcrumb":{"@id":"https:\/\/escolhelab.com.br\/pipetador-automatico-dlab-levo-plus\/#breadcrumb"},"inLanguage":"en-US","potentialAction":[{"@type":"ReadAction","target":["https:\/\/escolhelab.com.br\/pipetador-automatico-dlab-levo-plus\/"]}]},{"@type":"ImageObject","inLanguage":"en-US","@id":"https:\/\/escolhelab.com.br\/pipetador-automatico-dlab-levo-plus\/#primaryimage","url":"https:\/\/escolhelab.com.br\/wp-content\/uploads\/2026\/04\/pipetador-automatico-dlab-levo-plus-escolhelab-com-br.webp","contentUrl":"https:\/\/escolhelab.com.br\/wp-content\/uploads\/2026\/04\/pipetador-automatico-dlab-levo-plus-escolhelab-com-br.webp","width":700,"height":800},{"@type":"BreadcrumbList","@id":"https:\/\/escolhelab.com.br\/pipetador-automatico-dlab-levo-plus\/#breadcrumb","itemListElement":[{"@type":"ListItem","position":1,"name":"In\u00edcio","item":"https:\/\/escolhelab.com.br\/"},{"@type":"ListItem","position":2,"name":"loja","item":"https:\/\/escolhelab.com.br\/loja\/"},{"@type":"ListItem","position":3,"name":"Pipetador Autom\u00e1tico DLAB Levo Plus"}]},{"@type":"WebSite","@id":"https:\/\/escolhelab.com.br\/#website","url":"https:\/\/escolhelab.com.br\/","name":"Loja de produtos para laboratorio","description":"Produtos para Laborat\u00f3rio,Artigos e outros na loja do quimico","publisher":{"@id":"https:\/\/escolhelab.com.br\/#organization"},"alternateName":"escolhelab","potentialAction":[{"@type":"SearchAction","target":{"@type":"EntryPoint","urlTemplate":"https:\/\/escolhelab.com.br\/?s={search_term_string}"},"query-input":{"@type":"PropertyValueSpecification","valueRequired":true,"valueName":"search_term_string"}}],"inLanguage":"en-US"},{"@type":"Organization","@id":"https:\/\/escolhelab.com.br\/#organization","name":"loja escolhelab","alternateName":"escolhelab","url":"https:\/\/escolhelab.com.br\/","logo":{"@type":"ImageObject","inLanguage":"en-US","@id":"https:\/\/escolhelab.com.br\/#\/schema\/logo\/image\/","url":"https:\/\/escolhelab.com.br\/wp-content\/uploads\/2024\/12\/icone-e-512-512escolhelab-com-br-2-800x800.png","contentUrl":"https:\/\/escolhelab.com.br\/wp-content\/uploads\/2024\/12\/icone-e-512-512escolhelab-com-br-2-800x800.png","width":800,"height":800,"caption":"loja escolhelab"},"image":{"@id":"https:\/\/escolhelab.com.br\/#\/schema\/logo\/image\/"}}]}},"tiered_pricing_type":"percentage","tiered_pricing_fixed_rules":[],"tiered_pricing_product_settings":{"layout":"default","base_unit_name":{"singular":null,"plural":null},"default_variation":null},"tiered_pricing_minimum_quantity":null,"tiered_pricing_roles_data":[],"tiered_pricing_percentage_rules":{"2":"2","3":"3"},"tiered_pricing_maximum_quantity":null,"tiered_pricing_quantity_step":null,"_links":{"self":[{"href":"https:\/\/escolhelab.com.br\/en\/wp-json\/wp\/v2\/product\/43838","targetHints":{"allow":["GET"]}}],"collection":[{"href":"https:\/\/escolhelab.com.br\/en\/wp-json\/wp\/v2\/product"}],"about":[{"href":"https:\/\/escolhelab.com.br\/en\/wp-json\/wp\/v2\/types\/product"}],"replies":[{"embeddable":true,"href":"https:\/\/escolhelab.com.br\/en\/wp-json\/wp\/v2\/comments?post=43838"}],"version-history":[{"count":1,"href":"https:\/\/escolhelab.com.br\/en\/wp-json\/wp\/v2\/product\/43838\/revisions"}],"predecessor-version":[{"id":43840,"href":"https:\/\/escolhelab.com.br\/en\/wp-json\/wp\/v2\/product\/43838\/revisions\/43840"}],"wp:featuredmedia":[{"embeddable":true,"href":"https:\/\/escolhelab.com.br\/en\/wp-json\/wp\/v2\/media\/43839"}],"wp:attachment":[{"href":"https:\/\/escolhelab.com.br\/en\/wp-json\/wp\/v2\/media?parent=43838"}],"wp:term":[{"taxonomy":"product_brand","embeddable":true,"href":"https:\/\/escolhelab.com.br\/en\/wp-json\/wp\/v2\/product_brand?post=43838"},{"taxonomy":"product_cat","embeddable":true,"href":"https:\/\/escolhelab.com.br\/en\/wp-json\/wp\/v2\/product_cat?post=43838"},{"taxonomy":"product_tag","embeddable":true,"href":"https:\/\/escolhelab.com.br\/en\/wp-json\/wp\/v2\/product_tag?post=43838"}],"curies":[{"name":"wp","href":"https:\/\/api.w.org\/{rel}","templated":true}]}}